{"id":154968,"date":"2024-06-18T17:55:27","date_gmt":"2024-06-18T15:55:27","guid":{"rendered":"http:\/\/localhost:8888\/test\/?page_id=532"},"modified":"2025-11-18T08:29:30","modified_gmt":"2025-11-18T07:29:30","slug":"contact","status":"publish","type":"page","link":"https:\/\/pizbube.ch\/en\/contact\/","title":{"rendered":"Contact"},"content":{"rendered":"<figure class=\"wp-block-image size-full is-resized\"><a href=\"https:\/\/pizbube.ch\/wp-content\/uploads\/2024\/06\/DSC00672.jpg\"><img loading=\"lazy\" decoding=\"async\" width=\"1066\" height=\"800\" src=\"https:\/\/pizbube.ch\/wp-content\/uploads\/2024\/06\/DSC00672.jpg\" alt=\"\" class=\"wp-image-173445\" style=\"width:689px;height:auto\" srcset=\"https:\/\/pizbube.ch\/wp-content\/uploads\/2024\/06\/DSC00672.jpg 1066w, https:\/\/pizbube.ch\/wp-content\/uploads\/2024\/06\/DSC00672-533x400.jpg 533w, https:\/\/pizbube.ch\/wp-content\/uploads\/2024\/06\/DSC00672-768x576.jpg 768w, https:\/\/pizbube.ch\/wp-content\/uploads\/2024\/06\/DSC00672-16x12.jpg 16w, https:\/\/pizbube.ch\/wp-content\/uploads\/2024\/06\/DSC00672-510x383.jpg 510w\" sizes=\"auto, (max-width: 1066px) 100vw, 1066px\" \/><\/a><\/figure>\n\n\n\n<p style=\"font-size:16px\">We are happy to hear from you! <br>Please feel free to contact us by mail or phone with any queries or comments you may have. Feedback is always appreciated! <a>info@pizbube.ch<\/a>. <\/p>\n\n\n\n<p style=\"font-size:16px\">The PizBuBe shop is located in the city of Zurich and can be reached with a 10 minutes' walk from the main station. <br>Drinking an espresso or a glass of water, you can read through the books and guides on the sofa and dream of your next climbing holiday in southern France or a ski touring week in the Ortler region!<\/p>\n\n\n\n<div style=\"height:50px\" aria-hidden=\"true\" class=\"wp-block-spacer\"><\/div>\n\n\n\n<h2 class=\"wp-block-heading\" id=\"offnungszeiten\">Opening Hours<\/h2>\n\n\n\n<figure class=\"wp-block-table is-style-regular\"><table class=\"has-fixed-layout\"><tbody><tr><th class=\"has-text-align-left\" data-align=\"left\">Tuesday to Friday<\/th><td>10:00-13:00 | 14:00-18:30<\/td><\/tr><tr><th class=\"has-text-align-left\" data-align=\"left\">Saturday<\/th><td>10:00-15:45<\/td><\/tr><tr><th class=\"has-text-align-left\" data-align=\"left\">Sunday \/ Monday<\/th><td>closed<\/td><\/tr><\/tbody><\/table><\/figure>\n\n\n\n<p><br><\/p>\n\n\n\n<h2 class=\"wp-block-heading\" id=\"lageplan\">Lageplan<\/h2>\n\n\n\n<p style=\"font-size:16px\">From the train station Selnau in three minutes over the bridge, from the station Stauffacher (tramways 2, 3, 8, 9, 11 and 14) in one minute via B\u00e4ckerstreet\/ Rebgasse.<\/p>\n\n\n\n<p style=\"font-size:16px\">Oder ab Unterf\u00fchrung \/ Europaallee Hauptbahnhof entlang der Sihlpost und Kaserne zu Fuss in knapp 10 Minuten!<\/p>\n\n\n\n<p style=\"font-size:16px\">Piz Buch &amp; Berg<br>M\u00fcllerstrasse 25<br>CH 8004 Z\u00fcrich<br>+41 44 240 49 49<br>info@pizbube.ch<\/p>\n\n\n\n<div style=\"height:20px\" aria-hidden=\"true\" class=\"wp-block-spacer\"><\/div>\n\n\n<div id=\"wpgmza_map\" class=\"wpgmza_map\" data-settings='{\"id\":\"1\",\"map_title\":\"Piz Buch &amp; Berg\",\"map_width\":\"100\",\"map_height\":\"400\",\"map_start_lat\":\"47.3756107987642\",\"map_start_lng\":\"8.529778033292983\",\"map_start_location\":\"45.950464398418106,-109.81550500000003\",\"map_start_zoom\":\"16\",\"default_marker\":\"\",\"type\":\"0\",\"alignment\":\"4\",\"directions_enabled\":\"0\",\"styling_enabled\":\"0\",\"styling_json\":\"\",\"active\":\"0\",\"kml\":\"\",\"bicycle\":\"0\",\"traffic\":\"0\",\"dbox\":\"0\",\"dbox_width\":\"\",\"listmarkers\":\"0\",\"listmarkers_advanced\":\"0\",\"filterbycat\":\"0\",\"ugm_enabled\":\"0\",\"ugm_category_enabled\":\"0\",\"fusion\":\"\",\"map_width_type\":\"%\",\"map_height_type\":\"px\",\"mass_marker_support\":\"0\",\"ugm_access\":\"0\",\"order_markers_by\":\"0\",\"order_markers_choice\":\"0\",\"show_user_location\":\"0\",\"default_to\":\"\",\"other_settings\":{\"map_type\":1,\"sl_stroke_color\":\"\",\"sl_fill_color\":\"\",\"sl_stroke_opacity\":\"\",\"sl_fill_opacity\":\"\",\"transport_layer\":false,\"action\":\"wpgmza_save_map\",\"redirect_to\":\"\\\/wp-admin\\\/admin-post.php\",\"map_id\":\"1\",\"http_referer\":\"\\\/wp-admin\\\/admin.php?page=wp-google-maps-menu&amp;action=edit&amp;map_id=1\",\"wpgmza_id\":\"1\",\"wpgmza_start_location\":\"47.3756107987642,8.529778033292983\",\"wpgmza_start_zoom\":\"14\",\"store_locator_enabled\":false,\"store_locator_search_area\":\"radial\",\"wpgmza_store_locator_radius_style\":\"legacy\",\"wpgmza_store_locator_default_radius\":\"10\",\"store_locator_auto_area_max_zoom\":\"\",\"store_locator_distance\":false,\"wpgmza_store_locator_position\":false,\"wpgmza_store_locator_category_enabled\":false,\"wpgmza_store_locator_use_their_location\":false,\"wpgmza_store_locator_bounce\":false,\"wpgmza_sl_animation\":null,\"wpgmza_store_locator_hide_before_search\":false,\"wpgmza_store_locator_query_string\":\"\",\"wpgmza_store_locator_default_address\":\"\",\"wpgmza_store_locator_name_search\":false,\"wpgmza_store_locator_name_string\":\"\",\"wpgmza_store_locator_not_found_message\":\"\",\"wpgmza_map_align\":\"1\",\"jump_to_nearest_marker_on_initialization\":false,\"automatically_pan_to_users_location\":false,\"show_distance_from_location\":false,\"map_max_zoom\":\"21\",\"map_min_zoom\":\"0\",\"click_open_link\":false,\"fit_maps_bounds_to_markers\":false,\"fit_maps_bounds_to_markers_after_filtering\":false,\"hide_point_of_interest\":false,\"wpgmza_zoom_on_marker_click\":false,\"wpgmza_zoom_on_marker_click_slider\":\"\",\"close_infowindow_on_map_click\":false,\"disable_lightbox_images\":false,\"use_Raw_Jpeg_Coordinates\":false,\"polygon_labels\":false,\"wpgmza_kml\":\"\",\"enable_marker_ratings\":false,\"only_load_markers_within_viewport\":false,\"iw_primary_color\":\"\",\"iw_accent_color\":\"\",\"iw_text_color\":\"\",\"wpgmza_listmarkers_by\":\"0\",\"wpgmza_marker_listing_position\":false,\"datatable_no_result_message\":\"\",\"remove_search_box_datables\":false,\"dataTable_pagination_style\":null,\"datatable_search_string\":\"\",\"datatable_result_start\":\"\",\"datatable_result_of\":\"\",\"datatable_result_to\":\"\",\"datatable_result_total\":\"\",\"datatable_result_show\":\"\",\"datatable_result_entries\":\"\",\"wpgmza_savemap\":\"Save Map \\u00bb\"}}' data-map-id='1' data-maps-engine='open-layers' data-shortcode-attributes='{\"id\":\"1\"}' style=\"display:block; overflow:auto; width:100%; height:400px; float:left;\"><\/div>","protected":false},"excerpt":{"rendered":"<p>Wir freuen uns, von Ihnen zu h\u00f6ren. Rufen Sie uns an oder schreiben Sie uns eine E-Mail: info@pizbube.ch. Unser Laden liegt im Herzen von Z\u00fcrich und ist vom Hauptbahnhof zu Fuss in 10 Minuten erreichbar. Bei einem Espresso k\u00f6nnen Sie auf dem Sofa in den B\u00fcchern schm\u00f6kern und vom n\u00e4chsten Kletterurlaub in S\u00fcdfrankreich oder von [&#8230;]\n","protected":false},"author":1,"featured_media":173445,"parent":0,"menu_order":0,"comment_status":"closed","ping_status":"closed","template":"page-right-sidebar.php","meta":{"footnotes":""},"class_list":["post-154968","page","type-page","status-publish","has-post-thumbnail","hentry"],"_links":{"self":[{"href":"https:\/\/pizbube.ch\/en\/wp-json\/wp\/v2\/pages\/154968","targetHints":{"allow":["GET"]}}],"collection":[{"href":"https:\/\/pizbube.ch\/en\/wp-json\/wp\/v2\/pages"}],"about":[{"href":"https:\/\/pizbube.ch\/en\/wp-json\/wp\/v2\/types\/page"}],"author":[{"embeddable":true,"href":"https:\/\/pizbube.ch\/en\/wp-json\/wp\/v2\/users\/1"}],"replies":[{"embeddable":true,"href":"https:\/\/pizbube.ch\/en\/wp-json\/wp\/v2\/comments?post=154968"}],"version-history":[{"count":0,"href":"https:\/\/pizbube.ch\/en\/wp-json\/wp\/v2\/pages\/154968\/revisions"}],"wp:featuredmedia":[{"embeddable":true,"href":"https:\/\/pizbube.ch\/en\/wp-json\/wp\/v2\/media\/173445"}],"wp:attachment":[{"href":"https:\/\/pizbube.ch\/en\/wp-json\/wp\/v2\/media?parent=154968"}],"curies":[{"name":"wp","href":"https:\/\/api.w.org\/{rel}","templated":true}]}}