{"id":146042,"date":"2021-01-15T10:53:13","date_gmt":"2021-01-15T10:53:13","guid":{"rendered":"https:\/\/codengine3.ch\/?product=import-placeholder-for-200000"},"modified":"2025-08-13T08:51:59","modified_gmt":"2025-08-13T06:51:59","slug":"outdoor-kids","status":"publish","type":"product","link":"https:\/\/pizbube.ch\/en\/shop\/outdoor-kids\/","title":{"rendered":"Outdoor-Kids"},"content":{"rendered":"<p>Bushcraft und Abenteuer mit Kindern f\u00fcr jede Jahreszeit<\/p>\n<p>&#8211; Outdoor-Aktivit\u00e4ten und Abenteuer mit Kindern in der Natur: im Wald, in den<br \/>\nBergen, am Fluss oder auf dem See.<br \/>\n&#8211; Outdoor das ganze Jahr: Camping im Fr\u00fchling, Wandern im Sommer, Fahrrad<br \/>\nfahren im Herbst, Iglu bauen im Winter.<br \/>\n&#8211; Bushcraft im Wald und in den Bergen, Klettern, Kanu fahren, Trekking,<br \/>\nLagerfeuer machen, Schnitzen, Goldwaschen.<\/p>\n<p>Kinder lieben Outdoor-Abenteuer. Von einer Nacht im Garten vor der Haust\u00fcr bis<br \/>\nzum Iglubau in den Bergen, von der Mehrtagestour im Kanu auf See oder Fluss<br \/>\nbis zum H\u00fcttenbauen im Wald, von der Tierbeobachtung bis zum Lagerfeuer und<br \/>\nKochen im Erdloch. Draussen in der Natur werden alle ihre Sinne angeregt,<br \/>\npraktische F\u00e4higkeiten und k\u00f6rperliche Bewegung gef\u00f6rdert, sie werden<br \/>\nselbstsicherer und selbstst\u00e4ndiger.<\/p>\n<p>Das Buch zeigt anschaulich und praxiserprobt eine F\u00fclle von Ideen f\u00fcr<br \/>\nunvergessliche Outdoor-Erlebnisse mit Kindern zu jeder Jahreszeit. Mit<br \/>\nausf\u00fchrlichen Anleitungen, Tipps zu Ausr\u00fcstung und Sicherheit und allem<br \/>\nWissenswerten, damit der Aufenthalt draussen zu einem unvergesslichen Erlebnis<br \/>\nwird. Geeignet f\u00fcr Eltern, P\u00e4dagogen, Leiter von Jugendgruppen und f\u00fcr alle,<br \/>\ndie einfach gerne Zeit mit Kindern in der freien Natur verbringen.<\/p>","protected":false},"excerpt":{"rendered":"<p>Bushcraft und Abenteuer mit Kindern f\u00fcr jede Jahreszeit &#8211; Outdoor-Aktivit\u00e4ten und Abenteuer mit Kindern in der Natur: im Wald, in den Bergen, am Fluss oder auf dem See. &#8211; Outdoor das ganze Jahr: Camping im Fr\u00fchling, Wandern im Sommer, Fahrrad fahren im Herbst, Iglu bauen im Winter. &#8211; Bushcraft im Wald und in den Bergen, [&#8230;]\n","protected":false},"featured_media":25645,"template":"","meta":[],"product_brand":[],"product_cat":[21538],"product_tag":[],"class_list":{"0":"post-146042","1":"product","2":"type-product","3":"status-publish","4":"has-post-thumbnail","6":"product_cat-lehrbuecher","7":"pa_autor-laett","8":"pa_erscheinungsjahr-21546","9":"pa_region-orientierung-wetter-ausbildung","10":"pa_sprache-de","12":"first","13":"outofstock","14":"taxable","15":"shipping-taxable","16":"purchasable","17":"product-type-simple"},"_links":{"self":[{"href":"https:\/\/pizbube.ch\/en\/wp-json\/wp\/v2\/product\/146042","targetHints":{"allow":["GET"]}}],"collection":[{"href":"https:\/\/pizbube.ch\/en\/wp-json\/wp\/v2\/product"}],"about":[{"href":"https:\/\/pizbube.ch\/en\/wp-json\/wp\/v2\/types\/product"}],"wp:featuredmedia":[{"embeddable":true,"href":"https:\/\/pizbube.ch\/en\/wp-json\/wp\/v2\/media\/25645"}],"wp:attachment":[{"href":"https:\/\/pizbube.ch\/en\/wp-json\/wp\/v2\/media?parent=146042"}],"wp:term":[{"taxonomy":"product_brand","embeddable":true,"href":"https:\/\/pizbube.ch\/en\/wp-json\/wp\/v2\/product_brand?post=146042"},{"taxonomy":"product_cat","embeddable":true,"href":"https:\/\/pizbube.ch\/en\/wp-json\/wp\/v2\/product_cat?post=146042"},{"taxonomy":"product_tag","embeddable":true,"href":"https:\/\/pizbube.ch\/en\/wp-json\/wp\/v2\/product_tag?post=146042"}],"curies":[{"name":"wp","href":"https:\/\/api.w.org\/{rel}","templated":true}]}}