{"id":146043,"date":"2021-01-15T10:53:13","date_gmt":"2021-01-15T10:53:13","guid":{"rendered":"https:\/\/codengine3.ch\/?product=import-placeholder-for-206693"},"modified":"2021-01-15T14:50:52","modified_gmt":"2021-01-15T14:50:52","slug":"bergfloh-die-schoensten-berg-und-huettenwanderungen-mit-kindern-in-der-schweiz","status":"publish","type":"product","link":"https:\/\/pizbube.ch\/en\/shop\/bergfloh-die-schoensten-berg-und-huettenwanderungen-mit-kindern-in-der-schweiz\/","title":{"rendered":"Bergfloh &#8211; Die sch\u00f6nsten Berg- und H\u00fcttenwanderungen mit Kindern in der Schweiz"},"content":{"rendered":"<p>\nMit Spielvorschl\u00e4gen, Farbfotos, Routenskizzen und Serviceteil  <\/p>\n<p>Was Erwachsenen in den Bergen gef\u00e4llt, l\u00e4sst Kinder oft eher kalt. Wandern ist<br \/>\nf\u00fcr sie nicht per se sch\u00f6n. Trotzdem: Es gibt sie \u2013 die Wanderungen, die f\u00fcr<br \/>\nKinder spannend sind und bei denen Erwachsene doch nicht zu kurz kommen.<\/p>\n<p>Werner Hochrein und Remo Kundert stellen in diesem Buch 40 ein- oder<br \/>\nzweit\u00e4gige Touren vor, auf denen Berge mit H\u00e4nden und F\u00fc\u00dfen (be)greifbar<br \/>\nwerden, Seilbahnen den Aufstieg verk\u00fcrzen, Spielpl\u00e4tze am Wegrand warten und<br \/>\nam Ende eine gem\u00fctliche H\u00fctte lockt. Das Buch stellt zudem Spiele vor, mit<br \/>\ndenen sich allf\u00e4llige Durststrecken locker \u00fcberbr\u00fccken lassen.  <\/p>\n<p>F\u00fcr Kinder ab 6 Jahren.  <\/p>","protected":false},"excerpt":{"rendered":"<p>Mit Spielvorschl\u00e4gen, Farbfotos, Routenskizzen und Serviceteil Was Erwachsenen in den Bergen gef\u00e4llt, l\u00e4sst Kinder oft eher kalt. Wandern ist f\u00fcr sie nicht per se sch\u00f6n. Trotzdem: Es gibt sie \u2013 die Wanderungen, die f\u00fcr Kinder spannend sind und bei denen Erwachsene doch nicht zu kurz kommen. Werner Hochrein und Remo Kundert stellen in diesem Buch [&#8230;]\n","protected":false},"featured_media":35860,"template":"","meta":[],"product_brand":[],"product_cat":[21605],"product_tag":[],"class_list":{"0":"post-146043","1":"product","2":"type-product","3":"status-publish","4":"has-post-thumbnail","6":"product_cat-wanderfuehrer-trekking","7":"pa_autor-kundert-hochrein","8":"pa_erscheinungsjahr-21546","9":"pa_region-schweiz","10":"pa_sprache-de","12":"first","13":"instock","14":"taxable","15":"shipping-taxable","16":"purchasable","17":"product-type-simple"},"_links":{"self":[{"href":"https:\/\/pizbube.ch\/en\/wp-json\/wp\/v2\/product\/146043","targetHints":{"allow":["GET"]}}],"collection":[{"href":"https:\/\/pizbube.ch\/en\/wp-json\/wp\/v2\/product"}],"about":[{"href":"https:\/\/pizbube.ch\/en\/wp-json\/wp\/v2\/types\/product"}],"wp:featuredmedia":[{"embeddable":true,"href":"https:\/\/pizbube.ch\/en\/wp-json\/wp\/v2\/media\/35860"}],"wp:attachment":[{"href":"https:\/\/pizbube.ch\/en\/wp-json\/wp\/v2\/media?parent=146043"}],"wp:term":[{"taxonomy":"product_brand","embeddable":true,"href":"https:\/\/pizbube.ch\/en\/wp-json\/wp\/v2\/product_brand?post=146043"},{"taxonomy":"product_cat","embeddable":true,"href":"https:\/\/pizbube.ch\/en\/wp-json\/wp\/v2\/product_cat?post=146043"},{"taxonomy":"product_tag","embeddable":true,"href":"https:\/\/pizbube.ch\/en\/wp-json\/wp\/v2\/product_tag?post=146043"}],"curies":[{"name":"wp","href":"https:\/\/api.w.org\/{rel}","templated":true}]}}