{"id":146044,"date":"2021-01-15T10:53:13","date_gmt":"2021-01-15T10:53:13","guid":{"rendered":"https:\/\/codengine3.ch\/?product=import-placeholder-for-204517"},"modified":"2021-12-21T18:15:16","modified_gmt":"2021-12-21T17:15:16","slug":"skitouren-mit-kindern","status":"publish","type":"product","link":"https:\/\/pizbube.ch\/en\/shop\/skitouren-mit-kindern\/","title":{"rendered":"Skitouren mit Kindern"},"content":{"rendered":"<p>Tipps, Tricks und Routenvorschl\u00e4ge f\u00fcr Familienskitouren<\/p>\n<p>Skitouren mit Kindern &#8211; Tipps, Tricks und Routenvorschl\u00e4ge &#8211; Kinderskitouren<br \/>\nsind viel mehr als einfach nur kurze Genuss-Skitouren. Damit die ganze Familie<br \/>\nSpa\u00df hat, sollten die Routen ganz bestimmte Kriterien erf\u00fcllen &#8211; sie sollten<br \/>\nkindgerecht sein! Der Alpinjournalist und DAV-Fach\u00fcbungsleiter Bernhard<br \/>\nZiegler war die letzten Jahre mit seinen Kindern (und auch mit anderen<br \/>\nFamilien) auf Skitour und hat Routenvorschl\u00e4ge sowie viel Erfahrung gesammelt.<\/p>\n<p>Neben 25 Tourenvorschl\u00e4gen aus Bayern und dem angrenzenden Tirol (mit vielen<br \/>\nBildern) finden Sie in diesem Buch auch Tipps zu Motivation, Planung,<br \/>\nAusr\u00fcstung, Taktik, Sicherheit und der spielerischen Durchf\u00fchrung einer<br \/>\nSkitour. Und weil es der Kindermund h\u00e4ufig besser trifft, haben auch die<br \/>\nbeiden Kinder des Autors, Selina und Linus, die Routenbeschreibungen<br \/>\nkommentiert.<\/p>\n<p>Skitourengehen ist seine gro\u00dfe Leidenschaft. In diesem Bereich ist Ziegler<br \/>\nauch als Fach\u00fcbungsleiter f\u00fcr den Deutschen Alpenverein t\u00e4tig. Als Vater von<br \/>\nzwei Kindern (Linus und Selina) war es f\u00fcr ihn ein Herzenswunsch, mit der<br \/>\nganzen Familie auf Skitour zu gehen. Die Erfahrungen, die er dabei sammeln<br \/>\nkonnte, und die mit seiner Familie durchgef\u00fchrten Skitouren, sind Grundlage<br \/>\ndes Buches &#171;Skitouren mit Kindern&#187;.<\/p>","protected":false},"excerpt":{"rendered":"<p>Tipps, Tricks und Routenvorschl\u00e4ge f\u00fcr Familienskitouren Skitouren mit Kindern &#8211; Tipps, Tricks und Routenvorschl\u00e4ge &#8211; Kinderskitouren sind viel mehr als einfach nur kurze Genuss-Skitouren. Damit die ganze Familie Spa\u00df hat, sollten die Routen ganz bestimmte Kriterien erf\u00fcllen &#8211; sie sollten kindgerecht sein! Der Alpinjournalist und DAV-Fach\u00fcbungsleiter Bernhard Ziegler war die letzten Jahre mit seinen Kindern [&#8230;]\n","protected":false},"featured_media":32534,"template":"","meta":[],"product_brand":[],"product_cat":[21538],"product_tag":[],"class_list":{"0":"post-146044","1":"product","2":"type-product","3":"status-publish","4":"has-post-thumbnail","6":"product_cat-lehrbuecher","7":"pa_autor-ziegler","8":"pa_erscheinungsjahr-21568","9":"pa_region-alpin-winter","10":"pa_sprache-de","12":"first","13":"instock","14":"taxable","15":"shipping-taxable","16":"purchasable","17":"product-type-simple"},"_links":{"self":[{"href":"https:\/\/pizbube.ch\/en\/wp-json\/wp\/v2\/product\/146044","targetHints":{"allow":["GET"]}}],"collection":[{"href":"https:\/\/pizbube.ch\/en\/wp-json\/wp\/v2\/product"}],"about":[{"href":"https:\/\/pizbube.ch\/en\/wp-json\/wp\/v2\/types\/product"}],"wp:featuredmedia":[{"embeddable":true,"href":"https:\/\/pizbube.ch\/en\/wp-json\/wp\/v2\/media\/32534"}],"wp:attachment":[{"href":"https:\/\/pizbube.ch\/en\/wp-json\/wp\/v2\/media?parent=146044"}],"wp:term":[{"taxonomy":"product_brand","embeddable":true,"href":"https:\/\/pizbube.ch\/en\/wp-json\/wp\/v2\/product_brand?post=146044"},{"taxonomy":"product_cat","embeddable":true,"href":"https:\/\/pizbube.ch\/en\/wp-json\/wp\/v2\/product_cat?post=146044"},{"taxonomy":"product_tag","embeddable":true,"href":"https:\/\/pizbube.ch\/en\/wp-json\/wp\/v2\/product_tag?post=146044"}],"curies":[{"name":"wp","href":"https:\/\/api.w.org\/{rel}","templated":true}]}}