{"id":146045,"date":"2021-01-15T10:53:13","date_gmt":"2021-01-15T10:53:13","guid":{"rendered":"https:\/\/codengine3.ch\/?product=import-placeholder-for-200862"},"modified":"2021-01-15T11:01:33","modified_gmt":"2021-01-15T11:01:33","slug":"bergsteigen-mit-kindern","status":"publish","type":"product","link":"https:\/\/pizbube.ch\/en\/shop\/bergsteigen-mit-kindern\/","title":{"rendered":"Bergsteigen mit Kindern"},"content":{"rendered":"<p>Anleitungen f\u00fcr Eltern und f\u00fcr Kindern (2 B\u00fcchlein): Knotenlehre, Spielformen,<br \/>\nMotivationshilfen, methodisch- didaktische Anleitungen.  <\/p>\n<p>Wie klettert man richtig mit Kindern? Darauf wird in dieser Lehrschrift unter<br \/>\nfachkundiger Feder umfassend eingegangen. Mit vielen praktischen Anleitungen<br \/>\nund einer F\u00fclle an n\u00fctzlichem Wissen rund ums Familienbergsteigen! Weiteren<br \/>\nHauptzweck stellt das Vermitteln eines zweckm\u00e4ssigen und m\u00f6glichst gefahrlosen<br \/>\nVorgehens und Verhaltens von Kindern am Berg dar. Das Buch lebt au\u00dferdem von<br \/>\nden Grafiken und klaren Skizzen. Speziell die Begleitausgabe Anleitung f\u00fcr<br \/>\nKinder begeistert die Kids mit den witzigen und lehrreichen Cartoons. In ihr<br \/>\nfinden sich zudem eine Auswahl von Spielen, die bei langen H\u00fcttenabenden oder<br \/>\nbei ganz schlechtem Wetter ausprobiert werden k\u00f6nnen.<\/p>","protected":false},"excerpt":{"rendered":"<p>Anleitungen f\u00fcr Eltern und f\u00fcr Kindern (2 B\u00fcchlein): Knotenlehre, Spielformen, Motivationshilfen, methodisch- didaktische Anleitungen. Wie klettert man richtig mit Kindern? Darauf wird in dieser Lehrschrift unter fachkundiger Feder umfassend eingegangen. Mit vielen praktischen Anleitungen und einer F\u00fclle an n\u00fctzlichem Wissen rund ums Familienbergsteigen! Weiteren Hauptzweck stellt das Vermitteln eines zweckm\u00e4ssigen und m\u00f6glichst gefahrlosen Vorgehens und [&#8230;]\n","protected":false},"featured_media":27953,"template":"","meta":[],"product_brand":[],"product_cat":[21538],"product_tag":[],"class_list":{"0":"post-146045","1":"product","2":"type-product","3":"status-publish","4":"has-post-thumbnail","6":"product_cat-lehrbuecher","7":"pa_autor-meier","8":"pa_erscheinungsjahr-22112","9":"pa_region-alpin-sommer","10":"pa_sprache-de","12":"first","13":"outofstock","14":"taxable","15":"shipping-taxable","16":"purchasable","17":"product-type-simple"},"_links":{"self":[{"href":"https:\/\/pizbube.ch\/en\/wp-json\/wp\/v2\/product\/146045","targetHints":{"allow":["GET"]}}],"collection":[{"href":"https:\/\/pizbube.ch\/en\/wp-json\/wp\/v2\/product"}],"about":[{"href":"https:\/\/pizbube.ch\/en\/wp-json\/wp\/v2\/types\/product"}],"wp:featuredmedia":[{"embeddable":true,"href":"https:\/\/pizbube.ch\/en\/wp-json\/wp\/v2\/media\/27953"}],"wp:attachment":[{"href":"https:\/\/pizbube.ch\/en\/wp-json\/wp\/v2\/media?parent=146045"}],"wp:term":[{"taxonomy":"product_brand","embeddable":true,"href":"https:\/\/pizbube.ch\/en\/wp-json\/wp\/v2\/product_brand?post=146045"},{"taxonomy":"product_cat","embeddable":true,"href":"https:\/\/pizbube.ch\/en\/wp-json\/wp\/v2\/product_cat?post=146045"},{"taxonomy":"product_tag","embeddable":true,"href":"https:\/\/pizbube.ch\/en\/wp-json\/wp\/v2\/product_tag?post=146045"}],"curies":[{"name":"wp","href":"https:\/\/api.w.org\/{rel}","templated":true}]}}