{"id":146048,"date":"2021-01-15T10:53:13","date_gmt":"2021-01-15T10:53:13","guid":{"rendered":"https:\/\/codengine3.ch\/?product=import-placeholder-for-208313"},"modified":"2021-01-15T17:52:35","modified_gmt":"2021-01-15T17:52:35","slug":"erlebniswanderungen-schweiz","status":"publish","type":"product","link":"https:\/\/pizbube.ch\/en\/shop\/erlebniswanderungen-schweiz\/","title":{"rendered":"Erlebniswanderungen Schweiz"},"content":{"rendered":"<p>H\u00f6hlentouren, Wasserwege &#038; Gipfelspass mit Kindern und Jugendlichen<\/p>\n<p>Der Autor zeigt Wege auf, zu familienfreundlichen Bergh\u00fctten und<br \/>\nKindergerechten Klettersteigen.<br \/>\nEs geht in pr\u00e4historische H\u00f6hlen, auf aussichtsreiche Gipfel und \u00fcber luftige<br \/>\nLeitern und schmale Stege. 30 Touren in den verschiedenen Regionen der Schweiz<br \/>\nladen ein, den Rucksack zu packen \u2013 ob f\u00fcr eine Tagestour oder einen<br \/>\nWochenendausflug.<br \/>\nAlle Tourenbeschreibungen werden erg\u00e4nzt durch einen sorgf\u00e4ltig recherchierten<br \/>\nServiceteil und viele Extratipps.  <\/p>\n<p>372 Seiten, 14,4 x 21,5 cm, gebunden, Softcover<br \/>\nMit zahlreichen farbigen Abbildungen.<\/p>","protected":false},"excerpt":{"rendered":"<p>H\u00f6hlentouren, Wasserwege &#038; Gipfelspass mit Kindern und Jugendlichen Der Autor zeigt Wege auf, zu familienfreundlichen Bergh\u00fctten und Kindergerechten Klettersteigen. Es geht in pr\u00e4historische H\u00f6hlen, auf aussichtsreiche Gipfel und \u00fcber luftige Leitern und schmale Stege. 30 Touren in den verschiedenen Regionen der Schweiz laden ein, den Rucksack zu packen \u2013 ob f\u00fcr eine Tagestour oder einen [&#8230;]\n","protected":false},"featured_media":39955,"template":"","meta":[],"product_brand":[],"product_cat":[21605],"product_tag":[],"class_list":{"0":"post-146048","1":"product","2":"type-product","3":"status-publish","4":"has-post-thumbnail","6":"product_cat-wanderfuehrer-trekking","7":"pa_autor-ihle","8":"pa_erscheinungsjahr-21571","9":"pa_region-schweiz","10":"pa_sprache-de","12":"first","13":"instock","14":"taxable","15":"shipping-taxable","16":"purchasable","17":"product-type-simple"},"_links":{"self":[{"href":"https:\/\/pizbube.ch\/en\/wp-json\/wp\/v2\/product\/146048","targetHints":{"allow":["GET"]}}],"collection":[{"href":"https:\/\/pizbube.ch\/en\/wp-json\/wp\/v2\/product"}],"about":[{"href":"https:\/\/pizbube.ch\/en\/wp-json\/wp\/v2\/types\/product"}],"wp:featuredmedia":[{"embeddable":true,"href":"https:\/\/pizbube.ch\/en\/wp-json\/wp\/v2\/media\/39955"}],"wp:attachment":[{"href":"https:\/\/pizbube.ch\/en\/wp-json\/wp\/v2\/media?parent=146048"}],"wp:term":[{"taxonomy":"product_brand","embeddable":true,"href":"https:\/\/pizbube.ch\/en\/wp-json\/wp\/v2\/product_brand?post=146048"},{"taxonomy":"product_cat","embeddable":true,"href":"https:\/\/pizbube.ch\/en\/wp-json\/wp\/v2\/product_cat?post=146048"},{"taxonomy":"product_tag","embeddable":true,"href":"https:\/\/pizbube.ch\/en\/wp-json\/wp\/v2\/product_tag?post=146048"}],"curies":[{"name":"wp","href":"https:\/\/api.w.org\/{rel}","templated":true}]}}