{"id":146050,"date":"2021-01-15T10:53:13","date_gmt":"2021-01-15T10:53:13","guid":{"rendered":"https:\/\/codengine3.ch\/?product=import-placeholder-for-207765"},"modified":"2021-01-15T16:58:22","modified_gmt":"2021-01-15T16:58:22","slug":"frischluftkinder-schweiz-52-wanderungen-die-gross-und-klein-begeistern-werden","status":"publish","type":"product","link":"https:\/\/pizbube.ch\/en\/shop\/frischluftkinder-schweiz-52-wanderungen-die-gross-und-klein-begeistern-werden\/","title":{"rendered":"Frischluftkinder Schweiz &#8211; 52 Wanderungen, die Gross und Klein begeistern werden"},"content":{"rendered":"<p>\nDieser witzig gestaltete Wanderf\u00fchrer ist der perfekte Begleiter f\u00fcr Familien,<br \/>\ndie gerne mehr Zeit im Freien verbringen und das vielseitige Wanderland<br \/>\nSchweiz entdecken m\u00f6chten. Auf einfache und verspielte Weise werden die<br \/>\nn\u00f6tigen Grundkenntnisse f\u00fcr familienfreundliches Wandern vermittelt sowie jede<br \/>\nMenge Aktivit\u00e4ten angeboten, um Kinder und Eltern gl\u00fccklich zu machen. Mit<br \/>\ndiesen 52 wohldurchdachten Wanderungen brauchen Sie nur noch Ihre Wanderschuhe<br \/>\nzu schn\u00fcren und loszulaufen!<\/p>\n<p>Frischluftkinder Schweiz bietet:<\/p>\n<p>&#8211; 52 Wanderungen in der ganzen Schweiz, von Eltern f\u00fcr Familien erkundet<br \/>\n&#8211; Die M\u00f6glichkeit, mehr Zeit an der frischen Luft zu verbringen und besondere<br \/>\nMomente mit der Familie zu geniessen<br \/>\n&#8211; Inspiration, um Kindern die Sch\u00e4tze der Schweiz zu zeigen<br \/>\n&#8211; Mindestens eine besondere Aktivit\u00e4t pro Wanderung: Bauernhof,<br \/>\nSchlittelpiste, Schloss, Badestelle&#8230;<br \/>\n&#8211; Erprobte Kniffe, um Kinder zum Wandern zu bringen und die Familie bei Laune<br \/>\nzu halten<br \/>\n&#8211; Detaillierte Reiserouten und GPX-Daten f\u00fcr m\u00fcheloses Planen<br \/>\n&#8211; Praktische Informationen: Ausr\u00fcstung, N\u00e4he zu Spiel- und Picknickpl\u00e4tzen,<br \/>\nToiletten oder Zug\u00e4nglichkeit f\u00fcr Kinderwagen  <\/p>","protected":false},"excerpt":{"rendered":"<p>Dieser witzig gestaltete Wanderf\u00fchrer ist der perfekte Begleiter f\u00fcr Familien, die gerne mehr Zeit im Freien verbringen und das vielseitige Wanderland Schweiz entdecken m\u00f6chten. Auf einfache und verspielte Weise werden die n\u00f6tigen Grundkenntnisse f\u00fcr familienfreundliches Wandern vermittelt sowie jede Menge Aktivit\u00e4ten angeboten, um Kinder und Eltern gl\u00fccklich zu machen. Mit diesen 52 wohldurchdachten Wanderungen brauchen [&#8230;]\n","protected":false},"featured_media":38384,"template":"","meta":[],"product_brand":[],"product_cat":[21605],"product_tag":[],"class_list":{"0":"post-146050","1":"product","2":"type-product","3":"status-publish","4":"has-post-thumbnail","6":"product_cat-wanderfuehrer-trekking","7":"pa_autor-schoutens","8":"pa_erscheinungsjahr-21586","9":"pa_region-schweiz","10":"pa_sprache-de","12":"first","13":"instock","14":"taxable","15":"shipping-taxable","16":"purchasable","17":"product-type-simple"},"_links":{"self":[{"href":"https:\/\/pizbube.ch\/en\/wp-json\/wp\/v2\/product\/146050","targetHints":{"allow":["GET"]}}],"collection":[{"href":"https:\/\/pizbube.ch\/en\/wp-json\/wp\/v2\/product"}],"about":[{"href":"https:\/\/pizbube.ch\/en\/wp-json\/wp\/v2\/types\/product"}],"wp:featuredmedia":[{"embeddable":true,"href":"https:\/\/pizbube.ch\/en\/wp-json\/wp\/v2\/media\/38384"}],"wp:attachment":[{"href":"https:\/\/pizbube.ch\/en\/wp-json\/wp\/v2\/media?parent=146050"}],"wp:term":[{"taxonomy":"product_brand","embeddable":true,"href":"https:\/\/pizbube.ch\/en\/wp-json\/wp\/v2\/product_brand?post=146050"},{"taxonomy":"product_cat","embeddable":true,"href":"https:\/\/pizbube.ch\/en\/wp-json\/wp\/v2\/product_cat?post=146050"},{"taxonomy":"product_tag","embeddable":true,"href":"https:\/\/pizbube.ch\/en\/wp-json\/wp\/v2\/product_tag?post=146050"}],"curies":[{"name":"wp","href":"https:\/\/api.w.org\/{rel}","templated":true}]}}