{"id":146051,"date":"2021-01-15T10:53:13","date_gmt":"2021-01-15T10:53:13","guid":{"rendered":"https:\/\/codengine3.ch\/?product=import-placeholder-for-208306"},"modified":"2021-01-15T17:52:32","modified_gmt":"2021-01-15T17:52:32","slug":"mein-sohn-und-der-berg","status":"publish","type":"product","link":"https:\/\/pizbube.ch\/en\/shop\/mein-sohn-und-der-berg\/","title":{"rendered":"Mein Sohn und der Berg"},"content":{"rendered":"<p>Unser Abenteuer in Norwegens Natur<\/p>\n<p>August ist sieben Jahre alt, als sein Vater Torbj\u00f8rn Ekelund ihn erstmals auf<br \/>\neine gro\u00dfe Tour in die Natur mitnimmt. Mit Rucksack und Zelt laufen sie durch<br \/>\nmagische Kiefernw\u00e4lder und \u00fcber felsige Pfade. Ihr Ziel: der Gipfel des<br \/>\nStyggemann s\u00fcdwestlich von Oslo. Dabei folgen sie den Spuren eines kleinen<br \/>\nJungen, der 122 Jahre zuvor auf der Route verschwunden ist. Ekelund sucht nach<br \/>\neiner Erkl\u00e4rung, was damals passiert sein k\u00f6nnte.<\/p>\n<p>Gleichzeitig beobachtet er mit Neugier und Faszination, wie spielerisch sein<br \/>\nSohn sich durch die Landschaft bewegt und mit welcher Ausdauer er<br \/>\nHerausforderungen meistert. Ein ber\u00fchrender Text \u00fcber die Kompromisslosigkeit<br \/>\nder Elemente, unsere Verbundenheit mit ihnen und die besondere Beziehung<br \/>\nzwischen Vater und Sohn.  <\/p>\n<p>160 Seiten, Halbleinenband; mit zwanzig farbigen Abbildungen.  <\/p>","protected":false},"excerpt":{"rendered":"<p>Unser Abenteuer in Norwegens Natur August ist sieben Jahre alt, als sein Vater Torbj\u00f8rn Ekelund ihn erstmals auf eine gro\u00dfe Tour in die Natur mitnimmt. Mit Rucksack und Zelt laufen sie durch magische Kiefernw\u00e4lder und \u00fcber felsige Pfade. Ihr Ziel: der Gipfel des Styggemann s\u00fcdwestlich von Oslo. Dabei folgen sie den Spuren eines kleinen Jungen, [&#8230;]\n","protected":false},"featured_media":39948,"template":"","meta":[],"product_brand":[],"product_cat":[21542],"product_tag":[],"class_list":{"0":"post-146051","1":"product","2":"type-product","3":"status-publish","4":"has-post-thumbnail","6":"product_cat-sachbuecher-dokumentationen","7":"pa_autor-ekelund","8":"pa_erscheinungsjahr-21586","9":"pa_region-skandinavien-norwegen-schweden-finnland","10":"pa_sprache-de","12":"first","13":"instock","14":"taxable","15":"shipping-taxable","16":"purchasable","17":"product-type-simple"},"_links":{"self":[{"href":"https:\/\/pizbube.ch\/en\/wp-json\/wp\/v2\/product\/146051","targetHints":{"allow":["GET"]}}],"collection":[{"href":"https:\/\/pizbube.ch\/en\/wp-json\/wp\/v2\/product"}],"about":[{"href":"https:\/\/pizbube.ch\/en\/wp-json\/wp\/v2\/types\/product"}],"wp:featuredmedia":[{"embeddable":true,"href":"https:\/\/pizbube.ch\/en\/wp-json\/wp\/v2\/media\/39948"}],"wp:attachment":[{"href":"https:\/\/pizbube.ch\/en\/wp-json\/wp\/v2\/media?parent=146051"}],"wp:term":[{"taxonomy":"product_brand","embeddable":true,"href":"https:\/\/pizbube.ch\/en\/wp-json\/wp\/v2\/product_brand?post=146051"},{"taxonomy":"product_cat","embeddable":true,"href":"https:\/\/pizbube.ch\/en\/wp-json\/wp\/v2\/product_cat?post=146051"},{"taxonomy":"product_tag","embeddable":true,"href":"https:\/\/pizbube.ch\/en\/wp-json\/wp\/v2\/product_tag?post=146051"}],"curies":[{"name":"wp","href":"https:\/\/api.w.org\/{rel}","templated":true}]}}