{"id":146055,"date":"2021-01-15T10:53:13","date_gmt":"2021-01-15T10:53:13","guid":{"rendered":"https:\/\/codengine3.ch\/?product=import-placeholder-for-200632"},"modified":"2023-10-27T15:19:52","modified_gmt":"2023-10-27T13:19:52","slug":"san-vito-lo-capo-climbing-map","status":"publish","type":"product","link":"https:\/\/pizbube.ch\/en\/shop\/san-vito-lo-capo-climbing-map\/","title":{"rendered":"SAN VITO LO CAPO \u2013 Climbing map"},"content":{"rendered":"<p>Falesie \u2013 Crags \u2013 Kletterg\u00e4rten<br \/>\n900 routes<\/p>\n<p>Dritte Auflage der Faltkarte von San Vito Lo Capo und Custonaci, einem der<br \/>\nsch\u00f6nsten Kletterspots Siziliens.<br \/>\nMan findet alle Kletterg\u00e4rten im Gebiet um Trapani, darunter die W\u00e4nde von<br \/>\nMonte Monaco, Salinella und Monte Cofano, beschrieben mit genauen zeichnungen<br \/>\nund einer Auflistung der Routen. Im Vergleich zur Auflage von 2014 gibt es ca.<br \/>\n50 Routen mehr, zudem werden die Gebiete hervorgehoben, die von schneller<br \/>\nKorrosion betroffen sind.<\/p>\n<p>third edition of the climbing map of San Vito Lo Capo and Custonaci, one of<br \/>\nthe most beautiful area for climbing in Sicily.<br \/>\nThe map describes all the crags in the surroundings, including the walls of<br \/>\nMonte Monaco, Salinella and Monte Cofano. It features accurate topos and route<br \/>\nlists, reviewing 50 more routes (compared to the edition of 2014), with<br \/>\ninformation and updates about the areas most prone to decay of the bolts \u2013 due<br \/>\nto the environment.<\/p>","protected":false},"excerpt":{"rendered":"<p>Falesie \u2013 Crags \u2013 Kletterg\u00e4rten 900 routes Dritte Auflage der Faltkarte von San Vito Lo Capo und Custonaci, einem der sch\u00f6nsten Kletterspots Siziliens. Man findet alle Kletterg\u00e4rten im Gebiet um Trapani, darunter die W\u00e4nde von Monte Monaco, Salinella und Monte Cofano, beschrieben mit genauen zeichnungen und einer Auflistung der Routen. Im Vergleich zur Auflage von [&#8230;]\n","protected":false},"featured_media":27459,"template":"","meta":[],"product_brand":[],"product_cat":[21543],"product_tag":[],"class_list":{"0":"post-146055","1":"product","2":"type-product","3":"status-publish","4":"has-post-thumbnail","6":"product_cat-landkarten","7":"pa_autor-cappuccio-gallo-arena","8":"pa_erscheinungsjahr-21597","9":"pa_region-italien","10":"pa_sprache-de-it-en","12":"first","13":"instock","14":"taxable","15":"shipping-taxable","16":"purchasable","17":"product-type-simple"},"_links":{"self":[{"href":"https:\/\/pizbube.ch\/en\/wp-json\/wp\/v2\/product\/146055","targetHints":{"allow":["GET"]}}],"collection":[{"href":"https:\/\/pizbube.ch\/en\/wp-json\/wp\/v2\/product"}],"about":[{"href":"https:\/\/pizbube.ch\/en\/wp-json\/wp\/v2\/types\/product"}],"wp:featuredmedia":[{"embeddable":true,"href":"https:\/\/pizbube.ch\/en\/wp-json\/wp\/v2\/media\/27459"}],"wp:attachment":[{"href":"https:\/\/pizbube.ch\/en\/wp-json\/wp\/v2\/media?parent=146055"}],"wp:term":[{"taxonomy":"product_brand","embeddable":true,"href":"https:\/\/pizbube.ch\/en\/wp-json\/wp\/v2\/product_brand?post=146055"},{"taxonomy":"product_cat","embeddable":true,"href":"https:\/\/pizbube.ch\/en\/wp-json\/wp\/v2\/product_cat?post=146055"},{"taxonomy":"product_tag","embeddable":true,"href":"https:\/\/pizbube.ch\/en\/wp-json\/wp\/v2\/product_tag?post=146055"}],"curies":[{"name":"wp","href":"https:\/\/api.w.org\/{rel}","templated":true}]}}