{"id":146059,"date":"2021-01-15T10:53:13","date_gmt":"2021-01-15T10:53:13","guid":{"rendered":"https:\/\/codengine3.ch\/?product=import-placeholder-for-205936"},"modified":"2025-12-23T12:49:13","modified_gmt":"2025-12-23T11:49:13","slug":"eiskletterfuehrer-suedtirol-dolomiten","status":"publish","type":"product","link":"https:\/\/pizbube.ch\/en\/shop\/eiskletterfuehrer-suedtirol-dolomiten\/","title":{"rendered":"Eiskletterf\u00fchrer S\u00fcdtirol &#8211; Dolomiten"},"content":{"rendered":"<p>Vinschgau, Meraner Land, Wipptal, Postertal, Dolomiten, \u00dcberetsch<\/p>\n<p>Dass S\u00fcdtirol ein Eisklettereldorado sein muss, war den meisten die sich mit<br \/>\nder gefrorenen Pracht besch\u00e4ftigen, schon lange klar. Da w\u00e4re zum einen die<br \/>\nS\u00fcdseite des Alpenhauptkamms &#8211; zum anderen die Dolomiten. Wenn hier nichts<br \/>\ngehen sollte, wo dann? Und dass hier gewaltig was geht, beweist der neue<br \/>\nF\u00fchrer, der nun in der 2. Auflage vorliegt.<\/p>\n<p>Neu im Autorenteam mit an Bord sind der Bergf\u00fchrer Veit Bertagnolli und Roland<br \/>\nMarth. Das beschriebene Gebiet wurde deutlich erweitert: vom oberen Vinschgau<br \/>\n\u00fcber Sulden, die Brennerberge und die Region Meran bis in die s\u00fcdlichen<br \/>\nDolomiten spannt sich nun der Bogen. Mit dem Pustertal und seinen Trabanten<br \/>\nsowie den eigentlichen Dolomiten ergibt dies den m\u00e4chtigsten Panico-<br \/>\nEiskletterf\u00fchrer aller Zeiten.<\/p>\n<p>Auf knapp 500 Seiten werden alle relevanten Eiskletterm\u00f6glichkeiten akribisch<br \/>\ngenau beschrieben. Das Ergebnis l\u00e4sst kaum W\u00fcnsche offen: egal ob Eis-Novize,<br \/>\nDry-Tooling-Freund oder Meister fragiler Eiss\u00e4ulen &#8211; &#171;mit diesem F\u00fchrer<br \/>\nwerdet ihr geholfen\u201c.<\/p>\n<p>2. Auflage 2017;<br \/>\n480 Seiten, 185 x 120 mm, Softcover, komplett 4 Farbig<\/p>","protected":false},"excerpt":{"rendered":"<ul>\n<li><a href=\"https:\/\/pizbube.ch\/wp-content\/uploads\/attachments\/a_027\/B2351264B09C3163913D4FB43A3258D5.pdf\" target=\"_blank\" rel=\"noopener\">PDF: leseprobe-eiskletterf\u00fchrer-dolomiten-suedtirol.pdf <\/a><\/li>\n<\/ul>","protected":false},"featured_media":170351,"template":"","meta":[],"product_brand":[],"product_cat":[21540],"product_tag":[],"class_list":{"0":"post-146059","1":"product","2":"type-product","3":"status-publish","4":"has-post-thumbnail","6":"product_cat-fuehrerliteratur-alpin-winter","7":"pa_autor-auer-bertagnolli-mart","8":"pa_erscheinungsjahr-21574","9":"pa_region-italien","10":"pa_sprache-de","12":"first","13":"outofstock","14":"taxable","15":"shipping-taxable","16":"purchasable","17":"product-type-simple"},"_links":{"self":[{"href":"https:\/\/pizbube.ch\/en\/wp-json\/wp\/v2\/product\/146059","targetHints":{"allow":["GET"]}}],"collection":[{"href":"https:\/\/pizbube.ch\/en\/wp-json\/wp\/v2\/product"}],"about":[{"href":"https:\/\/pizbube.ch\/en\/wp-json\/wp\/v2\/types\/product"}],"wp:featuredmedia":[{"embeddable":true,"href":"https:\/\/pizbube.ch\/en\/wp-json\/wp\/v2\/media\/170351"}],"wp:attachment":[{"href":"https:\/\/pizbube.ch\/en\/wp-json\/wp\/v2\/media?parent=146059"}],"wp:term":[{"taxonomy":"product_brand","embeddable":true,"href":"https:\/\/pizbube.ch\/en\/wp-json\/wp\/v2\/product_brand?post=146059"},{"taxonomy":"product_cat","embeddable":true,"href":"https:\/\/pizbube.ch\/en\/wp-json\/wp\/v2\/product_cat?post=146059"},{"taxonomy":"product_tag","embeddable":true,"href":"https:\/\/pizbube.ch\/en\/wp-json\/wp\/v2\/product_tag?post=146059"}],"curies":[{"name":"wp","href":"https:\/\/api.w.org\/{rel}","templated":true}]}}