{"id":146060,"date":"2021-01-15T10:53:13","date_gmt":"2021-01-15T10:53:13","guid":{"rendered":"https:\/\/codengine3.ch\/?product=import-placeholder-for-200404"},"modified":"2021-01-15T10:57:15","modified_gmt":"2021-01-15T10:57:15","slug":"eiskletterfuehrer-osttirol-und-oberkaernten","status":"publish","type":"product","link":"https:\/\/pizbube.ch\/en\/shop\/eiskletterfuehrer-osttirol-und-oberkaernten\/","title":{"rendered":"Eiskletterf\u00fchrer Osttirol und Oberk\u00e4rnten"},"content":{"rendered":"<p>Alle lohnenden Eisf\u00e4lle in Osttirol und Oberk\u00e4rnten, inkl. Felbertauern<br \/>\nNordportal.<\/p>\n<p>Eisklettern in Osttirol und Oberk\u00e4rnten &#8211; \u00fcber diese Region gab es bis dato<br \/>\nnur sp\u00e4rliche Informationen. Drei Bergf\u00fchrer haben sich jetzt zusammengesetzt<br \/>\nund ein eindrucksvolles F\u00fchrerwerk geschaffen! Neben den vielen guten<br \/>\nM\u00f6glichkeiten in Osttirol wurden die Touren an der Felbertauern Nordseite, bei<br \/>\nHeiligenblut, Mallnitz und im Maltatal genau erfasst.<\/p>\n<p>Die Tourenbeschreibungen sind stark bildbetont (Topoinfo im \u00dcbersichtsbild vom<br \/>\nEisfall), so kann man sich ein genaues Bild von den Anstiegen machen. Das<br \/>\nPortfolio der Anstiege reicht vom Drytooling-Klettergarten, \u00fcber klassische<br \/>\nWasserf\u00e4lle bis hin zu langen, teils kombinierten Anstiegen in gro\u00dfen W\u00e4nden.<br \/>\nAlso die Eisger\u00e4te und Steigeisen schleifen und auf zu den neuen Eis-<br \/>\nAbenteuern an der Alpens\u00fcdseite!  <\/p>\n<p>Hauptgebiete:<br \/>\nA: Felbertauern Nord<br \/>\nB: Felbertauern S\u00fcd<br \/>\nC: Isel- Virgen- und Defereggental<br \/>\nD: Kalsertal<br \/>\nE: Lienzer Dolomiten \/ Oberland<br \/>\nF: Heiligenblut<br \/>\nG: Mallnitz<br \/>\nH: M\u00f6lltal<br \/>\nI: Maltatal<\/p>\n<p>384 Seiten, kompl. vierf\u00e4rbig gedruckt, stabile Bindung, \u00fcber 300 Farbfotos<\/p>","protected":false},"excerpt":{"rendered":"<p>Alle lohnenden Eisf\u00e4lle in Osttirol und Oberk\u00e4rnten, inkl. Felbertauern Nordportal. Eisklettern in Osttirol und Oberk\u00e4rnten &#8211; \u00fcber diese Region gab es bis dato nur sp\u00e4rliche Informationen. Drei Bergf\u00fchrer haben sich jetzt zusammengesetzt und ein eindrucksvolles F\u00fchrerwerk geschaffen! Neben den vielen guten M\u00f6glichkeiten in Osttirol wurden die Touren an der Felbertauern Nordseite, bei Heiligenblut, Mallnitz und [&#8230;]\n","protected":false},"featured_media":26804,"template":"","meta":[],"product_brand":[],"product_cat":[21540],"product_tag":[],"class_list":{"0":"post-146060","1":"product","2":"type-product","3":"status-publish","4":"has-post-thumbnail","6":"product_cat-fuehrerliteratur-alpin-winter","7":"pa_autor-messini-lieb-lind-glantschnig","8":"pa_erscheinungsjahr-21574","9":"pa_region-oesterreich","10":"pa_sprache-de","12":"first","13":"instock","14":"taxable","15":"shipping-taxable","16":"purchasable","17":"product-type-simple"},"_links":{"self":[{"href":"https:\/\/pizbube.ch\/en\/wp-json\/wp\/v2\/product\/146060","targetHints":{"allow":["GET"]}}],"collection":[{"href":"https:\/\/pizbube.ch\/en\/wp-json\/wp\/v2\/product"}],"about":[{"href":"https:\/\/pizbube.ch\/en\/wp-json\/wp\/v2\/types\/product"}],"wp:featuredmedia":[{"embeddable":true,"href":"https:\/\/pizbube.ch\/en\/wp-json\/wp\/v2\/media\/26804"}],"wp:attachment":[{"href":"https:\/\/pizbube.ch\/en\/wp-json\/wp\/v2\/media?parent=146060"}],"wp:term":[{"taxonomy":"product_brand","embeddable":true,"href":"https:\/\/pizbube.ch\/en\/wp-json\/wp\/v2\/product_brand?post=146060"},{"taxonomy":"product_cat","embeddable":true,"href":"https:\/\/pizbube.ch\/en\/wp-json\/wp\/v2\/product_cat?post=146060"},{"taxonomy":"product_tag","embeddable":true,"href":"https:\/\/pizbube.ch\/en\/wp-json\/wp\/v2\/product_tag?post=146060"}],"curies":[{"name":"wp","href":"https:\/\/api.w.org\/{rel}","templated":true}]}}