{"id":146062,"date":"2021-01-15T10:53:13","date_gmt":"2021-01-15T10:53:13","guid":{"rendered":"https:\/\/codengine3.ch\/?product=import-placeholder-for-200779"},"modified":"2024-11-23T10:00:59","modified_gmt":"2024-11-23T09:00:59","slug":"eiskletterfuehrer-bregenz-bis-garmisch","status":"publish","type":"product","link":"https:\/\/pizbube.ch\/en\/shop\/eiskletterfuehrer-bregenz-bis-garmisch\/","title":{"rendered":"Eiskletterf\u00fchrer Bregenz bis Garmisch"},"content":{"rendered":"<p>Gefrorene Wasserf\u00e4lle im Vorarlberg, Bregenzer Wald, Allg\u00e4u, Lechtal,<br \/>\nAmmergau, Wetterstein, und Loisachtal.<\/p>\n<p>Der Eiskletterf\u00fchrer f\u00fcr den bergbegeisterten S\u00fcdwesten der Republik.<br \/>\nVorarlberg, Lechtal, Allg\u00e4u, Ammergau und Wetterstein &#8211; alles was man schnell<br \/>\nund leicht erreicht ist drin. Die Erstauflage des F\u00fchrers wurde komplett<br \/>\n\u00fcberarbeitet und gewaltig erweitert. Neben den klassischen Eisklettereien<br \/>\nfinden sich auch moderne Drytooling-Gebiete und eher klassisch anmutende<br \/>\nKombi-Routen durch hohe W\u00e4nde.<\/p>\n<p>Der F\u00fchrer wurde von einem Kollektiv von Gebietskennern erstellt, ist \u00fcppig<br \/>\nbebildert und komplett vierfarbig.<br \/>\n3. Auflage 2014; 420 Seiten<\/p>","protected":false},"excerpt":{"rendered":"<ul>\n<li><strong><a href=\"https:\/\/pizbube.ch\/wp-content\/uploads\/attachments\/a_022\/740FBCEADD910AA38513A17411F3A4C8.pdf\" target=\"_blank\" rel=\"noopener\">PDF: leseprobe-bregenz-garmisch.pdf<\/a><\/strong><\/li>\n<\/ul>","protected":false},"featured_media":177324,"template":"","meta":[],"product_brand":[],"product_cat":[21540],"product_tag":[],"class_list":{"0":"post-146062","1":"product","2":"type-product","3":"status-publish","4":"has-post-thumbnail","6":"product_cat-fuehrerliteratur-alpin-winter","7":"pa_autor-div","8":"pa_erscheinungsjahr-21550","9":"pa_region-oesterreich","10":"pa_sprache-de","12":"first","13":"instock","14":"taxable","15":"shipping-taxable","16":"purchasable","17":"product-type-simple"},"_links":{"self":[{"href":"https:\/\/pizbube.ch\/en\/wp-json\/wp\/v2\/product\/146062","targetHints":{"allow":["GET"]}}],"collection":[{"href":"https:\/\/pizbube.ch\/en\/wp-json\/wp\/v2\/product"}],"about":[{"href":"https:\/\/pizbube.ch\/en\/wp-json\/wp\/v2\/types\/product"}],"wp:featuredmedia":[{"embeddable":true,"href":"https:\/\/pizbube.ch\/en\/wp-json\/wp\/v2\/media\/177324"}],"wp:attachment":[{"href":"https:\/\/pizbube.ch\/en\/wp-json\/wp\/v2\/media?parent=146062"}],"wp:term":[{"taxonomy":"product_brand","embeddable":true,"href":"https:\/\/pizbube.ch\/en\/wp-json\/wp\/v2\/product_brand?post=146062"},{"taxonomy":"product_cat","embeddable":true,"href":"https:\/\/pizbube.ch\/en\/wp-json\/wp\/v2\/product_cat?post=146062"},{"taxonomy":"product_tag","embeddable":true,"href":"https:\/\/pizbube.ch\/en\/wp-json\/wp\/v2\/product_tag?post=146062"}],"curies":[{"name":"wp","href":"https:\/\/api.w.org\/{rel}","templated":true}]}}