{"id":146065,"date":"2021-01-15T10:53:13","date_gmt":"2021-01-15T10:53:13","guid":{"rendered":"https:\/\/codengine3.ch\/?product=import-placeholder-for-204549"},"modified":"2026-03-13T10:48:00","modified_gmt":"2026-03-13T09:48:00","slug":"alpine-ice-vol-2-die-schoensten-eisfaelle-der-alpen-italien-mittel-und-ostalpen-oesterreich-und-slowenien","status":"publish","type":"product","link":"https:\/\/pizbube.ch\/en\/shop\/alpine-ice-vol-2-die-schoensten-eisfaelle-der-alpen-italien-mittel-und-ostalpen-oesterreich-und-slowenien\/","title":{"rendered":"ALPINE ICE Band 2 &#8211; Die sch\u00f6nsten Eisf\u00e4lle der Alpen: Italien \u2013 Mittel- und Ostalpen, \u00d6sterreich und Slowenien"},"content":{"rendered":"<p>Eine Auswahl der sch\u00f6nsten Eisf\u00e4lle in Italien \u2013 Mittel- und Ostalpen,<br \/>\n\u00d6sterreich und Slowenien<\/p>\n<p>Viel Neues und fantastische T\u00e4ler, die eine Reise, egal von woher, auf jeden<br \/>\nFall wert sind. Legend\u00e4re Linien, die Eiskletter-Geschichte geschrieben haben<br \/>\nund weniger ber\u00fchmte, aber genauso charakterstarke Routen. Das Ganze mit neuer<br \/>\nGrafik und tollen Fotos. Da sich die Anzahl der beschriebenen Eisf\u00e4lle fast<br \/>\nverdoppelt hat, war es notwendig, das Buch in zwei Teilen zu ver\u00f6ffentlichen:<br \/>\nAlpine Ice Vol.1 Frankreich, Schweiz und Italien \u2013 Westalpen und Alpine Ice<br \/>\nVol. 2 Italien \u2013 Mittel- und Ost- alpen, \u00d6sterreich und Slowenien.<\/p>\n<p>In diesem Teil werden ca. 650 Eisf\u00e4lle beschrieben und, wie schon im ersten<br \/>\nTeil, gibt es ein Foto von jedem Eisfall zur leichteren Orientierung, die<br \/>\nKoordinaten der Parkpl\u00e4tze und fast aller Routen, die man mittels eines<br \/>\neinfachen QR-Codes abrufen kann. Immer genauere Informationen d\u00fcrfen nicht den<br \/>\nSinn des Unbekannten ausl\u00f6schen, mit dem die Interpretation eines jeden<br \/>\nEisfalls verbunden ist, sie sind jedoch wichtig, um die Risiken auf ein<br \/>\nMinimum zu reduzieren.<\/p>\n<p>Einige Erz\u00e4hlungen und eine Erinnerung an Luca Vuerich, dem starken, 2010<br \/>\nverstorbenen Alpinisten aus dem Friaul, runden das Werk ab, ein wahres Juwel<br \/>\nf\u00fcr abenteuerliche Eiskletterer. Eine Ode an die wilde Seite der Alpen und<br \/>\neine Einladung zum Reisen und Kennenlernen neuer Orte, Traditionen und<br \/>\nSprachen.<\/p>","protected":false},"excerpt":{"rendered":"<p>Eine Auswahl der sch\u00f6nsten Eisf\u00e4lle in Italien \u2013 Mittel- und Ostalpen, \u00d6sterreich und Slowenien Viel Neues und fantastische T\u00e4ler, die eine Reise, egal von woher, auf jeden Fall wert sind. Legend\u00e4re Linien, die Eiskletter-Geschichte geschrieben haben und weniger ber\u00fchmte, aber genauso charakterstarke Routen. Das Ganze mit neuer Grafik und tollen Fotos. Da sich die Anzahl [&#8230;]\n","protected":false},"featured_media":166058,"template":"","meta":[],"product_brand":[],"product_cat":[21540],"product_tag":[27651],"class_list":{"0":"post-146065","1":"product","2":"type-product","3":"status-publish","4":"has-post-thumbnail","6":"product_cat-fuehrerliteratur-alpin-winter","7":"product_tag-eisklettern","8":"pa_autor-sertori","9":"pa_erscheinungsjahr-21546","10":"pa_region-oesterreich","11":"pa_sprache-de","13":"first","14":"instock","15":"taxable","16":"shipping-taxable","17":"purchasable","18":"product-type-simple"},"_links":{"self":[{"href":"https:\/\/pizbube.ch\/en\/wp-json\/wp\/v2\/product\/146065","targetHints":{"allow":["GET"]}}],"collection":[{"href":"https:\/\/pizbube.ch\/en\/wp-json\/wp\/v2\/product"}],"about":[{"href":"https:\/\/pizbube.ch\/en\/wp-json\/wp\/v2\/types\/product"}],"wp:featuredmedia":[{"embeddable":true,"href":"https:\/\/pizbube.ch\/en\/wp-json\/wp\/v2\/media\/166058"}],"wp:attachment":[{"href":"https:\/\/pizbube.ch\/en\/wp-json\/wp\/v2\/media?parent=146065"}],"wp:term":[{"taxonomy":"product_brand","embeddable":true,"href":"https:\/\/pizbube.ch\/en\/wp-json\/wp\/v2\/product_brand?post=146065"},{"taxonomy":"product_cat","embeddable":true,"href":"https:\/\/pizbube.ch\/en\/wp-json\/wp\/v2\/product_cat?post=146065"},{"taxonomy":"product_tag","embeddable":true,"href":"https:\/\/pizbube.ch\/en\/wp-json\/wp\/v2\/product_tag?post=146065"}],"curies":[{"name":"wp","href":"https:\/\/api.w.org\/{rel}","templated":true}]}}