{"id":146076,"date":"2021-01-15T10:53:14","date_gmt":"2021-01-15T10:53:14","guid":{"rendered":"https:\/\/codengine3.ch\/?product=import-placeholder-for-203860"},"modified":"2021-01-15T14:27:20","modified_gmt":"2021-01-15T14:27:20","slug":"monte-bianco-2-alp-gm-227","status":"publish","type":"product","link":"https:\/\/pizbube.ch\/en\/shop\/monte-bianco-2-alp-gm-227\/","title":{"rendered":"Monte Bianco 2 Alp GM 227"},"content":{"rendered":"<p>Dedicato ai protagonisti:<br \/>\nEccoci al secondo fascicolo della monografia sul Monte Bianco, dedicata ai<br \/>\nprotagonisti. L&#8217;accoglienza riservata al primo volume \u00e8 stata pi\u00f9 che<br \/>\npositiva, anche perch\u00e9 ha suscitato commenti di vario tipo. Bello! Ricco di<br \/>\nspunti! Tante fotografie, e finalmente non troppa storia! Per\u00f2 manca lo<br \/>\nscialpinismo&#8230; per\u00f2 manca quel settore&#8230;, per\u00f2. Commenti simili anche sui<br \/>\nforum della rete; che poi diventano domande fondamentali: ancora Monte Bianco?<br \/>\nc&#8217;era bisogno di tornarci su? Gi\u00e0, ma nella collezione di AlpGM il Bianco non<br \/>\npoteva mancare&#8230; S\u00ec, ma le riviste parlano tutte delle stesse cose. Siamo noi<br \/>\nlettori gli incontentabili, o gli editori sono in deficit di ossigeno-<br \/>\nfantasia?<\/p>","protected":false},"excerpt":{"rendered":"<p>Dedicato ai protagonisti: Eccoci al secondo fascicolo della monografia sul Monte Bianco, dedicata ai protagonisti. L&#8217;accoglienza riservata al primo volume \u00e8 stata pi\u00f9 che positiva, anche perch\u00e9 ha suscitato commenti di vario tipo. Bello! Ricco di spunti! Tante fotografie, e finalmente non troppa storia! Per\u00f2 manca lo scialpinismo&#8230; per\u00f2 manca quel settore&#8230;, per\u00f2. Commenti simili [&#8230;]\n","protected":false},"featured_media":31559,"template":"","meta":[],"product_brand":[],"product_cat":[21541],"product_tag":[],"class_list":{"0":"post-146076","1":"product","2":"type-product","3":"status-publish","4":"has-post-thumbnail","6":"product_cat-zeitschriften","7":"pa_autor-alp","8":"pa_erscheinungsjahr-21776","9":"pa_region-italien","10":"pa_sprache-it","12":"first","13":"instock","14":"taxable","15":"shipping-taxable","16":"purchasable","17":"product-type-simple"},"_links":{"self":[{"href":"https:\/\/pizbube.ch\/en\/wp-json\/wp\/v2\/product\/146076","targetHints":{"allow":["GET"]}}],"collection":[{"href":"https:\/\/pizbube.ch\/en\/wp-json\/wp\/v2\/product"}],"about":[{"href":"https:\/\/pizbube.ch\/en\/wp-json\/wp\/v2\/types\/product"}],"wp:featuredmedia":[{"embeddable":true,"href":"https:\/\/pizbube.ch\/en\/wp-json\/wp\/v2\/media\/31559"}],"wp:attachment":[{"href":"https:\/\/pizbube.ch\/en\/wp-json\/wp\/v2\/media?parent=146076"}],"wp:term":[{"taxonomy":"product_brand","embeddable":true,"href":"https:\/\/pizbube.ch\/en\/wp-json\/wp\/v2\/product_brand?post=146076"},{"taxonomy":"product_cat","embeddable":true,"href":"https:\/\/pizbube.ch\/en\/wp-json\/wp\/v2\/product_cat?post=146076"},{"taxonomy":"product_tag","embeddable":true,"href":"https:\/\/pizbube.ch\/en\/wp-json\/wp\/v2\/product_tag?post=146076"}],"curies":[{"name":"wp","href":"https:\/\/api.w.org\/{rel}","templated":true}]}}