{"id":146084,"date":"2021-01-15T10:53:14","date_gmt":"2021-01-15T10:53:14","guid":{"rendered":"https:\/\/codengine3.ch\/?product=import-placeholder-for-205171"},"modified":"2021-01-15T14:39:15","modified_gmt":"2021-01-15T14:39:15","slug":"cascades-de-glace-dry-tooling-du-mont-blanc-au-leman-tome-2","status":"publish","type":"product","link":"https:\/\/pizbube.ch\/en\/shop\/cascades-de-glace-dry-tooling-du-mont-blanc-au-leman-tome-2\/","title":{"rendered":"Cascades de glace &#038; dry-tooling du mont Blanc au L\u00e9man, tome 2"},"content":{"rendered":"<p>Tome 2: Arve &#8211; Giffre &#8211; Chablais.<br \/>\nMehrsprachiger Eiskletterf\u00fchrer  <\/p>\n<p>Cascades de glace et dry-tooling, du mont Blanc au L\u00e9man sont les ouvrages de<br \/>\nr\u00e9f\u00e9rence pour tous les passionn\u00e9s d&#8217;escalade hivernale&#8230; ainsi que pour les<br \/>\nadeptes de dry-tooling (de plus en plus nombreux) qui n&#8217;h\u00e9sitent plus \u00e0<br \/>\nfr\u00e9quenter ces falaises sp\u00e9cifiques tout au long de l&#8217;ann\u00e9e (Les thermes du<br \/>\nFayet, Le zoo).<br \/>\nChaque site est d\u00e9crit minutieusement avec une carte de situation, l&#8217;acc\u00e8s<br \/>\nroutier et l&#8217;approche de chaque secteur d&#8217;escalade.  <\/p>\n<p>Chaque cascade est pr\u00e9sent\u00e9e avec cotation, date d?ouverture et photo.<br \/>\nChaque site de dry-tooling est illustr\u00e9 d&#8217;un croquis.<br \/>\n\u00c9dition bilingue (fran\u00e7ais \/ anglais) avec pr\u00e9sentation et acc\u00e8s des sites en<br \/>\nespagnol, italien et allemand.  <\/p>","protected":false},"excerpt":{"rendered":"<p>Tome 2: Arve &#8211; Giffre &#8211; Chablais. Mehrsprachiger Eiskletterf\u00fchrer Cascades de glace et dry-tooling, du mont Blanc au L\u00e9man sont les ouvrages de r\u00e9f\u00e9rence pour tous les passionn\u00e9s d&#8217;escalade hivernale&#8230; ainsi que pour les adeptes de dry-tooling (de plus en plus nombreux) qui n&#8217;h\u00e9sitent plus \u00e0 fr\u00e9quenter ces falaises sp\u00e9cifiques tout au long de l&#8217;ann\u00e9e [&#8230;]\n","protected":false},"featured_media":33799,"template":"","meta":[],"product_brand":[],"product_cat":[21540],"product_tag":[],"class_list":{"0":"post-146084","1":"product","2":"type-product","3":"status-publish","4":"has-post-thumbnail","6":"product_cat-fuehrerliteratur-alpin-winter","7":"pa_autor-batoux-damilano-seifert","8":"pa_erscheinungsjahr-21842","9":"pa_region-frankreich","10":"pa_sprache-d","11":"pa_sprache-e","12":"pa_sprache-f","13":"pa_sprache-i","15":"first","16":"instock","17":"taxable","18":"shipping-taxable","19":"purchasable","20":"product-type-simple"},"_links":{"self":[{"href":"https:\/\/pizbube.ch\/en\/wp-json\/wp\/v2\/product\/146084","targetHints":{"allow":["GET"]}}],"collection":[{"href":"https:\/\/pizbube.ch\/en\/wp-json\/wp\/v2\/product"}],"about":[{"href":"https:\/\/pizbube.ch\/en\/wp-json\/wp\/v2\/types\/product"}],"wp:featuredmedia":[{"embeddable":true,"href":"https:\/\/pizbube.ch\/en\/wp-json\/wp\/v2\/media\/33799"}],"wp:attachment":[{"href":"https:\/\/pizbube.ch\/en\/wp-json\/wp\/v2\/media?parent=146084"}],"wp:term":[{"taxonomy":"product_brand","embeddable":true,"href":"https:\/\/pizbube.ch\/en\/wp-json\/wp\/v2\/product_brand?post=146084"},{"taxonomy":"product_cat","embeddable":true,"href":"https:\/\/pizbube.ch\/en\/wp-json\/wp\/v2\/product_cat?post=146084"},{"taxonomy":"product_tag","embeddable":true,"href":"https:\/\/pizbube.ch\/en\/wp-json\/wp\/v2\/product_tag?post=146084"}],"curies":[{"name":"wp","href":"https:\/\/api.w.org\/{rel}","templated":true}]}}