{"id":146085,"date":"2021-01-15T10:53:14","date_gmt":"2021-01-15T10:53:14","guid":{"rendered":"https:\/\/codengine3.ch\/?product=import-placeholder-for-206389"},"modified":"2023-02-15T09:23:29","modified_gmt":"2023-02-15T08:23:29","slug":"hot-ice-eisklettern-in-der-schweiz-band-ost","status":"publish","type":"product","link":"https:\/\/pizbube.ch\/en\/shop\/hot-ice-eisklettern-in-der-schweiz-band-ost\/","title":{"rendered":"Hot Ice &#8211; Eisklettern in der Schweiz &#8211; Band Ost"},"content":{"rendered":"<p>Der einst einb\u00e4ndige Eiskletterf\u00fchrer f\u00fcr die Schweiz ist jetzt in einen Band<br \/>\nOst und einen Band West aufgeteilt.<br \/>\nJedes Buch f\u00fcr sich ist mit \u00fcber 400 Seiten schon dicker sein als das<br \/>\nMutterwerk.<\/p>\n<p>Im Band Ost werden folgende Gebiete beschrieben:<br \/>\nEngadin, Brunnital, Urnerboden, Weglosen, Muotathal, T\u00f6sstal. 432 Seiten.<\/p>\n<p>Folgende Gebiete sind beschrieben:<br \/>\n1. T\u00f6sscheidi<br \/>\n2. Lipperschwendi<br \/>\n3. Schafberg<br \/>\n4. Wasserauen<br \/>\n5. Sch\u00f6llenen<br \/>\n6. Susten<br \/>\n7. Wilerplanggen<br \/>\n8. Sulztal<br \/>\n9. Westliches Sch\u00e4chental<br \/>\n10. Brunnital<br \/>\n11. Ruchen<br \/>\n12. \u00d6stliches Sch\u00e4chental<br \/>\n13. Stosswald<br \/>\n14. Zingelflue<br \/>\n15. Ried<br \/>\n16. H\u00fcrital<br \/>\n17. Bisistal<br \/>\n18. Rigi<br \/>\n19. Mythen<br \/>\n20. Weglosen<br \/>\n21. Siehltal<br \/>\n22. W\u00e4gital<br \/>\n23. Kl\u00f6ntal<br \/>\n24. Engi<br \/>\n25. Elm<br \/>\n26. Jetzloch<br \/>\n27. Braunwald<br \/>\n28. Klausenpassstrasse<br \/>\n29. Tierfehd<br \/>\n30. J\u00e4gerst\u00f6cke<br \/>\n31. Urnerboden \u2013 Gasthauswand<br \/>\n32. Urnerboden \u2013<br \/>\n33. Clariden<br \/>\n34. Seeztal<br \/>\n35. Weisstannental<br \/>\n36. Vilters<br \/>\n37. Taminaschlucht<br \/>\n38. Taminatal<br \/>\n39. Calfaisental<br \/>\n40. Affeier<br \/>\n41. Panix<br \/>\n42. Segnesboden<br \/>\n43. Fidaz<br \/>\n44. Valsertal<br \/>\n45. B\u00e4cherf\u00e4lle<br \/>\n46. Gletscherf\u00e4lle<br \/>\n47. Via Mala<br \/>\n48. Averstal \u2013 Ausserferrera<br \/>\n49. Averstal \u2013 Starlera<br \/>\n50. Averstal \u2013 Unterm Fat<br \/>\n51. Averstal \u2013 Campsut<br \/>\n52. Averstal \u2013 Val Madris<br \/>\n53. Averstal \u2013 Br\u00fcckenfall<br \/>\n54. Solis<br \/>\n55. Surava<br \/>\n56. Berg\u00fcn<br \/>\n57. Mulegns<br \/>\n58. Marmorera<br \/>\n59. Pendlatobel<br \/>\n60. Hochwang<br \/>\n61. Sap\u00fcnertal<br \/>\n62. Litzir\u00fcti<br \/>\n63. Arosa \u2013 Tijerbachfall<br \/>\n64. Arosa \u2013 B\u00fcelentobelfall<br \/>\n65. Sertig<br \/>\n66. Val Bondasca<br \/>\n67. Albigna<br \/>\n68. Casaccia<br \/>\n69. Val del Forno<br \/>\n70. Val Lagrev<br \/>\n71. Silvaplana<br \/>\n72. Surlej<br \/>\n73. Pontresina<br \/>\n74. Cavaglia<br \/>\n75. Zuoz<br \/>\n76. Fl\u00fcelapass<br \/>\n77. Inntal<br \/>\n78. Samnauntal<br \/>\n79. Val Piumogna<br \/>\n80. Leventina<br \/>\n81. Monte Derbianco<\/p>","protected":false},"excerpt":{"rendered":"<ul>\n<li><a href=\"https:\/\/pizbube.ch\/wp-content\/uploads\/attachments\/a_016\/66421310F57F55439F61BB46A227E3B1.pdf\" target=\"_blank\" rel=\"noopener\">PDF: Hot Ice Ost Leseprobe<\/a><\/li>\n<\/ul>","protected":false},"featured_media":160843,"template":"","meta":[],"product_brand":[],"product_cat":[21540],"product_tag":[],"class_list":{"0":"post-146085","1":"product","2":"type-product","3":"status-publish","4":"has-post-thumbnail","6":"product_cat-fuehrerliteratur-alpin-winter","7":"pa_autor-odermatt","8":"pa_erscheinungsjahr-21610","9":"pa_region-schweiz","10":"pa_sprache-de","12":"first","13":"outofstock","14":"taxable","15":"shipping-taxable","16":"purchasable","17":"product-type-simple"},"_links":{"self":[{"href":"https:\/\/pizbube.ch\/en\/wp-json\/wp\/v2\/product\/146085","targetHints":{"allow":["GET"]}}],"collection":[{"href":"https:\/\/pizbube.ch\/en\/wp-json\/wp\/v2\/product"}],"about":[{"href":"https:\/\/pizbube.ch\/en\/wp-json\/wp\/v2\/types\/product"}],"wp:featuredmedia":[{"embeddable":true,"href":"https:\/\/pizbube.ch\/en\/wp-json\/wp\/v2\/media\/160843"}],"wp:attachment":[{"href":"https:\/\/pizbube.ch\/en\/wp-json\/wp\/v2\/media?parent=146085"}],"wp:term":[{"taxonomy":"product_brand","embeddable":true,"href":"https:\/\/pizbube.ch\/en\/wp-json\/wp\/v2\/product_brand?post=146085"},{"taxonomy":"product_cat","embeddable":true,"href":"https:\/\/pizbube.ch\/en\/wp-json\/wp\/v2\/product_cat?post=146085"},{"taxonomy":"product_tag","embeddable":true,"href":"https:\/\/pizbube.ch\/en\/wp-json\/wp\/v2\/product_tag?post=146085"}],"curies":[{"name":"wp","href":"https:\/\/api.w.org\/{rel}","templated":true}]}}