{"id":146086,"date":"2021-01-15T10:53:14","date_gmt":"2021-01-15T10:53:14","guid":{"rendered":"https:\/\/codengine3.ch\/?product=import-placeholder-for-206390"},"modified":"2024-01-27T08:20:56","modified_gmt":"2024-01-27T07:20:56","slug":"hot-ice-eisklettern-in-der-schweiz-band-west","status":"publish","type":"product","link":"https:\/\/pizbube.ch\/en\/shop\/hot-ice-eisklettern-in-der-schweiz-band-west\/","title":{"rendered":"Hot Ice &#8211; Eisklettern in der Schweiz &#8211; Band West"},"content":{"rendered":"<p>Der einst einb\u00e4ndige Eiskletterf\u00fchrer f\u00fcr die Schweiz ist jetzt in einen Band<br \/>\nOst und einen Band West aufgeteilt.<br \/>\nJedes Buch f\u00fcr sich ist mit \u00fcber 400 Seiten schon dicker sein als das<br \/>\nMutterwerk.<\/p>\n<p>Im Band West werden folgende Gebiete beschrieben:<br \/>\nKandersteg, Engelberg, Val de Bagne, Val d\u2019Anniviers, gesamter Jura; 448<br \/>\nSeiten<\/p>\n<p>Folgende Gebiete sind beschrieben:<br \/>\n1. Les Rocher Pleureuse<br \/>\n2. Gorges du Court<br \/>\n3. Reigoldswiler Wasserfalle<br \/>\n4. Eptingen<br \/>\n5. Schiffenen<br \/>\n6. Schwarzsee<br \/>\n7. Bluemistei<br \/>\n8. Rappennest<br \/>\n9. Cascade du Da<br \/>\n10. Col du Pillon<br \/>\n11. Burgf\u00e4lle Gsteig<br \/>\n12. Lauenen<br \/>\n13. Lenk<br \/>\n14. Wimmis<br \/>\n15. Tschingel<br \/>\n16. Spiggengrund<br \/>\n17. Bonderf\u00e4lle<br \/>\n18. Engstligen<br \/>\n19. Mitholz<br \/>\n20. Breitwangflue<br \/>\n21. Oeschiwald<br \/>\n22. Staubbach<br \/>\n23. Oeschinensee<br \/>\n24. Almenalpf\u00e4lle<br \/>\n25. Ueschinen<br \/>\n26. Stock<br \/>\n27. Gasterntal<br \/>\n28. Saxeten<br \/>\n29. G\u00fcndlischwand<br \/>\n30. Burglauenen<br \/>\n31. Zweil\u00fctschinen<br \/>\n32. Sulwald<br \/>\n33. Wengen<br \/>\n34. Lauterbrunnen<br \/>\n35. Meiringen<br \/>\n36. Falcheren<br \/>\n37. Rosenlaui &#8211; Kaltenbach<br \/>\n38. Rosenlaui<br \/>\n39. Lungern<br \/>\n40. Kerns<br \/>\n41. Melchtal<br \/>\n42. Wolfenschiessen<br \/>\n43. Grafenort<br \/>\n44. Tr\u00fcbsaal<br \/>\n45. Graustock<br \/>\n46. The Zonk<br \/>\n47. F\u00fcrenalp<br \/>\n48. Surenen<br \/>\n49. Chatelard<br \/>\n50. Vall\u00e9e de l\u2018eau noir<br \/>\n51. Odeyi<br \/>\n53. Brunet<br \/>\n54. Fionnay<br \/>\n55. Mauvoisin<br \/>\n56. Sanetsch<br \/>\n57. Evol\u00e8ne<br \/>\n58. Veisivis<br \/>\n59. Secteur du tunnel<br \/>\n60. Arolla<br \/>\n61. Val d\u2018anniviers<br \/>\n62. Goppenstein<br \/>\n63. Stalden<br \/>\n64. Mattertal<br \/>\n65. Furi<br \/>\n66. Saas Balen<br \/>\n67. Mattmark<br \/>\n68. Saas Fee<br \/>\n69. Simplon<br \/>\n70. Laggintal<br \/>\n71. Gabi<br \/>\n72. Gondoschlucht<br \/>\n73. Zwischbergental<\/p>","protected":false},"excerpt":{"rendered":"<p>Der einst einb\u00e4ndige Eiskletterf\u00fchrer f\u00fcr die Schweiz ist jetzt in einen Band Ost und einen Band West aufgeteilt. Jedes Buch f\u00fcr sich ist mit \u00fcber 400 Seiten schon dicker sein als das Mutterwerk. Im Band West werden folgende Gebiete beschrieben: Kandersteg, Engelberg, Val de Bagne, Val d\u2019Anniviers, gesamter Jura; 448 Seiten Folgende Gebiete sind beschrieben: [&#8230;]\n","protected":false},"featured_media":160844,"template":"","meta":[],"product_brand":[],"product_cat":[21540],"product_tag":[],"class_list":{"0":"post-146086","1":"product","2":"type-product","3":"status-publish","4":"has-post-thumbnail","6":"product_cat-fuehrerliteratur-alpin-winter","7":"pa_autor-odermatt","8":"pa_erscheinungsjahr-21610","9":"pa_region-schweiz","10":"pa_sprache-de","12":"first","13":"outofstock","14":"taxable","15":"shipping-taxable","16":"purchasable","17":"product-type-simple"},"_links":{"self":[{"href":"https:\/\/pizbube.ch\/en\/wp-json\/wp\/v2\/product\/146086","targetHints":{"allow":["GET"]}}],"collection":[{"href":"https:\/\/pizbube.ch\/en\/wp-json\/wp\/v2\/product"}],"about":[{"href":"https:\/\/pizbube.ch\/en\/wp-json\/wp\/v2\/types\/product"}],"wp:featuredmedia":[{"embeddable":true,"href":"https:\/\/pizbube.ch\/en\/wp-json\/wp\/v2\/media\/160844"}],"wp:attachment":[{"href":"https:\/\/pizbube.ch\/en\/wp-json\/wp\/v2\/media?parent=146086"}],"wp:term":[{"taxonomy":"product_brand","embeddable":true,"href":"https:\/\/pizbube.ch\/en\/wp-json\/wp\/v2\/product_brand?post=146086"},{"taxonomy":"product_cat","embeddable":true,"href":"https:\/\/pizbube.ch\/en\/wp-json\/wp\/v2\/product_cat?post=146086"},{"taxonomy":"product_tag","embeddable":true,"href":"https:\/\/pizbube.ch\/en\/wp-json\/wp\/v2\/product_tag?post=146086"}],"curies":[{"name":"wp","href":"https:\/\/api.w.org\/{rel}","templated":true}]}}