{"id":146095,"date":"2021-01-15T10:53:14","date_gmt":"2021-01-15T10:53:14","guid":{"rendered":"https:\/\/codengine3.ch\/?product=import-placeholder-for-207271"},"modified":"2024-07-11T09:29:44","modified_gmt":"2024-07-11T07:29:44","slug":"kein-weg-zurueck-2","status":"publish","type":"product","link":"https:\/\/pizbube.ch\/en\/shop\/kein-weg-zurueck-2\/","title":{"rendered":"Kein Weg zur\u00fcck"},"content":{"rendered":"<p>Leben und Sterben am K2<\/p>\n<p>Der K2 ist der zweith\u00f6chste Achttausender und doch ungleich gef\u00e4hrlicher und anspruchsvoller als der Mount Everest. Im August 2008 machten sich 30 Bergsteiger in verschiedenen Teams an die Besteigung. 18 Bergsteiger erreichten den Gipfel. Doch auf den Gipfelsieg folgt ein gnadenloser \u00dcberlebenskampf.<\/p>\n<p>Im Abstieg werden mehrere Bergsteiger sowie die Seilversicherungen in die Tiefe gerissen, die \u00fcbrigen Expeditionsteilnehmer sind zum ungesicherten Abstieg gezwungen. Elf von ihnen verlieren ihr Leben. Minuti\u00f6s rekonstruiert der Autor den Ablauf der Expedition, Hoffnungen und Tr\u00e4ume der Alpinisten und was letztlich zum Drama am K2 f\u00fchrte.<\/p>\n<p>6. Auflage 2022<\/p>","protected":false},"excerpt":{"rendered":"<p>Leben und Sterben am K2 Der K2 ist der zweith\u00f6chste Achttausender und doch ungleich gef\u00e4hrlicher und anspruchsvoller als der Mount Everest. Im August 2008 machten sich 30 Bergsteiger in verschiedenen Teams an die Besteigung. 18 Bergsteiger erreichten den Gipfel. Doch auf den Gipfelsieg folgt ein gnadenloser \u00dcberlebenskampf. Im Abstieg werden mehrere Bergsteiger sowie die Seilversicherungen [&#8230;]\n","protected":false},"featured_media":173882,"template":"","meta":[],"product_brand":[],"product_cat":[21542],"product_tag":[],"class_list":{"0":"post-146095","1":"product","2":"type-product","3":"status-publish","4":"has-post-thumbnail","6":"product_cat-sachbuecher-dokumentationen","7":"pa_autor-bowley","8":"pa_erscheinungsjahr-27013","9":"pa_region-asien","10":"pa_sprache-de","12":"first","13":"instock","14":"taxable","15":"shipping-taxable","16":"purchasable","17":"product-type-simple"},"_links":{"self":[{"href":"https:\/\/pizbube.ch\/en\/wp-json\/wp\/v2\/product\/146095","targetHints":{"allow":["GET"]}}],"collection":[{"href":"https:\/\/pizbube.ch\/en\/wp-json\/wp\/v2\/product"}],"about":[{"href":"https:\/\/pizbube.ch\/en\/wp-json\/wp\/v2\/types\/product"}],"wp:featuredmedia":[{"embeddable":true,"href":"https:\/\/pizbube.ch\/en\/wp-json\/wp\/v2\/media\/173882"}],"wp:attachment":[{"href":"https:\/\/pizbube.ch\/en\/wp-json\/wp\/v2\/media?parent=146095"}],"wp:term":[{"taxonomy":"product_brand","embeddable":true,"href":"https:\/\/pizbube.ch\/en\/wp-json\/wp\/v2\/product_brand?post=146095"},{"taxonomy":"product_cat","embeddable":true,"href":"https:\/\/pizbube.ch\/en\/wp-json\/wp\/v2\/product_cat?post=146095"},{"taxonomy":"product_tag","embeddable":true,"href":"https:\/\/pizbube.ch\/en\/wp-json\/wp\/v2\/product_tag?post=146095"}],"curies":[{"name":"wp","href":"https:\/\/api.w.org\/{rel}","templated":true}]}}