{"id":146097,"date":"2021-01-15T10:53:14","date_gmt":"2021-01-15T10:53:14","guid":{"rendered":"https:\/\/codengine3.ch\/?product=import-placeholder-for-205696"},"modified":"2021-01-15T14:43:13","modified_gmt":"2021-01-15T14:43:13","slug":"sherpas-die-wahren-helden-am-everest-dvd","status":"publish","type":"product","link":"https:\/\/pizbube.ch\/en\/shop\/sherpas-die-wahren-helden-am-everest-dvd\/","title":{"rendered":"Sherpas &#8211; Die wahren Helden am Everest DVD"},"content":{"rendered":"<p>SF Dok-Serie in 3 Folgen; DVD, 150 Min.  <\/p>\n<p>SF 1 zeigt mit &#8218;Sherpas &#8211; Die wahren Helden am Everest&#8216; eine dreiteilige<br \/>\nDokumentation der besonderen Art \u00fcber eine Expedition am Mount Everest.<br \/>\nEinheimische Nepalesen und Sherpas filmten die Realit\u00e4t der Sherpas und<br \/>\nbringen damit ihre eigene Sichtweise ein, w\u00e4hrend die SF-Reporter das gesamte<br \/>\nUnternehmen beobachteten. F\u00fchrende Produzenten der interkulturellen<br \/>\nZusammenarbeit sind Frank Senn (SF DOK) und Hari Thapa (Nepal) gemeinsam mit<br \/>\nOtto C. Honegger.<br \/>\nSprachen: Schweizerdeutsch<br \/>\nUntertitel: Deutsch, Deutsch f\u00fcr H\u00f6rbehinderte<br \/>\nBildformat: 16:9  <\/p>","protected":false},"excerpt":{"rendered":"<p>SF Dok-Serie in 3 Folgen; DVD, 150 Min. SF 1 zeigt mit &#8218;Sherpas &#8211; Die wahren Helden am Everest&#8216; eine dreiteilige Dokumentation der besonderen Art \u00fcber eine Expedition am Mount Everest. Einheimische Nepalesen und Sherpas filmten die Realit\u00e4t der Sherpas und bringen damit ihre eigene Sichtweise ein, w\u00e4hrend die SF-Reporter das gesamte Unternehmen beobachteten. F\u00fchrende [&#8230;]\n","protected":false},"featured_media":34505,"template":"","meta":[],"product_brand":[],"product_cat":[21628],"product_tag":[],"class_list":{"0":"post-146097","1":"product","2":"type-product","3":"status-publish","4":"has-post-thumbnail","6":"product_cat-video-dvd-multimedia","7":"pa_autor-senn-thapa-honegger","8":"pa_erscheinungsjahr-21693","9":"pa_region-asien","10":"pa_sprache-de","12":"first","13":"instock","14":"taxable","15":"shipping-taxable","16":"purchasable","17":"product-type-simple"},"_links":{"self":[{"href":"https:\/\/pizbube.ch\/en\/wp-json\/wp\/v2\/product\/146097","targetHints":{"allow":["GET"]}}],"collection":[{"href":"https:\/\/pizbube.ch\/en\/wp-json\/wp\/v2\/product"}],"about":[{"href":"https:\/\/pizbube.ch\/en\/wp-json\/wp\/v2\/types\/product"}],"wp:featuredmedia":[{"embeddable":true,"href":"https:\/\/pizbube.ch\/en\/wp-json\/wp\/v2\/media\/34505"}],"wp:attachment":[{"href":"https:\/\/pizbube.ch\/en\/wp-json\/wp\/v2\/media?parent=146097"}],"wp:term":[{"taxonomy":"product_brand","embeddable":true,"href":"https:\/\/pizbube.ch\/en\/wp-json\/wp\/v2\/product_brand?post=146097"},{"taxonomy":"product_cat","embeddable":true,"href":"https:\/\/pizbube.ch\/en\/wp-json\/wp\/v2\/product_cat?post=146097"},{"taxonomy":"product_tag","embeddable":true,"href":"https:\/\/pizbube.ch\/en\/wp-json\/wp\/v2\/product_tag?post=146097"}],"curies":[{"name":"wp","href":"https:\/\/api.w.org\/{rel}","templated":true}]}}