{"id":146098,"date":"2021-01-15T10:53:14","date_gmt":"2021-01-15T10:53:14","guid":{"rendered":"https:\/\/codengine3.ch\/?product=import-placeholder-for-205663"},"modified":"2024-04-23T16:18:31","modified_gmt":"2024-04-23T14:18:31","slug":"sherpas-am-everest-die-geschichte-der-wahren-helden","status":"publish","type":"product","link":"https:\/\/pizbube.ch\/en\/shop\/sherpas-am-everest-die-geschichte-der-wahren-helden\/","title":{"rendered":"Sherpas am Everest &#8211; Die Geschichte der wahren Helden"},"content":{"rendered":"<p>Wenn westliche Bergsteiger vom Everest zur\u00fcckkommen, erz\u00e4hlen sie von<br \/>\nden Strapazen, von ihrem Triumph, vom Sieg \u00fcber sich selber. Sie erz\u00e4hlen auch<br \/>\nvon den Sherpas, die ihnen immer l\u00e4chelnd geholfen haben und sich nie etwas<br \/>\nvon den Anstrengungen anmerken liessen. Als Helden werden die westlichen<br \/>\nBergsteiger in den Medien pr\u00e4sentiert. Die Sherpas sind einfach da, werden<br \/>\nvielleicht einmal lobend erw\u00e4hnt.<\/p>\n<p>Zum ersten Mal wird auf eindr\u00fcckliche Art die Geschichte der &#8218;wahren Helden&#8216;<br \/>\nbei einer Besteigung des Everest gezeigt. Ausger\u00fcstet mit Film- und Fotokamera<br \/>\ndokumentieren die Sherpas mit eindr\u00fccklichen Bildern: die gef\u00e4hrliche Arbeit<br \/>\nim ber\u00fcchtigten Khumbu-Eisfall, bei Sturm und K\u00e4lte in eisigen H\u00f6hen Material<br \/>\nschleppen und Lager einrichten, Fixseile in der Todeszone verlegen und<br \/>\nschlussendlich die zahlenden &#8218;Touristen&#8216; auf den Gipfel bringen.<br \/>\nKari Kobler, der seit acht Jahren kommerzielle Expeditionen an den Everest<br \/>\nf\u00fchrt, wird mit seiner Mannschaft im umgekehrten Sinn aus der Sicht der<br \/>\nSherpas begleitet, fotografiert und gefilmt.<br \/>\nDie beiden Autoren Otto C. Honegger und Frank Senn erg\u00e4nzen das Buch mit<br \/>\nverschiedenen wissenswerten Textbeitr\u00e4gen \u00fcber das Leben der Sherpas im Dorf<br \/>\nund am Berg. Geschichten hinter den Kulissen erz\u00e4hlen von den Dreharbeiten und<br \/>\nvon den auszubildenden Sherpa-Kameraleuten. Interviews mit den &#8218;climbing<br \/>\nsherpas&#8216; runden das Buch ab.<\/p>","protected":false},"excerpt":{"rendered":"<p>Wenn westliche Bergsteiger vom Everest zur\u00fcckkommen, erz\u00e4hlen sie von den Strapazen, von ihrem Triumph, vom Sieg \u00fcber sich selber. Sie erz\u00e4hlen auch von den Sherpas, die ihnen immer l\u00e4chelnd geholfen haben und sich nie etwas von den Anstrengungen anmerken liessen. Als Helden werden die westlichen Bergsteiger in den Medien pr\u00e4sentiert. Die Sherpas sind einfach da, [&#8230;]\n","protected":false},"featured_media":172670,"template":"","meta":[],"product_brand":[],"product_cat":[21542],"product_tag":[],"class_list":{"0":"post-146098","1":"product","2":"type-product","3":"status-publish","4":"has-post-thumbnail","6":"product_cat-sachbuecher-dokumentationen","7":"pa_autor-honegger-senn","8":"pa_erscheinungsjahr-21693","9":"pa_region-asien","10":"pa_sprache-de","12":"first","13":"onbackorder","14":"taxable","15":"shipping-taxable","16":"purchasable","17":"product-type-simple"},"_links":{"self":[{"href":"https:\/\/pizbube.ch\/en\/wp-json\/wp\/v2\/product\/146098","targetHints":{"allow":["GET"]}}],"collection":[{"href":"https:\/\/pizbube.ch\/en\/wp-json\/wp\/v2\/product"}],"about":[{"href":"https:\/\/pizbube.ch\/en\/wp-json\/wp\/v2\/types\/product"}],"wp:featuredmedia":[{"embeddable":true,"href":"https:\/\/pizbube.ch\/en\/wp-json\/wp\/v2\/media\/172670"}],"wp:attachment":[{"href":"https:\/\/pizbube.ch\/en\/wp-json\/wp\/v2\/media?parent=146098"}],"wp:term":[{"taxonomy":"product_brand","embeddable":true,"href":"https:\/\/pizbube.ch\/en\/wp-json\/wp\/v2\/product_brand?post=146098"},{"taxonomy":"product_cat","embeddable":true,"href":"https:\/\/pizbube.ch\/en\/wp-json\/wp\/v2\/product_cat?post=146098"},{"taxonomy":"product_tag","embeddable":true,"href":"https:\/\/pizbube.ch\/en\/wp-json\/wp\/v2\/product_tag?post=146098"}],"curies":[{"name":"wp","href":"https:\/\/api.w.org\/{rel}","templated":true}]}}