{"id":146103,"date":"2021-01-15T10:53:14","date_gmt":"2021-01-15T10:53:14","guid":{"rendered":"https:\/\/codengine3.ch\/?product=import-placeholder-for-204602"},"modified":"2026-03-13T10:25:26","modified_gmt":"2026-03-13T09:25:26","slug":"sci-alpinismo-in-valle-di-susa-125000","status":"publish","type":"product","link":"https:\/\/pizbube.ch\/en\/shop\/sci-alpinismo-in-valle-di-susa-125000\/","title":{"rendered":"Sci Alpinismo in Val di Susa 1:25&#8217;000 &#8211; Blatt S-01"},"content":{"rendered":"<p>Topographic map of Valle di Susa in Piemonte, Italy 1:20&#8217;000 with<br \/>\nmountaineering ski and snowboarding itineraries.<br \/>\nUphill and downhill info and scale of difficulty<\/p>\n<p>Lo sci e lo snowboard in Valle di Susa. Vissuto lontano dalla frenesia degli<br \/>\nimpianti sciistici, alla riscoperta di valli isolate, dove la natura domina<br \/>\nancora incontrastata. In una valle di passaggio, conosciuta<br \/>\nper la velocit\u00e0, con questa cartoguida si p\u00f9\u00f2 salire al proprio passo, godendo<br \/>\ndi paesaggi stupendi, arrivare in cima e gustarsi la soddisfazione della<br \/>\nvetta, per poi buttarsi in divertenti discese, valutando sempre tutti i<br \/>\nrischi, artva<br \/>\nsempre acceso, pala e sonda nello zaino! Buon inverno&#8230;<\/p>\n<p>DATI TECNICI:<\/p>\n<p>135 gite, che offrono la possibilit\u00e0 di spaziare, tra la breve passeggiata e<br \/>\nla gita pi\u00f9 impegnativa e intensa, fino a raggiungere le pendenze sostenute ed<br \/>\nemozionanti dello sci ripido<br \/>\nCartografia alla scala 1:25000<br \/>\nItinerari classificati sia in Scala Volo che Scala Blach\u00e8re<br \/>\nTutte le informazioni sci-alpinistiche organizzate in pratiche tabelle<br \/>\nStampata su entrambe i lati, utilizzando fogli di polipropilene leggerissimo,<br \/>\nimpermeabile, antistrappo e riciclabile. Non appesantisce lo zaino, e<br \/>\nall&#8217;occorrenza potr\u00e0 essere comodamente consultata anche se i guanti sono<br \/>\numidi!<\/p>","protected":false},"excerpt":{"rendered":"<p>Topographic map of Valle di Susa in Piemonte, Italy 1:20&#8217;000 with mountaineering ski and snowboarding itineraries. Uphill and downhill info and scale of difficulty Lo sci e lo snowboard in Valle di Susa. Vissuto lontano dalla frenesia degli impianti sciistici, alla riscoperta di valli isolate, dove la natura domina ancora incontrastata. In una valle di [&#8230;]\n","protected":false},"featured_media":172019,"template":"","meta":[],"product_brand":[],"product_cat":[21543],"product_tag":[27671],"class_list":{"0":"post-146103","1":"product","2":"type-product","3":"status-publish","4":"has-post-thumbnail","6":"product_cat-landkarten","7":"product_tag-sci-alpinismo-in-valle-di-susa","8":"pa_autor-fraternali-edit","9":"pa_erscheinungsjahr-25440","10":"pa_region-italien","11":"pa_sprache-it-en","13":"first","14":"instock","15":"taxable","16":"shipping-taxable","17":"purchasable","18":"product-type-simple"},"_links":{"self":[{"href":"https:\/\/pizbube.ch\/en\/wp-json\/wp\/v2\/product\/146103","targetHints":{"allow":["GET"]}}],"collection":[{"href":"https:\/\/pizbube.ch\/en\/wp-json\/wp\/v2\/product"}],"about":[{"href":"https:\/\/pizbube.ch\/en\/wp-json\/wp\/v2\/types\/product"}],"wp:featuredmedia":[{"embeddable":true,"href":"https:\/\/pizbube.ch\/en\/wp-json\/wp\/v2\/media\/172019"}],"wp:attachment":[{"href":"https:\/\/pizbube.ch\/en\/wp-json\/wp\/v2\/media?parent=146103"}],"wp:term":[{"taxonomy":"product_brand","embeddable":true,"href":"https:\/\/pizbube.ch\/en\/wp-json\/wp\/v2\/product_brand?post=146103"},{"taxonomy":"product_cat","embeddable":true,"href":"https:\/\/pizbube.ch\/en\/wp-json\/wp\/v2\/product_cat?post=146103"},{"taxonomy":"product_tag","embeddable":true,"href":"https:\/\/pizbube.ch\/en\/wp-json\/wp\/v2\/product_tag?post=146103"}],"curies":[{"name":"wp","href":"https:\/\/api.w.org\/{rel}","templated":true}]}}