{"id":146107,"date":"2021-01-15T10:53:15","date_gmt":"2021-01-15T10:53:15","guid":{"rendered":"https:\/\/codengine3.ch\/?product=import-placeholder-for-200029"},"modified":"2026-03-13T10:26:57","modified_gmt":"2026-03-13T09:26:57","slug":"scialpinismo-in-valle-stura-125000","status":"publish","type":"product","link":"https:\/\/pizbube.ch\/en\/shop\/scialpinismo-in-valle-stura-125000\/","title":{"rendered":"Scialpinismo Valle Stura 1:25&#8217;000 &#8211; Blatt S-04"},"content":{"rendered":"<p>Scialpinismo in Valle Stura (sheet S-04)<\/p>\n<p>Topographic map with mountaineering ski and snowboard itineraries.<br \/>\nUphill and downhill info and scale of difficulty.<\/p>\n<p>Carta topografica con itinerari di schi\/snowboard alpinismo.<br \/>\nDettagli di salita e discesa con scala di difficolt\u00e0.<\/p>\n<p>Carte topographique des itin\u00e9raires de ski-alpinisme et snowboard.<br \/>\nD\u00e9tails de mont\u00e9e et de descente avec echelle de difficult\u00e9.<\/p>\n<p>Questa cartoguida di Katia vuole rappresentare un nuovo modo di fare sci-<br \/>\nalpinismo.<br \/>\nCon all&#8217;interno una serie di dati tecnici per ogni singola gita (quali<br \/>\npartenze\/arrivi, quote, esposizione, difficolt\u00e0, ecc.), potrai scegliere<br \/>\nl&#8217;escursione pi\u00f9 adatta e sulla cartina consultare la traccia gps.<br \/>\nQuindi non pi\u00f9 pesanti guide o cartine poco chiare, ma un unico prodotto; una<br \/>\ncartoguida che potrai sempre portarti dietro e consultare grazie al suo<br \/>\nmateriale indistruttibile.<\/p>\n<p>DATI TECNICI<\/p>\n<p>Cartografia alla scala 1:25000<br \/>\nTutte le informazioni sci-alpinistiche organizzate in pratiche tabelle<br \/>\nStampata su entrambi i lati, utilizzando fogli di polipropilene leggerissimo,<br \/>\nimpermeabile, antistrappo e riciclabile<\/p>","protected":false},"excerpt":{"rendered":"<p>Scialpinismo in Valle Stura (sheet S-04) Topographic map with mountaineering ski and snowboard itineraries. Uphill and downhill info and scale of difficulty. Carta topografica con itinerari di schi\/snowboard alpinismo. Dettagli di salita e discesa con scala di difficolt\u00e0. Carte topographique des itin\u00e9raires de ski-alpinisme et snowboard. D\u00e9tails de mont\u00e9e et de descente avec echelle de [&#8230;]\n","protected":false},"featured_media":157128,"template":"","meta":[],"product_brand":[],"product_cat":[21543],"product_tag":[],"class_list":{"0":"post-146107","1":"product","2":"type-product","3":"status-publish","4":"has-post-thumbnail","6":"product_cat-landkarten","7":"pa_autor-tomatis-fraternali","8":"pa_erscheinungsjahr-25440","9":"pa_region-italien","10":"pa_sprache-it-fr-en","12":"first","13":"instock","14":"taxable","15":"shipping-taxable","16":"purchasable","17":"product-type-simple"},"_links":{"self":[{"href":"https:\/\/pizbube.ch\/en\/wp-json\/wp\/v2\/product\/146107","targetHints":{"allow":["GET"]}}],"collection":[{"href":"https:\/\/pizbube.ch\/en\/wp-json\/wp\/v2\/product"}],"about":[{"href":"https:\/\/pizbube.ch\/en\/wp-json\/wp\/v2\/types\/product"}],"wp:featuredmedia":[{"embeddable":true,"href":"https:\/\/pizbube.ch\/en\/wp-json\/wp\/v2\/media\/157128"}],"wp:attachment":[{"href":"https:\/\/pizbube.ch\/en\/wp-json\/wp\/v2\/media?parent=146107"}],"wp:term":[{"taxonomy":"product_brand","embeddable":true,"href":"https:\/\/pizbube.ch\/en\/wp-json\/wp\/v2\/product_brand?post=146107"},{"taxonomy":"product_cat","embeddable":true,"href":"https:\/\/pizbube.ch\/en\/wp-json\/wp\/v2\/product_cat?post=146107"},{"taxonomy":"product_tag","embeddable":true,"href":"https:\/\/pizbube.ch\/en\/wp-json\/wp\/v2\/product_tag?post=146107"}],"curies":[{"name":"wp","href":"https:\/\/api.w.org\/{rel}","templated":true}]}}