{"id":146110,"date":"2021-01-15T10:53:15","date_gmt":"2021-01-15T10:53:15","guid":{"rendered":"https:\/\/codengine3.ch\/?product=import-placeholder-for-200009"},"modified":"2026-02-27T15:56:04","modified_gmt":"2026-02-27T14:56:04","slug":"grandes-jorasses-north-face-face-nord","status":"publish","type":"product","link":"https:\/\/pizbube.ch\/en\/shop\/grandes-jorasses-north-face-face-nord\/","title":{"rendered":"Grandes Jorasses: North Face &#8211; Face Nord"},"content":{"rendered":"<p>The first comprehensive guide describing all the routes on the north face of<br \/>\nthe Grandes Jorasses. The guide contains full route descriptions, detailed<br \/>\ntopos and a historical overview &#8211; also included are tips helping climbers to<br \/>\nanalyse conditions and the best times to attempt a route.<br \/>\nEnglish and French languages.<\/p>\n<p>North Face &#8211; all the routes.<br \/>\nEast Face &#8211; mixed routes.<br \/>\nSouth Face &#8211; descent routes.<\/p>\n<p>212 pages<\/p>\n<p>&nbsp;<\/p>\n<p>La face Nord des Grandes Jorasses appartient \u00e0 la trilogie mythique des Alpes<br \/>\n(Cervin\/Eiger\/Jorasses).<\/p>\n<p>Une cinquantaine d\u2019itin\u00e9raires parcourent aujourd\u2019hui l\u2019immense paroi o\u00f9 se<br \/>\nm\u00ealent neige, glace et rocher. Quelques-uns sont devenus des escalades<br \/>\nclassiques de grande envergure (Hirondelles, Linceul, Walker, Croz), la<br \/>\nplupart restent m\u00e9connus ou aur\u00e9ol\u00e9s de myst\u00e8res. Pourtant la vari\u00e9t\u00e9 de ces<br \/>\nlignes et leur logique r\u00e9servent \u00e0 l\u2019alpiniste d\u2019aujourd\u2019hui un terrain<br \/>\nd\u2019aventure sans \u00e9quivalent au monde.<\/p>\n<p>Les grands itin\u00e9raires historiques fascinent chaque alpiniste. L\u2019\u00e9volution des<br \/>\nmentalit\u00e9s et des techniques d\u2019ascension les ont rendus accessibles \u00e0 un plus<br \/>\ngrand nombre et suscitent un engouement de plus en plus fort chaque \u00e9t\u00e9 et<br \/>\nchaque automne ! Mais la face Nord des Grandes Jorasses est aussi devenue le<br \/>\ngrand laboratoire du mixte moderne. Une tendance nette se dessine depuis une<br \/>\ndizaine d\u2019ann\u00e9es : parcourir les itin\u00e9raires avec un style radicalement<br \/>\nnouveau en utilisant au mieux les placages neige et glace (plut\u00f4t que de les<br \/>\n\u00e9viter). Un aboutissement de l\u2019escalade mixte et de l\u2019apport du dry-tooling<br \/>\npar la jeune g\u00e9n\u00e9ration d\u2019alpinistes.<\/p>\n<p>212 pages;<br \/>\nVersion bilingue F\/GB<\/p>","protected":false},"excerpt":{"rendered":"<ul>\n<li><a href=\"https:\/\/youtu.be\/xUculxs_eG0\" target=\"_blank\" rel=\"noopener\">Video: Topo Grandes Jorasses Face Nord Julien D\u00e9s\u00e9cures JMEditions Chamonix Fran\u00e7ois Damilano <\/a><\/li>\n<\/ul>","protected":false},"featured_media":170554,"template":"","meta":[],"product_brand":[],"product_cat":[21544],"product_tag":[],"class_list":{"0":"post-146110","1":"product","2":"type-product","3":"status-publish","4":"has-post-thumbnail","6":"product_cat-fuehrerliteratur-alpin-sommer","7":"pa_autor-desecures","8":"pa_erscheinungsjahr-21568","9":"pa_region-frankreich","10":"pa_sprache-en-fr","12":"first","13":"instock","14":"taxable","15":"shipping-taxable","16":"purchasable","17":"product-type-simple"},"_links":{"self":[{"href":"https:\/\/pizbube.ch\/en\/wp-json\/wp\/v2\/product\/146110","targetHints":{"allow":["GET"]}}],"collection":[{"href":"https:\/\/pizbube.ch\/en\/wp-json\/wp\/v2\/product"}],"about":[{"href":"https:\/\/pizbube.ch\/en\/wp-json\/wp\/v2\/types\/product"}],"wp:featuredmedia":[{"embeddable":true,"href":"https:\/\/pizbube.ch\/en\/wp-json\/wp\/v2\/media\/170554"}],"wp:attachment":[{"href":"https:\/\/pizbube.ch\/en\/wp-json\/wp\/v2\/media?parent=146110"}],"wp:term":[{"taxonomy":"product_brand","embeddable":true,"href":"https:\/\/pizbube.ch\/en\/wp-json\/wp\/v2\/product_brand?post=146110"},{"taxonomy":"product_cat","embeddable":true,"href":"https:\/\/pizbube.ch\/en\/wp-json\/wp\/v2\/product_cat?post=146110"},{"taxonomy":"product_tag","embeddable":true,"href":"https:\/\/pizbube.ch\/en\/wp-json\/wp\/v2\/product_tag?post=146110"}],"curies":[{"name":"wp","href":"https:\/\/api.w.org\/{rel}","templated":true}]}}