{"id":146111,"date":"2021-01-15T10:53:15","date_gmt":"2021-01-15T10:53:15","guid":{"rendered":"https:\/\/codengine3.ch\/?product=import-placeholder-for-202035"},"modified":"2021-01-15T12:32:48","modified_gmt":"2021-01-15T12:32:48","slug":"montblanc-massif-vol-1","status":"publish","type":"product","link":"https:\/\/pizbube.ch\/en\/shop\/montblanc-massif-vol-1\/","title":{"rendered":"Montblanc Massif Vol. 1"},"content":{"rendered":"<p>Col de la B\u00e9rang\u00e8re to Col de Tal\u00e8fre: selected climbs with topos and<br \/>\nroutephotos. Mont Blanc, Grande Jorasses etc.  <\/p>\n<p>The Alpine Club&#8217;s seminal guidebook series covering rock, ice, mixed alpine<br \/>\nclimbs of the French Alps.<br \/>\nCrags: Aiguille du Bionnassay, Dent du Geant, Domes des Miages, Mont Blanc,<br \/>\nMont Blanc de Tacul East Face, Mont Blanc de Tacul NW Face, Mont Maudit, Mt.<br \/>\nBlanc du Tacul North Face Triangle, Rive Gauche &#8211; Argentiere Glacier  <\/p>","protected":false},"excerpt":{"rendered":"<p>Col de la B\u00e9rang\u00e8re to Col de Tal\u00e8fre: selected climbs with topos and routephotos. Mont Blanc, Grande Jorasses etc. The Alpine Club&#8217;s seminal guidebook series covering rock, ice, mixed alpine climbs of the French Alps. Crags: Aiguille du Bionnassay, Dent du Geant, Domes des Miages, Mont Blanc, Mont Blanc de Tacul East Face, Mont Blanc [&#8230;]\n","protected":false},"featured_media":29416,"template":"","meta":[],"product_brand":[],"product_cat":[21544],"product_tag":[],"class_list":{"0":"post-146111","1":"product","2":"type-product","3":"status-publish","4":"has-post-thumbnail","6":"product_cat-fuehrerliteratur-alpin-sommer","7":"pa_autor-griffin","8":"pa_erscheinungsjahr-22144","9":"pa_region-frankreich","10":"pa_sprache-en","12":"first","13":"instock","14":"taxable","15":"shipping-taxable","16":"purchasable","17":"product-type-simple"},"_links":{"self":[{"href":"https:\/\/pizbube.ch\/en\/wp-json\/wp\/v2\/product\/146111","targetHints":{"allow":["GET"]}}],"collection":[{"href":"https:\/\/pizbube.ch\/en\/wp-json\/wp\/v2\/product"}],"about":[{"href":"https:\/\/pizbube.ch\/en\/wp-json\/wp\/v2\/types\/product"}],"wp:featuredmedia":[{"embeddable":true,"href":"https:\/\/pizbube.ch\/en\/wp-json\/wp\/v2\/media\/29416"}],"wp:attachment":[{"href":"https:\/\/pizbube.ch\/en\/wp-json\/wp\/v2\/media?parent=146111"}],"wp:term":[{"taxonomy":"product_brand","embeddable":true,"href":"https:\/\/pizbube.ch\/en\/wp-json\/wp\/v2\/product_brand?post=146111"},{"taxonomy":"product_cat","embeddable":true,"href":"https:\/\/pizbube.ch\/en\/wp-json\/wp\/v2\/product_cat?post=146111"},{"taxonomy":"product_tag","embeddable":true,"href":"https:\/\/pizbube.ch\/en\/wp-json\/wp\/v2\/product_tag?post=146111"}],"curies":[{"name":"wp","href":"https:\/\/api.w.org\/{rel}","templated":true}]}}