{"id":146112,"date":"2021-01-15T10:53:15","date_gmt":"2021-01-15T10:53:15","guid":{"rendered":"https:\/\/codengine3.ch\/?product=import-placeholder-for-204353"},"modified":"2021-01-15T14:32:16","modified_gmt":"2021-01-15T14:32:16","slug":"encorde-mais-libre","status":"publish","type":"product","link":"https:\/\/pizbube.ch\/en\/shop\/encorde-mais-libre\/","title":{"rendered":"Encord\u00e9 mais libre"},"content":{"rendered":"<p>167 jours au diapason de la montagne, un bon millier de kilom\u00e8tres \u00e0 pied et \u00e0<br \/>\nskis, 141 683 m\u00e8tres de d\u00e9nivel\u00e9 positif entre le Triglav en Slov\u00e9nie et la<br \/>\nM\u00e9diterran\u00e9e, 22 280 m\u00e8tres en paroi, 22 sommets mythiques&#8230; Du 26 ao\u00fbt 2000<br \/>\nau 9 f\u00e9vrier 2001, Patrick Berhault a r\u00e9alis\u00e9 une formidable travers\u00e9e de<br \/>\nl&#8217;arc alpin en gravissant au fil de sa route les voies les plus difficiles ou<br \/>\nles plus marquantes des principaux sommets (Triglav, Cima Ovest, Cima Grande,<br \/>\nCivetta punta Tissi, Civetta cima Su Alto, Marmolada, Marmolada di Rocca,<br \/>\nCrozzon di Brenta, Brenta Alta, Cengalo, Piz Badile, Grandes Jorasses face<br \/>\nnord, mont Blanc Hypercouloir puis ar\u00eate du Brouillard, Cervin face nord,<br \/>\nEiger face nord, Grande Casse face nord, aiguilles d&#8217;Arves, Meije face sud,<br \/>\nD\u00f4me de neige des \u00c9crins, travers\u00e9e du Viso, Corno Stella, Marguareis pointe<br \/>\nScarasson). S&#8217;il a d\u00fb accomplir quelques ascensions en solitaire, il a voulu<br \/>\npartager cette aventure avec des compagnons de cord\u00e9e, parmi lesquels Patrick<br \/>\nEdlinger, Patrick Gabarrou, Philippe Magnin, Ottavio Fassini, Val\u00e9rie Aubagne,<br \/>\nGa\u00ebl Bouquet des Chaux, Tomaz Humar, imaginant la rendre ainsi plus belle et<br \/>\nplus forte encore. Avec eux, il a sign\u00e9 une performance sportive<br \/>\nexceptionnelle, mais leur odyss\u00e9e, dans des conditions souvent extr\u00eames, est<br \/>\naussi un voyage au long cours in\u00e9dit dans la g\u00e9ographie et l&#8217;histoire alpine.  <\/p>","protected":false},"excerpt":{"rendered":"<p>167 jours au diapason de la montagne, un bon millier de kilom\u00e8tres \u00e0 pied et \u00e0 skis, 141 683 m\u00e8tres de d\u00e9nivel\u00e9 positif entre le Triglav en Slov\u00e9nie et la M\u00e9diterran\u00e9e, 22 280 m\u00e8tres en paroi, 22 sommets mythiques&#8230; Du 26 ao\u00fbt 2000 au 9 f\u00e9vrier 2001, Patrick Berhault a r\u00e9alis\u00e9 une formidable travers\u00e9e de [&#8230;]\n","protected":false},"featured_media":32193,"template":"","meta":[],"product_brand":[],"product_cat":[21542],"product_tag":[],"class_list":{"0":"post-146112","1":"product","2":"type-product","3":"status-publish","4":"has-post-thumbnail","6":"product_cat-sachbuecher-dokumentationen","7":"pa_autor-berhault","8":"pa_erscheinungsjahr-22242","9":"pa_region-frankreich","10":"pa_sprache-fr","12":"first","13":"instock","14":"taxable","15":"shipping-taxable","16":"purchasable","17":"product-type-simple"},"_links":{"self":[{"href":"https:\/\/pizbube.ch\/en\/wp-json\/wp\/v2\/product\/146112","targetHints":{"allow":["GET"]}}],"collection":[{"href":"https:\/\/pizbube.ch\/en\/wp-json\/wp\/v2\/product"}],"about":[{"href":"https:\/\/pizbube.ch\/en\/wp-json\/wp\/v2\/types\/product"}],"wp:featuredmedia":[{"embeddable":true,"href":"https:\/\/pizbube.ch\/en\/wp-json\/wp\/v2\/media\/32193"}],"wp:attachment":[{"href":"https:\/\/pizbube.ch\/en\/wp-json\/wp\/v2\/media?parent=146112"}],"wp:term":[{"taxonomy":"product_brand","embeddable":true,"href":"https:\/\/pizbube.ch\/en\/wp-json\/wp\/v2\/product_brand?post=146112"},{"taxonomy":"product_cat","embeddable":true,"href":"https:\/\/pizbube.ch\/en\/wp-json\/wp\/v2\/product_cat?post=146112"},{"taxonomy":"product_tag","embeddable":true,"href":"https:\/\/pizbube.ch\/en\/wp-json\/wp\/v2\/product_tag?post=146112"}],"curies":[{"name":"wp","href":"https:\/\/api.w.org\/{rel}","templated":true}]}}