{"id":146113,"date":"2021-01-15T10:53:15","date_gmt":"2021-01-15T10:53:15","guid":{"rendered":"https:\/\/codengine3.ch\/?product=import-placeholder-for-208662"},"modified":"2024-06-29T12:44:10","modified_gmt":"2024-06-29T10:44:10","slug":"mont-blanc-les-plus-belles-courses-rocher-neige-glace-et-mixte","status":"publish","type":"product","link":"https:\/\/pizbube.ch\/en\/shop\/mont-blanc-les-plus-belles-courses-rocher-neige-glace-et-mixte\/","title":{"rendered":"Mont-Blanc, les plus belles courses Rocher, neige, glace et mixte"},"content":{"rendered":"<p>L\u2019alpinisme moderne s\u2019exprime dans des pratiques vari\u00e9es dont le massif du<br \/>\nMont-Blanc est le terrain d\u2019excellence. Parois purement rocheuses, grandes<br \/>\nfaces mixtes et glaciaires, ar\u00eates dentel\u00e9es et \u00e9troites goulottes voisinent<br \/>\navec les voies classiques accessibles au plus grand nombre.<\/p>\n<p>Afin d\u2019atteindre ces cimes prestigieuses par les voies les plus int\u00e9ressantes,<br \/>\nselon des crit\u00e8res bien \u00e9tablis au fil des ans ou apparus plus r\u00e9cemment, cet<br \/>\nouvrage pr\u00e9sente une s\u00e9lection de 100 courses incontournables, de la grande<br \/>\nclassique historique aux nouvelles lignes ouvertes ces derni\u00e8res ann\u00e9es, 100<br \/>\nitin\u00e9raires dans un ordre croissant de difficult\u00e9.<\/p>\n<p>L\u2019auteur aborde l\u2019historique et l\u2019ambiance de chaque course avant de donner<br \/>\ntous les renseignements techniques n\u00e9cessaires, compl\u00e9t\u00e9s par des trac\u00e9s sur<br \/>\nphotos et des croquis d\u00e9taill\u00e9s. Une grande place est donn\u00e9e \u00e0 l\u2019aspect visuel<br \/>\ngr\u00e2ce \u00e0 de nombreuses photographies de qualit\u00e9 valoris\u00e9es par le grand format<br \/>\nde l\u2019ouvrage.<\/p>\n<p>Le choix des courses a \u00e9t\u00e9 d\u00e9termin\u00e9 par la qualit\u00e9 du rocher, de<br \/>\nl\u2019\u00e9quipement, l\u2019esth\u00e9tique de l\u2019environnement, le prestige du sommet,<br \/>\nl\u2019engouement qu\u2019elles suscitent\u2026 Les pratiques modernes sont \u00e0 l\u2019honneur :<br \/>\ngoulottes qui ne se forment qu\u2019en hiver, falaises d\u2019altitude \u00e9quip\u00e9es pour<br \/>\nl\u2019escalade libre difficile, encha\u00eenements d\u2019ar\u00eates et travers\u00e9es de grands<br \/>\nsommets\u2026 Il y en a pour tous les go\u00fbts. \u00c0 c\u00f4t\u00e9 de noms aussi connus que<br \/>\nl\u2019ar\u00eate des Cosmiques, la Directe am\u00e9ricaine aux Drus, le couloir Whymper \u00e0 la<br \/>\nVerte, le Linceul et la Walker aux Jorasses ou l\u2019ar\u00eate Kuffner au Maudit, on<br \/>\ntrouve par exemple _Le festin de Babeth_ aux Ciseaux, _No Siesta_ aux Jorasses<br \/>\nou _Ma Dalton_ \u00e0 l\u2019aiguille du Midi.<\/p>\n<p>Format : 265 x 293 mm; 216 pages<\/p>","protected":false},"excerpt":{"rendered":"<ul>\n<li><strong><a href=\"https:\/\/youtu.be\/zefRANq48gw#!\" target=\"_blank\" rel=\"noopener\">Video: Mont-Blanc, les plus belles courses Rocher, neige, glace et mixte<\/a><\/strong><\/li>\n<\/ul>","protected":false},"featured_media":159572,"template":"","meta":[],"product_brand":[],"product_cat":[21544],"product_tag":[],"class_list":{"0":"post-146113","1":"product","2":"type-product","3":"status-publish","4":"has-post-thumbnail","6":"product_cat-fuehrerliteratur-alpin-sommer","7":"pa_autor-batoux","8":"pa_erscheinungsjahr-21621","9":"pa_region-frankreich","10":"pa_sprache-fr","12":"first","13":"onbackorder","14":"taxable","15":"shipping-taxable","16":"purchasable","17":"product-type-simple"},"_links":{"self":[{"href":"https:\/\/pizbube.ch\/en\/wp-json\/wp\/v2\/product\/146113","targetHints":{"allow":["GET"]}}],"collection":[{"href":"https:\/\/pizbube.ch\/en\/wp-json\/wp\/v2\/product"}],"about":[{"href":"https:\/\/pizbube.ch\/en\/wp-json\/wp\/v2\/types\/product"}],"wp:featuredmedia":[{"embeddable":true,"href":"https:\/\/pizbube.ch\/en\/wp-json\/wp\/v2\/media\/159572"}],"wp:attachment":[{"href":"https:\/\/pizbube.ch\/en\/wp-json\/wp\/v2\/media?parent=146113"}],"wp:term":[{"taxonomy":"product_brand","embeddable":true,"href":"https:\/\/pizbube.ch\/en\/wp-json\/wp\/v2\/product_brand?post=146113"},{"taxonomy":"product_cat","embeddable":true,"href":"https:\/\/pizbube.ch\/en\/wp-json\/wp\/v2\/product_cat?post=146113"},{"taxonomy":"product_tag","embeddable":true,"href":"https:\/\/pizbube.ch\/en\/wp-json\/wp\/v2\/product_tag?post=146113"}],"curies":[{"name":"wp","href":"https:\/\/api.w.org\/{rel}","templated":true}]}}