{"id":146115,"date":"2021-01-15T10:53:15","date_gmt":"2021-01-15T10:53:15","guid":{"rendered":"https:\/\/codengine3.ch\/?product=import-placeholder-for-202935"},"modified":"2024-02-03T13:00:04","modified_gmt":"2024-02-03T12:00:04","slug":"342-heures-dans-les-grandes-jorasses","status":"publish","type":"product","link":"https:\/\/pizbube.ch\/en\/shop\/342-heures-dans-les-grandes-jorasses\/","title":{"rendered":"342 HEURES DANS LES GRANDES JORASSES"},"content":{"rendered":"<p>Un drame o\u00f9 le temps ne se compte plus en jours mais en heures\u2026 Le 11 f\u00e9vrier<br \/>\n1971 :<br \/>\nRen\u00e9 Desmaison entreprend avec Serge Gousseault une grande premi\u00e8re hivernale<br \/>\nsur la face nord des Grandes Jorasses : la voie directe qui m\u00e8ne au sommet, la<br \/>\nPointe Walker (4 208 m).<\/p>\n<p>D\u00e8s les premiers jours, l\u2019ascension se r\u00e9v\u00e8le difficile, mais les deux<br \/>\ncompagnons sont l\u2019un et l\u2019autre des grimpeurs au palmar\u00e8s \u00e9loquent. Peu \u00e0 peu<br \/>\nn\u00e9anmoins, leur progression se complique. Le 15 f\u00e9vrier, \u00e0 300 m\u00e8tres du<br \/>\nsommet, les deux hommes n\u2019ont plus que deux jours de vivres. La m\u00e9t\u00e9o<br \/>\ns\u2019assombrit, la neige tombe, les pitons viennent \u00e0 manquer et les cordes sont<br \/>\nendommag\u00e9es.<\/p>\n<p>Au sixi\u00e8me jour, la fatigue s\u2019installe. D\u00e9sormais, chaque m\u00e8tre gagn\u00e9 est<br \/>\ndevenu un combat. Le froid glacial des bourrasques a produit ses effets : les<br \/>\nmains enflent, celles de Serge Gousseault d\u00e9mesur\u00e9ment. Bient\u00f4t, la peau<br \/>\npartira en lambeaux. Le drame se noue. Impossible de redescendre. Ils n\u2019ont<br \/>\nplus qu\u2019une seule solution pour survivre : sortir au plus vite de la paroi.<br \/>\nSerge Gousseault s\u2019\u00e9puise, il va mourir au 12\u00e8me jour. C\u2019est le journal d\u2019une<br \/>\ncord\u00e9e tragique que raconte ici Ren\u00e9 Desmaison, sauv\u00e9 in extremis au 15e jour<br \/>\nde cette exp\u00e9dition. Haletant et poignant, ce r\u00e9cit est celui d\u2019un long<br \/>\nnaufrage qui plonge le lecteur dans l\u2019angoisse : les bivouacs pr\u00e9caires les<br \/>\npieds dans le vide, la fin des contacts radio avec les proches, l\u2019insuffisance<br \/>\nde mat\u00e9riel, l\u2019absence de vivres.<\/p>\n<p>En son temps, ce drame des Grandes Jorasses animera une vive pol\u00e9mique sur les<br \/>\nsecours. Il reste aujourd\u2019hui un livre exceptionnel de la litt\u00e9rature de<br \/>\nmontagne, une le\u00e7on de solidarit\u00e9, un hymne \u00e0 l\u2019ascension, un hommage \u00e0 la<br \/>\nvuln\u00e9rabilit\u00e9 du grand alpiniste, aussi exp\u00e9riment\u00e9 soit-il, face aux<br \/>\n\u00e9l\u00e9ments.<\/p>","protected":false},"excerpt":{"rendered":"<p>Un drame o\u00f9 le temps ne se compte plus en jours mais en heures\u2026 Le 11 f\u00e9vrier 1971 : Ren\u00e9 Desmaison entreprend avec Serge Gousseault une grande premi\u00e8re hivernale sur la face nord des Grandes Jorasses : la voie directe qui m\u00e8ne au sommet, la Pointe Walker (4 208 m). D\u00e8s les premiers jours, l\u2019ascension [&#8230;]\n","protected":false},"featured_media":161927,"template":"","meta":[],"product_brand":[],"product_cat":[21629,21542],"product_tag":[],"class_list":{"0":"post-146115","1":"product","2":"type-product","3":"status-publish","4":"has-post-thumbnail","6":"product_cat-belletristik","7":"product_cat-sachbuecher-dokumentationen","8":"pa_autor-desmaison","9":"pa_erscheinungsjahr-25440","10":"pa_region-frankreich","11":"pa_sprache-fr","13":"first","14":"outofstock","15":"taxable","16":"shipping-taxable","17":"purchasable","18":"product-type-simple"},"_links":{"self":[{"href":"https:\/\/pizbube.ch\/en\/wp-json\/wp\/v2\/product\/146115","targetHints":{"allow":["GET"]}}],"collection":[{"href":"https:\/\/pizbube.ch\/en\/wp-json\/wp\/v2\/product"}],"about":[{"href":"https:\/\/pizbube.ch\/en\/wp-json\/wp\/v2\/types\/product"}],"wp:featuredmedia":[{"embeddable":true,"href":"https:\/\/pizbube.ch\/en\/wp-json\/wp\/v2\/media\/161927"}],"wp:attachment":[{"href":"https:\/\/pizbube.ch\/en\/wp-json\/wp\/v2\/media?parent=146115"}],"wp:term":[{"taxonomy":"product_brand","embeddable":true,"href":"https:\/\/pizbube.ch\/en\/wp-json\/wp\/v2\/product_brand?post=146115"},{"taxonomy":"product_cat","embeddable":true,"href":"https:\/\/pizbube.ch\/en\/wp-json\/wp\/v2\/product_cat?post=146115"},{"taxonomy":"product_tag","embeddable":true,"href":"https:\/\/pizbube.ch\/en\/wp-json\/wp\/v2\/product_tag?post=146115"}],"curies":[{"name":"wp","href":"https:\/\/api.w.org\/{rel}","templated":true}]}}