{"id":146116,"date":"2021-01-15T10:53:15","date_gmt":"2021-01-15T10:53:15","guid":{"rendered":"https:\/\/codengine3.ch\/?product=import-placeholder-for-200602"},"modified":"2024-02-28T11:08:32","modified_gmt":"2024-02-28T10:08:32","slug":"neige-glace-et-mixte-tome-1","status":"publish","type":"product","link":"https:\/\/pizbube.ch\/en\/shop\/neige-glace-et-mixte-tome-1\/","title":{"rendered":"neige, glace et mixte Tome 1"},"content":{"rendered":"<p>Le topo du massif du Mont Blanc! Tome 1: du bassin du Trient au bassin du<br \/>\nG\u00e9ant.<\/p>\n<p>Neige, glace et mixte est l\u00b9ouvrage de r\u00e9f\u00e9rence pour tout alpiniste<br \/>\nfr\u00e9quentant le massif du Mont-Blanc. Fran\u00e7ois Damilano offre ici une<br \/>\npr\u00e9sentation exhaustive des itin\u00e9raires glaciaires qui parcourent chaque<br \/>\nsommet.<\/p>\n<p>Cette troisi\u00e8me \u00e9dition pr\u00e9sente un Neige, Glace et Mixte corrig\u00e9, r\u00e9organis\u00e9<br \/>\net augment\u00e9. Une actualisation indispensable pour tenir compte des \u00e9volutions<br \/>\ndu terrain, des ouvertures de nouveaux itin\u00e9raires et de l\u2019\u00e9volution des<br \/>\npratiques de l\u2019alpinisme.<\/p>\n<p>Ce premier tome remodel\u00e9 rassemble plus de 772 itin\u00e9raires r\u00e9partis sur les 15<br \/>\nbassins de la partie orientale du massif. Avec le souci de pr\u00e9server la<br \/>\nm\u00e9moire des parcours de nos a\u00een\u00e9s tout en soulignant le dynamisme de nos<br \/>\ncontemporains ; avec la minutie de situer aussi bien les cols, br\u00e8ches et<br \/>\nautres ant\u00e9cimes que de valoriser les grandes faces des sommets phares ; avec<br \/>\nla pr\u00e9occupation de d\u00e9crire des passages oubli\u00e9s autant que de mettre en<br \/>\nlumi\u00e8re les voies r\u00e9centes.<\/p>","protected":false},"excerpt":{"rendered":"<p>Le topo du massif du Mont Blanc! Tome 1: du bassin du Trient au bassin du G\u00e9ant. Neige, glace et mixte est l\u00b9ouvrage de r\u00e9f\u00e9rence pour tout alpiniste fr\u00e9quentant le massif du Mont-Blanc. Fran\u00e7ois Damilano offre ici une pr\u00e9sentation exhaustive des itin\u00e9raires glaciaires qui parcourent chaque sommet. Cette troisi\u00e8me \u00e9dition pr\u00e9sente un Neige, Glace et [&#8230;]\n","protected":false},"featured_media":171797,"template":"","meta":[],"product_brand":[],"product_cat":[21544,21540],"product_tag":[],"class_list":{"0":"post-146116","1":"product","2":"type-product","3":"status-publish","4":"has-post-thumbnail","6":"product_cat-fuehrerliteratur-alpin-sommer","7":"product_cat-fuehrerliteratur-alpin-winter","8":"pa_autor-damilano","9":"pa_erscheinungsjahr-21546","10":"pa_region-frankreich","11":"pa_sprache-fr","13":"first","14":"instock","15":"taxable","16":"shipping-taxable","17":"purchasable","18":"product-type-simple"},"_links":{"self":[{"href":"https:\/\/pizbube.ch\/en\/wp-json\/wp\/v2\/product\/146116","targetHints":{"allow":["GET"]}}],"collection":[{"href":"https:\/\/pizbube.ch\/en\/wp-json\/wp\/v2\/product"}],"about":[{"href":"https:\/\/pizbube.ch\/en\/wp-json\/wp\/v2\/types\/product"}],"wp:featuredmedia":[{"embeddable":true,"href":"https:\/\/pizbube.ch\/en\/wp-json\/wp\/v2\/media\/171797"}],"wp:attachment":[{"href":"https:\/\/pizbube.ch\/en\/wp-json\/wp\/v2\/media?parent=146116"}],"wp:term":[{"taxonomy":"product_brand","embeddable":true,"href":"https:\/\/pizbube.ch\/en\/wp-json\/wp\/v2\/product_brand?post=146116"},{"taxonomy":"product_cat","embeddable":true,"href":"https:\/\/pizbube.ch\/en\/wp-json\/wp\/v2\/product_cat?post=146116"},{"taxonomy":"product_tag","embeddable":true,"href":"https:\/\/pizbube.ch\/en\/wp-json\/wp\/v2\/product_tag?post=146116"}],"curies":[{"name":"wp","href":"https:\/\/api.w.org\/{rel}","templated":true}]}}