{"id":146117,"date":"2021-01-15T10:53:15","date_gmt":"2021-01-15T10:53:15","guid":{"rendered":"https:\/\/codengine3.ch\/?product=import-placeholder-for-204335"},"modified":"2023-09-13T17:57:04","modified_gmt":"2023-09-13T15:57:04","slug":"extradry-dvd","status":"publish","type":"product","link":"https:\/\/pizbube.ch\/en\/shop\/extradry-dvd\/","title":{"rendered":"extradry DVD"},"content":{"rendered":"<p>Ils sont jeunes, ambitieux, respectueux de l&#8217;\u00e9thique, et aventuriers dans<br \/>\nl&#8217;\u00e2me. Aymeric Clouet et Christophe Dumarest se sont form\u00e9s au grand<br \/>\nalpinisme, sous la houlette inspir\u00e9e de Christophe Moulin, dans les \u00e9quipes-<br \/>\njeunes de la F\u00e9d\u00e9ration Fran\u00e7aise de la Montagne et d&#8217;Alpinisme. L\u00e0, au<br \/>\ncontact rugueux des parois les plus engag\u00e9es, ils se sont aguerris au haut<br \/>\nniveaut ont appris \u00e0 se conna\u00eetre. L&#8217;un est calme et plut\u00f4t introverti,<br \/>\nl&#8217;autre plus chien fou et volontiers volubile, mais les deux partagent la m\u00eame<br \/>\napproche esth\u00e9tique de la montagne et le m\u00eame d\u00e9sir d&#8217;engagement.<br \/>\nTout naturellement Aymeric et Christophe ont d\u00e9cid\u00e9 de &#8218;faire cord\u00e9e&#8216;. D&#8217;unir<br \/>\nen somme leur comp\u00e9tence et leurs diff\u00e9rences, dans l&#8217;esprit des glorieux<br \/>\nanciens : Lachenal-Terray, Desmaison-Couzy, Marmier-Nomin\u00e9, Berhault-Magnin.<br \/>\nC&#8217;est ainsi que la &#8218;cord\u00e9e AC\/DC&#8216; est n\u00e9e. Les observateurs disent d\u00e9j\u00e0 que<br \/>\nc&#8217;est une belle cord\u00e9e !<br \/>\nEn mars 2006, Aymeric et Christophe se sont lanc\u00e9s dans une r\u00e9alisation<br \/>\nd&#8217;envergure qu&#8217;ils ont appel\u00e9e &#8218;l&#8217;Encha\u00eenement Royal&#8216;. Au programme, une<br \/>\nsuperbe trilogie: Aiguille Sans Nom \u00e0 la Verte, Pointe Margarita aux Grandes<br \/>\nJorasses et Grand Pilier d&#8217;Angle au Mont-Blanc par trois magistrales<br \/>\ndirectissimes, toutes trois ouvertes par patrick Gabarrou, leur grand fr\u00e8re<br \/>\nspirituel. Pour r\u00e9ussir ce sacr\u00e9 voyagehivernal, ils ont choisi leur technique<br \/>\n: le dry-tooling, l&#8217;expression moderne de l&#8217;escalde glaciaire pour une<br \/>\nprogression spectaculaire et efficace en terrain mixte.<br \/>\nC&#8217;est l&#8217;aventure en parois de ces baroudeurs de la verticale que retrace<br \/>\n&#8218;Extra-dry&#8216;. Avec un ind\u00e9sirable troisi\u00e8me de cord\u00e9e : le mauvais temps&#8230;<\/p>","protected":false},"excerpt":{"rendered":"<p>Ils sont jeunes, ambitieux, respectueux de l&#8217;\u00e9thique, et aventuriers dans l&#8217;\u00e2me. Aymeric Clouet et Christophe Dumarest se sont form\u00e9s au grand alpinisme, sous la houlette inspir\u00e9e de Christophe Moulin, dans les \u00e9quipes- jeunes de la F\u00e9d\u00e9ration Fran\u00e7aise de la Montagne et d&#8217;Alpinisme. L\u00e0, au contact rugueux des parois les plus engag\u00e9es, ils se sont aguerris [&#8230;]\n","protected":false},"featured_media":32171,"template":"","meta":[],"product_brand":[],"product_cat":[21628],"product_tag":[],"class_list":{"0":"post-146117","1":"product","2":"type-product","3":"status-publish","4":"has-post-thumbnail","6":"product_cat-video-dvd-multimedia","7":"pa_autor-chappaz","8":"pa_erscheinungsjahr-21763","9":"pa_region-frankreich","10":"pa_sprache-fr","12":"first","13":"outofstock","14":"taxable","15":"shipping-taxable","16":"purchasable","17":"product-type-simple"},"_links":{"self":[{"href":"https:\/\/pizbube.ch\/en\/wp-json\/wp\/v2\/product\/146117","targetHints":{"allow":["GET"]}}],"collection":[{"href":"https:\/\/pizbube.ch\/en\/wp-json\/wp\/v2\/product"}],"about":[{"href":"https:\/\/pizbube.ch\/en\/wp-json\/wp\/v2\/types\/product"}],"wp:featuredmedia":[{"embeddable":true,"href":"https:\/\/pizbube.ch\/en\/wp-json\/wp\/v2\/media\/32171"}],"wp:attachment":[{"href":"https:\/\/pizbube.ch\/en\/wp-json\/wp\/v2\/media?parent=146117"}],"wp:term":[{"taxonomy":"product_brand","embeddable":true,"href":"https:\/\/pizbube.ch\/en\/wp-json\/wp\/v2\/product_brand?post=146117"},{"taxonomy":"product_cat","embeddable":true,"href":"https:\/\/pizbube.ch\/en\/wp-json\/wp\/v2\/product_cat?post=146117"},{"taxonomy":"product_tag","embeddable":true,"href":"https:\/\/pizbube.ch\/en\/wp-json\/wp\/v2\/product_tag?post=146117"}],"curies":[{"name":"wp","href":"https:\/\/api.w.org\/{rel}","templated":true}]}}