{"id":146118,"date":"2021-01-15T10:53:15","date_gmt":"2021-01-15T10:53:15","guid":{"rendered":"https:\/\/codengine3.ch\/?product=import-placeholder-for-202471"},"modified":"2021-01-15T12:36:33","modified_gmt":"2021-01-15T12:36:33","slug":"selig-wer-in-traeumen-stirbt","status":"publish","type":"product","link":"https:\/\/pizbube.ch\/en\/shop\/selig-wer-in-traeumen-stirbt\/","title":{"rendered":"Selig, wer in Tr\u00e4umen stirbt"},"content":{"rendered":"<p>Der Autor \u00fcberlebt mit viel Gl\u00fcck einen Sturz an den Grand Jorasses, ein<br \/>\nauthentisches Bergbuch voller Spannung, ein Text zwischen Poesie und harter<br \/>\nAction. Mit einem ihm fast Fremden steigt Robert Steiner im Winter in die<br \/>\nColton-MacIntyre-Route an den Grandes Jorasses ein, doch bald darauf kettet<br \/>\nihn das Schicksal an zwei weitere Unbekannte.<\/p>\n<p>Schnell ist der Leser gefangen in einer Welt aus Schnee, Eis, das Geschehen<br \/>\nbewegt sich zwischen Z\u00f6gern und Dr\u00e4ngen, Zweifeln und Sicherheit. Schlie\u00dflich<br \/>\nst\u00fcrtzt Steiner schwer, und die Beschreibung des Unfalls selbst, der die<br \/>\nSchicksalsgemeinschaft wieder zerrei\u00dft, und des einsamen Wartens auf Rettung<br \/>\nkurz unter dem Ausstieg aus der Wand geh\u00f6rt zu den st\u00e4rksten Momenten der<br \/>\nAlpinliteratur. Das ist so packend, dass man das Buch nicht einfach mehr zur<br \/>\nSeite zu legen kann.<br \/>\n5. Auflage 2011  <\/p>","protected":false},"excerpt":{"rendered":"<ul>\n<li><a href=\"https:\/\/pizbube.ch\/wp-content\/uploads\/attachments\/a_005\/3FB98DA4D3C7927E8C5378EA79415863.pdf\" target=\"_blank\" rel=\"noopener\">PDF: Selig wer in Tr\u00e4umen stirbt Leseprobe<\/a><\/li>\n<\/ul>","protected":false},"featured_media":29862,"template":"","meta":[],"product_brand":[],"product_cat":[21629],"product_tag":[],"class_list":{"0":"post-146118","1":"product","2":"type-product","3":"status-publish","4":"has-post-thumbnail","6":"product_cat-belletristik","7":"pa_autor-steiner","8":"pa_erscheinungsjahr-21610","9":"pa_region-deutschland","10":"pa_sprache-de","12":"first","13":"outofstock","14":"taxable","15":"shipping-taxable","16":"purchasable","17":"product-type-simple"},"_links":{"self":[{"href":"https:\/\/pizbube.ch\/en\/wp-json\/wp\/v2\/product\/146118","targetHints":{"allow":["GET"]}}],"collection":[{"href":"https:\/\/pizbube.ch\/en\/wp-json\/wp\/v2\/product"}],"about":[{"href":"https:\/\/pizbube.ch\/en\/wp-json\/wp\/v2\/types\/product"}],"wp:featuredmedia":[{"embeddable":true,"href":"https:\/\/pizbube.ch\/en\/wp-json\/wp\/v2\/media\/29862"}],"wp:attachment":[{"href":"https:\/\/pizbube.ch\/en\/wp-json\/wp\/v2\/media?parent=146118"}],"wp:term":[{"taxonomy":"product_brand","embeddable":true,"href":"https:\/\/pizbube.ch\/en\/wp-json\/wp\/v2\/product_brand?post=146118"},{"taxonomy":"product_cat","embeddable":true,"href":"https:\/\/pizbube.ch\/en\/wp-json\/wp\/v2\/product_cat?post=146118"},{"taxonomy":"product_tag","embeddable":true,"href":"https:\/\/pizbube.ch\/en\/wp-json\/wp\/v2\/product_tag?post=146118"}],"curies":[{"name":"wp","href":"https:\/\/api.w.org\/{rel}","templated":true}]}}