{"id":146119,"date":"2021-01-15T10:53:15","date_gmt":"2021-01-15T10:53:15","guid":{"rendered":"https:\/\/codengine3.ch\/?product=import-placeholder-for-200966"},"modified":"2021-01-15T11:02:31","modified_gmt":"2021-01-15T11:02:31","slug":"la-chaine-du-mont-blanc-guide-vallot-2","status":"publish","type":"product","link":"https:\/\/pizbube.ch\/en\/shop\/la-chaine-du-mont-blanc-guide-vallot-2\/","title":{"rendered":"la chaine du Mont Blanc (Guide Vallot) 2"},"content":{"rendered":"<p>**S\u00e9lection de voies (\u00f6stlich des Col du G\u00e9ant):**<br \/>\nDepuis la derni\u00e8re \u00e9dition du guide Vallot, de nombreux itin\u00e9raires ont \u00e9t\u00e9<br \/>\nouverts, et d&#8217;autres plus anciens sont aujourd&#8217;hui parcourus en escalade<br \/>\nlibre.  <\/p>\n<p>Il convenait d&#8217;en proposer une s\u00e9lection \u00e0 un public sans cesse renouvel\u00e9.<br \/>\nAscensions classiques, ou en passe de le devenir, itin\u00e9raires nouveaux en<br \/>\nrocher ou en glace, jusqu&#8217;aux plus difficiles, un choix large et diversifi\u00e9 de<br \/>\ncourses dans le secteur est de la cha\u00eene du Mont-Blanc est pr\u00e9sent\u00e9 dans ce<br \/>\ndeuxi\u00e8me volume. Itin\u00e9raires glaciaires extr\u00eames dans le bassin d&#8217;Argenti\u00e8re,<br \/>\nitin\u00e9raires rocheux de grande classe sur la plus prestigieuse fl\u00e8che<br \/>\ngranitique, le Dru, superbes voies mixtes \u00e0 l&#8217;instar des \u00e9perons de la face<br \/>\nnord des Grandes Jorasses, composent un ensemble harmonieux et magique, auquel<br \/>\nnul alpiniste ne saurait rester insensible.<br \/>\n(REIMPR\u00c9SSION 2007)  <\/p>","protected":false},"excerpt":{"rendered":"<ul>\n<li><b>INFO: R\u00e9impression annonc\u00e9e <b><\/li>\n<\/ul>","protected":false},"featured_media":28107,"template":"","meta":[],"product_brand":[],"product_cat":[21544],"product_tag":[],"class_list":{"0":"post-146119","1":"product","2":"type-product","3":"status-publish","4":"has-post-thumbnail","6":"product_cat-fuehrerliteratur-alpin-sommer","7":"pa_autor-labande","8":"pa_erscheinungsjahr-22154","9":"pa_region-frankreich","10":"pa_sprache-fr","12":"first","13":"outofstock","14":"taxable","15":"shipping-taxable","16":"purchasable","17":"product-type-simple"},"_links":{"self":[{"href":"https:\/\/pizbube.ch\/en\/wp-json\/wp\/v2\/product\/146119","targetHints":{"allow":["GET"]}}],"collection":[{"href":"https:\/\/pizbube.ch\/en\/wp-json\/wp\/v2\/product"}],"about":[{"href":"https:\/\/pizbube.ch\/en\/wp-json\/wp\/v2\/types\/product"}],"wp:featuredmedia":[{"embeddable":true,"href":"https:\/\/pizbube.ch\/en\/wp-json\/wp\/v2\/media\/28107"}],"wp:attachment":[{"href":"https:\/\/pizbube.ch\/en\/wp-json\/wp\/v2\/media?parent=146119"}],"wp:term":[{"taxonomy":"product_brand","embeddable":true,"href":"https:\/\/pizbube.ch\/en\/wp-json\/wp\/v2\/product_brand?post=146119"},{"taxonomy":"product_cat","embeddable":true,"href":"https:\/\/pizbube.ch\/en\/wp-json\/wp\/v2\/product_cat?post=146119"},{"taxonomy":"product_tag","embeddable":true,"href":"https:\/\/pizbube.ch\/en\/wp-json\/wp\/v2\/product_tag?post=146119"}],"curies":[{"name":"wp","href":"https:\/\/api.w.org\/{rel}","templated":true}]}}