{"id":146122,"date":"2021-01-15T10:53:15","date_gmt":"2021-01-15T10:53:15","guid":{"rendered":"https:\/\/codengine3.ch\/?product=import-placeholder-for-206711"},"modified":"2021-01-15T14:51:06","modified_gmt":"2021-01-15T14:51:06","slug":"les-grandes-jorasses","status":"publish","type":"product","link":"https:\/\/pizbube.ch\/en\/shop\/les-grandes-jorasses\/","title":{"rendered":"Les Grandes Jorasses"},"content":{"rendered":"<p>\nCertains sommets, plus que d&#8217;autres, ont fait et font encore r\u00eaver les<br \/>\nalpinistes. Les Grandes Jorasses en font partie et semblaient incontournables<br \/>\npour initier cette nouvelle collection \u00ab Sommets \u00bb consacr\u00e9e aux montagnes<br \/>\nmythiques dans le monde.  <\/p>\n<p>D\u2019o\u00f9 qu\u2019on les observe, les Grandes Jorasses \u00e9voquent une masse. C\u00f4t\u00e9 Val<br \/>\nFerret, elles s\u2019\u00e9l\u00e8vent d\u2019un seul \u00e9lan. Nul replat ne vient casser<br \/>\nl\u2019impression de pente. C\u00f4t\u00e9 Chamonix, elles vivent dans une solitude hautaine,<br \/>\nretir\u00e9es tout au fond du glacier de Leschaux, o\u00f9 elles semblent dire : \u00ab Halte<br \/>\nl\u00e0 ! Ici on ne passe plus \u00bb. Les Grandes Jorasses sont une barri\u00e8re. Physique,<br \/>\ncar elles s\u00e9parent implacablement deux vall\u00e9es. Psychologique, car les<br \/>\nalpinistes ont d\u00fb faire tomber des limites techniques et psychologiques pour<br \/>\nvenir \u00e0 bout de leur face nord, qui semblait, pour l\u2019\u00e9ternit\u00e9, devoir<br \/>\nrepousser toute vell\u00e9it\u00e9 d\u2019ascension.  <\/p>\n<p>De la premi\u00e8re ascension, en 1865, r\u00e9ussie avec d\u00e9sinvolture, juste pour<br \/>\nobserver un prochain objectif, par le jeune Edward Whymper, jusqu\u2019aux toutes<br \/>\nderni\u00e8res ascensions \u00e9tonnantes et passionn\u00e9es, en passant par la saga de la<br \/>\nface nord, \u00ab s\u00e9rie \u00bb \u00e0 suspense dont chaque ann\u00e9e am\u00e8ne une nouvelle \u00ab saison<br \/>\n\u00bb, ce livre richement illustr\u00e9 tente de raconter l\u2019histoire de cette montagne<br \/>\nexceptionnelle, o\u00f9 l\u2019on croise certaines des plus fortes figures de<br \/>\nl\u2019alpinisme, toutes fascin\u00e9es, entre crainte et d\u00e9sir, par ces parois o\u00f9 elles<br \/>\nsavent qu\u2019elles vivront, toujours, les plus belles journ\u00e9es de leur carri\u00e8re.  <\/p>","protected":false},"excerpt":{"rendered":"<p>Certains sommets, plus que d&#8217;autres, ont fait et font encore r\u00eaver les alpinistes. Les Grandes Jorasses en font partie et semblaient incontournables pour initier cette nouvelle collection \u00ab Sommets \u00bb consacr\u00e9e aux montagnes mythiques dans le monde. D\u2019o\u00f9 qu\u2019on les observe, les Grandes Jorasses \u00e9voquent une masse. C\u00f4t\u00e9 Val Ferret, elles s\u2019\u00e9l\u00e8vent d\u2019un seul \u00e9lan. [&#8230;]\n","protected":false},"featured_media":35909,"template":"","meta":[],"product_brand":[],"product_cat":[21542],"product_tag":[],"class_list":{"0":"post-146122","1":"product","2":"type-product","3":"status-publish","4":"has-post-thumbnail","6":"product_cat-sachbuecher-dokumentationen","7":"pa_autor-gardien","8":"pa_erscheinungsjahr-21586","9":"pa_region-frankreich","10":"pa_sprache-fr","12":"first","13":"instock","14":"taxable","15":"shipping-taxable","16":"purchasable","17":"product-type-simple"},"_links":{"self":[{"href":"https:\/\/pizbube.ch\/en\/wp-json\/wp\/v2\/product\/146122","targetHints":{"allow":["GET"]}}],"collection":[{"href":"https:\/\/pizbube.ch\/en\/wp-json\/wp\/v2\/product"}],"about":[{"href":"https:\/\/pizbube.ch\/en\/wp-json\/wp\/v2\/types\/product"}],"wp:featuredmedia":[{"embeddable":true,"href":"https:\/\/pizbube.ch\/en\/wp-json\/wp\/v2\/media\/35909"}],"wp:attachment":[{"href":"https:\/\/pizbube.ch\/en\/wp-json\/wp\/v2\/media?parent=146122"}],"wp:term":[{"taxonomy":"product_brand","embeddable":true,"href":"https:\/\/pizbube.ch\/en\/wp-json\/wp\/v2\/product_brand?post=146122"},{"taxonomy":"product_cat","embeddable":true,"href":"https:\/\/pizbube.ch\/en\/wp-json\/wp\/v2\/product_cat?post=146122"},{"taxonomy":"product_tag","embeddable":true,"href":"https:\/\/pizbube.ch\/en\/wp-json\/wp\/v2\/product_tag?post=146122"}],"curies":[{"name":"wp","href":"https:\/\/api.w.org\/{rel}","templated":true}]}}