{"id":146123,"date":"2021-01-15T10:53:15","date_gmt":"2021-01-15T10:53:15","guid":{"rendered":"https:\/\/codengine3.ch\/?product=import-placeholder-for-200010"},"modified":"2021-01-15T10:53:22","modified_gmt":"2021-01-15T10:53:22","slug":"allein-in-der-wand","status":"publish","type":"product","link":"https:\/\/pizbube.ch\/en\/shop\/allein-in-der-wand\/","title":{"rendered":"Allein in der Wand"},"content":{"rendered":"<p>\nWenn Alex Honnold in eine Wand einsteigt, gibt es kein Zur\u00fcck. Der<br \/>\nsympathische 30-J\u00e4hrige hat die puristischste Form des Kletterns, ohne Seil<br \/>\nund Sicherung, in neue Dimensionen gef\u00fchrt. Nun blickt der Star der Szene auf<br \/>\ndie Highlights seiner Karriere zur\u00fcck, wie die 400 und 900 Meter langen Free-<br \/>\nSolo-Begehungen von \u00bbMoonlight Buttress\u00ab in Utah und \u00bbThe Nose\u00ab im Yosemite-<br \/>\nNationalpark sowie die \u00bbFitz Traverse\u00ab im Alpinstil mit Tommy Caldwell in<br \/>\nAlaska. Er verr\u00e4t, wie er den Spagat zwischen Abgrund und Privatleben schafft.<br \/>\nUnd erkl\u00e4rt eindrucksvoll, warum Risiko oftmals auch Gewinn bedeuten kann und<br \/>\nwie man in Extremsituationen fokussiert bleibt.<\/p>\n<p>Der Grund f\u00fcr Honnolds kometenhaften Aufstieg ist, dass er die extremste und<br \/>\ngef\u00e4hrlichste Form des Kletterns weit \u00fcber die Grenzen dessen vorangetrieben<br \/>\nhat, was zuvor vorstellbar war. Free solo klettern hei\u00dft ohne Seil klettern,<br \/>\nohne Partner und ohne \u00bbHardware\u00ab wie Haken, Keile oder Klemmger\u00e4te, mit denen<br \/>\nman sich an der Wand sichert. In ihrer extremen Einfachheit kann diese<br \/>\nEinstellung zum Sport von jedem zuf\u00e4lligen \u00adBeobachter verstanden werden. Die<br \/>\nRisiken sind absolut: Wenn du f\u00e4llst, stirbst du.  <\/p>\n<p>Was Alex fertigbrachte, war, weit schwierigere und auch l\u00e4ngere Routen free<br \/>\nsolo zu klettern, als irgendjemand vor ihm je f\u00fcr m\u00f6glich gehalten hatte. Bis<br \/>\njetzt ist er heil davongekommen, auch wenn einige seiner besten Freunde<br \/>\nbef\u00fcrchten, dass er \u00addabei umkommen wird.<\/p>\n<p>Free solo ist weit mehr als ein akrobatisches Kunstst\u00fcck. Es bedeutet,<br \/>\nKlettern auf seine elementarste Herausforderung zu reduzieren: ein Mann (oder<br \/>\neine Frau) gegen den Fels, nur mit Kletterschuhen an den F\u00fc\u00dfen und \u2013 f\u00fcr den<br \/>\nbesseren Halt \u2013 \u00adMagnesia an den Fingerspitzen. Es ist Klettern in seiner<br \/>\nurspr\u00fcnglichsten, reinsten Form.  <\/p>","protected":false},"excerpt":{"rendered":"<p>Wenn Alex Honnold in eine Wand einsteigt, gibt es kein Zur\u00fcck. Der sympathische 30-J\u00e4hrige hat die puristischste Form des Kletterns, ohne Seil und Sicherung, in neue Dimensionen gef\u00fchrt. Nun blickt der Star der Szene auf die Highlights seiner Karriere zur\u00fcck, wie die 400 und 900 Meter langen Free- Solo-Begehungen von \u00bbMoonlight Buttress\u00ab in Utah und [&#8230;]\n","protected":false},"featured_media":25682,"template":"","meta":[],"product_brand":[],"product_cat":[21542],"product_tag":[],"class_list":{"0":"post-146123","1":"product","2":"type-product","3":"status-publish","4":"has-post-thumbnail","6":"product_cat-sachbuecher-dokumentationen","7":"pa_autor-honnold-roberts","8":"pa_erscheinungsjahr-21571","9":"pa_region-amerika-nord","10":"pa_sprache-de","12":"first","13":"instock","14":"taxable","15":"shipping-taxable","16":"purchasable","17":"product-type-simple"},"_links":{"self":[{"href":"https:\/\/pizbube.ch\/en\/wp-json\/wp\/v2\/product\/146123","targetHints":{"allow":["GET"]}}],"collection":[{"href":"https:\/\/pizbube.ch\/en\/wp-json\/wp\/v2\/product"}],"about":[{"href":"https:\/\/pizbube.ch\/en\/wp-json\/wp\/v2\/types\/product"}],"wp:featuredmedia":[{"embeddable":true,"href":"https:\/\/pizbube.ch\/en\/wp-json\/wp\/v2\/media\/25682"}],"wp:attachment":[{"href":"https:\/\/pizbube.ch\/en\/wp-json\/wp\/v2\/media?parent=146123"}],"wp:term":[{"taxonomy":"product_brand","embeddable":true,"href":"https:\/\/pizbube.ch\/en\/wp-json\/wp\/v2\/product_brand?post=146123"},{"taxonomy":"product_cat","embeddable":true,"href":"https:\/\/pizbube.ch\/en\/wp-json\/wp\/v2\/product_cat?post=146123"},{"taxonomy":"product_tag","embeddable":true,"href":"https:\/\/pizbube.ch\/en\/wp-json\/wp\/v2\/product_tag?post=146123"}],"curies":[{"name":"wp","href":"https:\/\/api.w.org\/{rel}","templated":true}]}}