{"id":146125,"date":"2021-01-15T10:53:15","date_gmt":"2021-01-15T10:53:15","guid":{"rendered":"https:\/\/codengine3.ch\/?product=import-placeholder-for-206474"},"modified":"2021-01-15T14:49:13","modified_gmt":"2021-01-15T14:49:13","slug":"free-solo-taschenbuchausgabe","status":"publish","type":"product","link":"https:\/\/pizbube.ch\/en\/shop\/free-solo-taschenbuchausgabe\/","title":{"rendered":"Free Solo (Taschenbuchausgabe)"},"content":{"rendered":"<p>Klettern ohne Sicherung und ohne Grenzen  <\/p>\n<p>In einer \u00fcberh\u00e4ngenden Wand, die Finger in kleinen Griffen, darunter Hunderte<br \/>\nMeter Luft. Kein Klettergurt, kein Seil &#8211; nichts, was den freien Fall<br \/>\naufhalten w\u00fcrde: Free Solo-Klettern, die gro\u00dfe Leidenschaft von Alexander<br \/>\nHuber. Er schildert seine nervenzerrei\u00dfenden Alleing\u00e4nge und setzt zugleich<br \/>\nhundert Jahren Freiklettern ein Denkmal &#8211; von den fr\u00fchen Vision\u00e4ren wie Paul<br \/>\nPreu\u00df \u00fcber die gro\u00dfen Begehungen von Wolfgang G\u00fcllich bis zu den j\u00fcngsten<br \/>\nSpitzenleistungen eines Hansj\u00f6rg Auer. Gastbeitr\u00e4ge und fulminantes<br \/>\nBildmaterial runden diesen opulenten Band ab.  <\/p>","protected":false},"excerpt":{"rendered":"<p>Klettern ohne Sicherung und ohne Grenzen In einer \u00fcberh\u00e4ngenden Wand, die Finger in kleinen Griffen, darunter Hunderte Meter Luft. Kein Klettergurt, kein Seil &#8211; nichts, was den freien Fall aufhalten w\u00fcrde: Free Solo-Klettern, die gro\u00dfe Leidenschaft von Alexander Huber. Er schildert seine nervenzerrei\u00dfenden Alleing\u00e4nge und setzt zugleich hundert Jahren Freiklettern ein Denkmal &#8211; von den [&#8230;]\n","protected":false},"featured_media":35521,"template":"","meta":[],"product_brand":[],"product_cat":[21542],"product_tag":[],"class_list":{"0":"post-146125","1":"product","2":"type-product","3":"status-publish","4":"has-post-thumbnail","6":"product_cat-sachbuecher-dokumentationen","7":"pa_autor-huber","8":"pa_erscheinungsjahr-21610","9":"pa_region-deutschland","10":"pa_sprache-de","12":"first","13":"instock","14":"taxable","15":"shipping-taxable","16":"purchasable","17":"product-type-simple"},"_links":{"self":[{"href":"https:\/\/pizbube.ch\/en\/wp-json\/wp\/v2\/product\/146125","targetHints":{"allow":["GET"]}}],"collection":[{"href":"https:\/\/pizbube.ch\/en\/wp-json\/wp\/v2\/product"}],"about":[{"href":"https:\/\/pizbube.ch\/en\/wp-json\/wp\/v2\/types\/product"}],"wp:featuredmedia":[{"embeddable":true,"href":"https:\/\/pizbube.ch\/en\/wp-json\/wp\/v2\/media\/35521"}],"wp:attachment":[{"href":"https:\/\/pizbube.ch\/en\/wp-json\/wp\/v2\/media?parent=146125"}],"wp:term":[{"taxonomy":"product_brand","embeddable":true,"href":"https:\/\/pizbube.ch\/en\/wp-json\/wp\/v2\/product_brand?post=146125"},{"taxonomy":"product_cat","embeddable":true,"href":"https:\/\/pizbube.ch\/en\/wp-json\/wp\/v2\/product_cat?post=146125"},{"taxonomy":"product_tag","embeddable":true,"href":"https:\/\/pizbube.ch\/en\/wp-json\/wp\/v2\/product_tag?post=146125"}],"curies":[{"name":"wp","href":"https:\/\/api.w.org\/{rel}","templated":true}]}}