{"id":146136,"date":"2021-01-15T10:53:15","date_gmt":"2021-01-15T10:53:15","guid":{"rendered":"https:\/\/codengine3.ch\/?product=import-placeholder-for-208366"},"modified":"2021-01-15T17:53:12","modified_gmt":"2021-01-15T17:53:12","slug":"free-solo-im-yosemite","status":"publish","type":"product","link":"https:\/\/pizbube.ch\/en\/shop\/free-solo-im-yosemite\/","title":{"rendered":"Free Solo im Yosemite"},"content":{"rendered":"<p>Alex Honnolds unglaubliche Begehung am El Capitan  <\/p>\n<p>Nur wenige wagen sich an die Freerider-Route am El Capitan im kalifornischen<br \/>\nYosemite Nationalpark. Alex Honnold klettert die senkrecht abfallende<br \/>\nGranitwand in Rekordzeit. Ohne jede Sicherung. Free solo zu klettern ist ein<br \/>\nBalanceakt: zwischen Luft und Fels, H\u00e4ngen und Fallen, Leben und Tod.<\/p>\n<p>Mark Synnott, selbst ein Pionier des Bigwall-Kletterns, begleitet in diesem<br \/>\nBuch den jungen Kletterer Honnold auf seiner als nicht realisierbar geltenden<br \/>\nMission. Dabei zeichnet er ein feinf\u00fchliges Portrait dieses Ausnahmesportlers<br \/>\nund \u00f6ffnet T\u00fcren f\u00fcr ein tieferes Verst\u00e4ndnis des Klettersports, der selbst im<br \/>\ngesicherten Zustand ein mitunter gro\u00dfes Verletzungsrisiko birgt.  <\/p>\n<p>Fester Einband; 480 Seiten  <\/p>","protected":false},"excerpt":{"rendered":"<p>Alex Honnolds unglaubliche Begehung am El Capitan Nur wenige wagen sich an die Freerider-Route am El Capitan im kalifornischen Yosemite Nationalpark. Alex Honnold klettert die senkrecht abfallende Granitwand in Rekordzeit. Ohne jede Sicherung. Free solo zu klettern ist ein Balanceakt: zwischen Luft und Fels, H\u00e4ngen und Fallen, Leben und Tod. Mark Synnott, selbst ein Pionier [&#8230;]\n","protected":false},"featured_media":41137,"template":"","meta":[],"product_brand":[],"product_cat":[21542],"product_tag":[],"class_list":{"0":"post-146136","1":"product","2":"type-product","3":"status-publish","4":"has-post-thumbnail","6":"product_cat-sachbuecher-dokumentationen","7":"pa_autor-synnott","8":"pa_erscheinungsjahr-21586","9":"pa_region-amerika-nord","10":"pa_sprache-de","12":"first","13":"instock","14":"taxable","15":"shipping-taxable","16":"purchasable","17":"product-type-simple"},"_links":{"self":[{"href":"https:\/\/pizbube.ch\/en\/wp-json\/wp\/v2\/product\/146136","targetHints":{"allow":["GET"]}}],"collection":[{"href":"https:\/\/pizbube.ch\/en\/wp-json\/wp\/v2\/product"}],"about":[{"href":"https:\/\/pizbube.ch\/en\/wp-json\/wp\/v2\/types\/product"}],"wp:featuredmedia":[{"embeddable":true,"href":"https:\/\/pizbube.ch\/en\/wp-json\/wp\/v2\/media\/41137"}],"wp:attachment":[{"href":"https:\/\/pizbube.ch\/en\/wp-json\/wp\/v2\/media?parent=146136"}],"wp:term":[{"taxonomy":"product_brand","embeddable":true,"href":"https:\/\/pizbube.ch\/en\/wp-json\/wp\/v2\/product_brand?post=146136"},{"taxonomy":"product_cat","embeddable":true,"href":"https:\/\/pizbube.ch\/en\/wp-json\/wp\/v2\/product_cat?post=146136"},{"taxonomy":"product_tag","embeddable":true,"href":"https:\/\/pizbube.ch\/en\/wp-json\/wp\/v2\/product_tag?post=146136"}],"curies":[{"name":"wp","href":"https:\/\/api.w.org\/{rel}","templated":true}]}}