{"id":146137,"date":"2021-01-15T10:53:15","date_gmt":"2021-01-15T10:53:15","guid":{"rendered":"https:\/\/codengine3.ch\/?product=import-placeholder-for-208380"},"modified":"2025-08-09T11:53:48","modified_gmt":"2025-08-09T09:53:48","slug":"suedwand-vom-free-solo-kletterer-zum-profibergsteiger-taschenbuchausgabe","status":"publish","type":"product","link":"https:\/\/pizbube.ch\/en\/shop\/suedwand-vom-free-solo-kletterer-zum-profibergsteiger-taschenbuchausgabe\/","title":{"rendered":"S\u00fcdwand &#8211; Vom Free-Solo-Kletterer zum Profibergsteiger (Taschenbuchausgabe)"},"content":{"rendered":"<p>Am 29. April 2007 bricht Hansj\u00f6rg Auer allein in die Dolomiten auf. Nur seine<br \/>\nEltern und einer seiner Br\u00fcder ahnen, was er an diesem Tag vorhat: die<br \/>\nDurchsteigung der 1200 Meter langen Route \u201eWeg durch den Fisch\u201c in der<br \/>\nMarmolada-S\u00fcdwand \u2013 free solo, ohne Seilsicherung. Andere Kletterer<br \/>\nbeobachten, wie ihm sein Vorhaben gelingt, und \u00fcber Nacht wird Auer zum<br \/>\nShootingstar der Szene.<\/p>\n<p>Freim\u00fctig spricht er nun \u00fcber den pl\u00f6tzlichen Ruhm, \u00fcber seinen Weg zum<br \/>\nprofessionellen Bergsteiger sowie \u00fcber Verzicht und medialen Druck. Er erz\u00e4hlt<br \/>\nvon seiner Kindheit auf dem Bauernhof. Wie er seine Magersucht \u00fcberwand und<br \/>\nnach Verletzungen lernte, wieder aufzustehen. Was es bedeutet, einen Freund am<br \/>\nBerg zu verlieren, kurz vor dem Ziel umzukehren und mit seiner Meinung<br \/>\n\u00f6ffentlich anzuecken. Ein kluges Buch \u00fcber Vernunft und Leidenschaft im<br \/>\nAlpinismus und die Kunst der nat\u00fcrlichen Linie.<\/p>\n<p>Hansj\u00f6rg Auer, 1984 im \u00d6tztal geboren, absolvierte eine Ausbildung zum Lehrer<br \/>\nf\u00fcr Mathematik und Sport. Er begann 1996 mit dem Sportklettern und war seit<br \/>\n2009 Profibergsteiger. Ihm gelangen mehrere Erstbegehungen und ber\u00fchmte<br \/>\nRouten, u.a. in den Dolomiten, in Patagonien, im Yosemite Valley, Karakorum<br \/>\nund Himalaja. 2018 durchstieg er als Erster, noch dazu im Alleingang, die<br \/>\nWestwand des Lupghar Sar West im Norden Pakistans. Zudem sorgte er mit seinen<br \/>\nFree-Solo-Touren f\u00fcr Aufsehen.<\/p>\n<p>Im April 2019 kam Hansj\u00f6rg Auer gemeinsam mit seinen Bergpartnern David Lama<br \/>\nund Jess Roskelley bei einem Lawinenungl\u00fcck an der Ostseite des Howse Peak in<br \/>\nden kanadischen Rocky Mountains ums Leben.<\/p>\n<p>Taschenbuchausgabe<\/p>","protected":false},"excerpt":{"rendered":"<p>Am 29. April 2007 bricht Hansj\u00f6rg Auer allein in die Dolomiten auf. Nur seine Eltern und einer seiner Br\u00fcder ahnen, was er an diesem Tag vorhat: die Durchsteigung der 1200 Meter langen Route \u201eWeg durch den Fisch\u201c in der Marmolada-S\u00fcdwand \u2013 free solo, ohne Seilsicherung. Andere Kletterer beobachten, wie ihm sein Vorhaben gelingt, und \u00fcber [&#8230;]\n","protected":false},"featured_media":180835,"template":"","meta":[],"product_brand":[],"product_cat":[21542],"product_tag":[],"class_list":{"0":"post-146137","1":"product","2":"type-product","3":"status-publish","4":"has-post-thumbnail","6":"product_cat-sachbuecher-dokumentationen","7":"pa_autor-auer","8":"pa_erscheinungsjahr-21586","9":"pa_region-oesterreich","10":"pa_sprache-de","12":"first","13":"instock","14":"taxable","15":"shipping-taxable","16":"purchasable","17":"product-type-simple"},"_links":{"self":[{"href":"https:\/\/pizbube.ch\/en\/wp-json\/wp\/v2\/product\/146137","targetHints":{"allow":["GET"]}}],"collection":[{"href":"https:\/\/pizbube.ch\/en\/wp-json\/wp\/v2\/product"}],"about":[{"href":"https:\/\/pizbube.ch\/en\/wp-json\/wp\/v2\/types\/product"}],"wp:featuredmedia":[{"embeddable":true,"href":"https:\/\/pizbube.ch\/en\/wp-json\/wp\/v2\/media\/180835"}],"wp:attachment":[{"href":"https:\/\/pizbube.ch\/en\/wp-json\/wp\/v2\/media?parent=146137"}],"wp:term":[{"taxonomy":"product_brand","embeddable":true,"href":"https:\/\/pizbube.ch\/en\/wp-json\/wp\/v2\/product_brand?post=146137"},{"taxonomy":"product_cat","embeddable":true,"href":"https:\/\/pizbube.ch\/en\/wp-json\/wp\/v2\/product_cat?post=146137"},{"taxonomy":"product_tag","embeddable":true,"href":"https:\/\/pizbube.ch\/en\/wp-json\/wp\/v2\/product_tag?post=146137"}],"curies":[{"name":"wp","href":"https:\/\/api.w.org\/{rel}","templated":true}]}}