{"id":146139,"date":"2021-01-15T10:53:15","date_gmt":"2021-01-15T10:53:15","guid":{"rendered":"https:\/\/codengine3.ch\/?product=import-placeholder-for-200011"},"modified":"2021-01-15T10:53:23","modified_gmt":"2021-01-15T10:53:23","slug":"pierre-beghin-lhomme-de-tete","status":"publish","type":"product","link":"https:\/\/pizbube.ch\/en\/shop\/pierre-beghin-lhomme-de-tete\/","title":{"rendered":"Pierre Beghin, l&#8217;homme de t\u00eate"},"content":{"rendered":"<p>Everest, K2, Annapurna: le grand himalayisme<\/p>\n<p>Pierre Beghin, homme affable et discret, auteur de textes et de photos<br \/>\nremarquables, humaniste parfois r\u00eaveur, intellectuel aux capacit\u00e9s physiques<br \/>\nhors norme, devenait un fauve en altitude, capable de l&#8217;engagement le plus<br \/>\ntotal.<\/p>\n<p>Lorsqu\u2019il dispara\u00eet \u00e0 41 ans dans la face sud de l\u2019Annapurna, \u00e0 l\u2019automne<br \/>\n1992, sous les yeux de son compagnon de cord\u00e9e, le tout jeune Lafaille, Pierre<br \/>\nBeghin est le plus important des himalayistes fran\u00e7ais. Pourtant, le grand<br \/>\npublic ne le conna\u00eet pas. Form\u00e9 \u00e0 la dure \u00e9cole de Fontainebleau et du<br \/>\nVercors, il accumule discr\u00e8tement, dans les ann\u00e9es 1970, les premi\u00e8res dans<br \/>\nles grandes faces alpines, souvent en hiver, parfois en solo, des Grandes<br \/>\nJorasses \u00e0 l\u2019Ailefroide.<\/p>\n<p>Dans les ann\u00e9es 1980, devenu un ing\u00e9nieur chercheur reconnu \u00e0 l\u2019international<br \/>\npour ses travaux sur les avalanches, il encha\u00eene les exp\u00e9ditions. Il est alors<br \/>\nle chantre des exp\u00e9ditions l\u00e9g\u00e8res et du style alpin, sur les traces de<br \/>\nMessner. Ambitieux, \u00e9l\u00e9gant, novateur et dot\u00e9 d\u2019une \u00e9thique rigoureuse, il ne<br \/>\ns\u2019attaque en Himalaya qu\u2019\u00e0 des objectifs de grande classe, des faces vierges,<br \/>\ninconnues, loin des voies normales et des m\u00e9dias.<\/p>\n<p>Pierre Beghin sera le troisi\u00e8me homme \u00e0 gravir un sommet de plus de 8000<br \/>\nm\u00e8tres en solo, le Kangchenjunga, et r\u00e9ussira un autre solo ahurissant, le<br \/>\nMakalu, par un itin\u00e9raire tr\u00e8s ardu. Il donnera \u00e9galement son nom \u00e0 plusieurs<br \/>\nitin\u00e9raires majeurs sur les grands sommets himalayens, notamment au K2 et au<br \/>\nManaslu.<\/p>","protected":false},"excerpt":{"rendered":"<p>Everest, K2, Annapurna: le grand himalayisme Pierre Beghin, homme affable et discret, auteur de textes et de photos remarquables, humaniste parfois r\u00eaveur, intellectuel aux capacit\u00e9s physiques hors norme, devenait un fauve en altitude, capable de l&#8217;engagement le plus total. Lorsqu\u2019il dispara\u00eet \u00e0 41 ans dans la face sud de l\u2019Annapurna, \u00e0 l\u2019automne 1992, sous les [&#8230;]\n","protected":false},"featured_media":25688,"template":"","meta":[],"product_brand":[],"product_cat":[21542],"product_tag":[],"class_list":{"0":"post-146139","1":"product","2":"type-product","3":"status-publish","4":"has-post-thumbnail","6":"product_cat-sachbuecher-dokumentationen","7":"pa_autor-carrel","8":"pa_erscheinungsjahr-21550","9":"pa_region-frankreich","10":"pa_sprache-de","12":"first","13":"instock","14":"taxable","15":"shipping-taxable","16":"purchasable","17":"product-type-simple"},"_links":{"self":[{"href":"https:\/\/pizbube.ch\/en\/wp-json\/wp\/v2\/product\/146139","targetHints":{"allow":["GET"]}}],"collection":[{"href":"https:\/\/pizbube.ch\/en\/wp-json\/wp\/v2\/product"}],"about":[{"href":"https:\/\/pizbube.ch\/en\/wp-json\/wp\/v2\/types\/product"}],"wp:featuredmedia":[{"embeddable":true,"href":"https:\/\/pizbube.ch\/en\/wp-json\/wp\/v2\/media\/25688"}],"wp:attachment":[{"href":"https:\/\/pizbube.ch\/en\/wp-json\/wp\/v2\/media?parent=146139"}],"wp:term":[{"taxonomy":"product_brand","embeddable":true,"href":"https:\/\/pizbube.ch\/en\/wp-json\/wp\/v2\/product_brand?post=146139"},{"taxonomy":"product_cat","embeddable":true,"href":"https:\/\/pizbube.ch\/en\/wp-json\/wp\/v2\/product_cat?post=146139"},{"taxonomy":"product_tag","embeddable":true,"href":"https:\/\/pizbube.ch\/en\/wp-json\/wp\/v2\/product_tag?post=146139"}],"curies":[{"name":"wp","href":"https:\/\/api.w.org\/{rel}","templated":true}]}}