{"id":146140,"date":"2021-01-15T10:53:15","date_gmt":"2021-01-15T10:53:15","guid":{"rendered":"https:\/\/codengine3.ch\/?product=import-placeholder-for-203941"},"modified":"2023-08-17T15:31:11","modified_gmt":"2023-08-17T13:31:11","slug":"gefangener-der-annapurna","status":"publish","type":"product","link":"https:\/\/pizbube.ch\/en\/shop\/gefangener-der-annapurna\/","title":{"rendered":"Gefangener der Annapurna"},"content":{"rendered":"<p>Auf dem Grat zwischen Leben und Tod<\/p>\n<p>Lafaille, der als leistungsf\u00e4higster franz\u00f6sischer Alpinist gilt, hat dies bei<br \/>\nseiner Besteigung 1990 erlebt: Beim Aufstieg l\u00f6ste sich ein Haken, sein<br \/>\nSeilkamerad Pierre B\u00e9ghin st\u00fcrzte in die Tiefe und war tot. Lafaille, selbst<br \/>\nam Arm verletzt, ben\u00f6tigte f\u00fcnf Tage, um ohne Seil und Haken abzusteigen. &#8218;Ich<br \/>\nbrauchte Jahre, um \u00fcber dieses Drama sprechen zu k\u00f6nnen. Seitdem ist die Angst<br \/>\nvor dem Sturz immer gegenw\u00e4rtig&#8230; &#8218;<\/p>\n<p>2002, nach zahlreichen Exkursionen, steht der Gebirgssprinter &#8211; die<br \/>\nGeschwindigkeit, mit der er sich in der H\u00f6he bewegt, ist sein Kennzeichen &#8211;<br \/>\ndoch auf dem Gipfel des Annapurna. Heute fehlen Lafaille nur noch drei<br \/>\nAchttausender, um zu jener kleinen Gruppe Bergsteiger zu geh\u00f6ren, die alle<br \/>\nvierzehn Gipfel erfolgreich bezwungen haben.<\/p>\n<p>Lafaille galt als einer der weltbesten H\u00f6henbergsteiger, der alle seine Gipfel<br \/>\nohne zus\u00e4tzlichen Sauerstoff bestiegen hat. Seit dem 26. Januar 2006 wird er<br \/>\nam Makalu vermisst, den er alleine und im Winter besteigen wollte&#8230;<\/p>\n<p>4. Auflage 2017<\/p>","protected":false},"excerpt":{"rendered":"<p>Auf dem Grat zwischen Leben und Tod Lafaille, der als leistungsf\u00e4higster franz\u00f6sischer Alpinist gilt, hat dies bei seiner Besteigung 1990 erlebt: Beim Aufstieg l\u00f6ste sich ein Haken, sein Seilkamerad Pierre B\u00e9ghin st\u00fcrzte in die Tiefe und war tot. Lafaille, selbst am Arm verletzt, ben\u00f6tigte f\u00fcnf Tage, um ohne Seil und Haken abzusteigen. &#8218;Ich brauchte Jahre, [&#8230;]\n","protected":false},"featured_media":40798,"template":"","meta":[],"product_brand":[],"product_cat":[21542],"product_tag":[],"class_list":{"0":"post-146140","1":"product","2":"type-product","3":"status-publish","4":"has-post-thumbnail","6":"product_cat-sachbuecher-dokumentationen","7":"pa_autor-lafaille","8":"pa_erscheinungsjahr-21574","9":"pa_region-asien","10":"pa_sprache-de","12":"first","13":"outofstock","14":"taxable","15":"shipping-taxable","16":"purchasable","17":"product-type-simple"},"_links":{"self":[{"href":"https:\/\/pizbube.ch\/en\/wp-json\/wp\/v2\/product\/146140","targetHints":{"allow":["GET"]}}],"collection":[{"href":"https:\/\/pizbube.ch\/en\/wp-json\/wp\/v2\/product"}],"about":[{"href":"https:\/\/pizbube.ch\/en\/wp-json\/wp\/v2\/types\/product"}],"wp:featuredmedia":[{"embeddable":true,"href":"https:\/\/pizbube.ch\/en\/wp-json\/wp\/v2\/media\/40798"}],"wp:attachment":[{"href":"https:\/\/pizbube.ch\/en\/wp-json\/wp\/v2\/media?parent=146140"}],"wp:term":[{"taxonomy":"product_brand","embeddable":true,"href":"https:\/\/pizbube.ch\/en\/wp-json\/wp\/v2\/product_brand?post=146140"},{"taxonomy":"product_cat","embeddable":true,"href":"https:\/\/pizbube.ch\/en\/wp-json\/wp\/v2\/product_cat?post=146140"},{"taxonomy":"product_tag","embeddable":true,"href":"https:\/\/pizbube.ch\/en\/wp-json\/wp\/v2\/product_tag?post=146140"}],"curies":[{"name":"wp","href":"https:\/\/api.w.org\/{rel}","templated":true}]}}