{"id":146141,"date":"2021-01-15T10:53:15","date_gmt":"2021-01-15T10:53:15","guid":{"rendered":"https:\/\/codengine3.ch\/?product=import-placeholder-for-203132"},"modified":"2021-01-15T12:54:23","modified_gmt":"2021-01-15T12:54:23","slug":"prisonnier-de-l-annapurna","status":"publish","type":"product","link":"https:\/\/pizbube.ch\/en\/shop\/prisonnier-de-l-annapurna\/","title":{"rendered":"Prisonnier de l&#8216; Annapurna"},"content":{"rendered":"<p>Au pied de ces deux g\u00e9ants, le K2 (8 611 m) et le Broad Peak, au coeur de l&#8217;un<br \/>\ndes plus beaux paysages de l&#8217;Himalaya, je repense \u00e0 tous ces moments de peurs,<br \/>\nde peines, mais aussi de joies pures qui m&#8217;ont \u00e9t\u00e9 offertes par vingt ans<br \/>\nd&#8217;alpinisme. Je revis une fois encore cette arriv\u00e9e au sommet de l&#8217;Annapurna,<br \/>\nil y a maintenant plus d&#8217;une ann\u00e9e. Quelle autre montagne pourrait m&#8217;inspirer<br \/>\nautant de craintes, autant d&#8217;amour &#8211; Retrouverai-je cette lumi\u00e8re irr\u00e9elle,<br \/>\nsans ombre, qui baignait tout l&#8217;espace autour de nous. Je repense \u00e0 cette mer<br \/>\nde nuages qui s&#8217;\u00e9tendait \u00e0 l&#8217;infini sous nos pieds. \u00c0 cette \u00e9motion elle aussi<br \/>\ninfinie qui m&#8217;a habit\u00e9 en ce matin du 16 mai 2002.<br \/>\n\u00c9motion int\u00e9rieure, silencieuse. Ext\u00e9rieure avec Alberto, avec la voix de<br \/>\nKatia comme t\u00e9moin \u00e0 travers la radio. Tout est inscrit. Grav\u00e9 dans ma m\u00e9moire<br \/>\nde mani\u00e8re ind\u00e9l\u00e9bile.  <\/p>","protected":false},"excerpt":{"rendered":"<p>Au pied de ces deux g\u00e9ants, le K2 (8 611 m) et le Broad Peak, au coeur de l&#8217;un des plus beaux paysages de l&#8217;Himalaya, je repense \u00e0 tous ces moments de peurs, de peines, mais aussi de joies pures qui m&#8217;ont \u00e9t\u00e9 offertes par vingt ans d&#8217;alpinisme. Je revis une fois encore cette arriv\u00e9e [&#8230;]\n","protected":false},"featured_media":30665,"template":"","meta":[],"product_brand":[],"product_cat":[21542],"product_tag":[],"class_list":{"0":"post-146141","1":"product","2":"type-product","3":"status-publish","4":"has-post-thumbnail","6":"product_cat-sachbuecher-dokumentationen","7":"pa_autor-lafaille","8":"pa_erscheinungsjahr-22292","9":"pa_region-asien","10":"pa_sprache-fr","12":"first","13":"instock","14":"taxable","15":"shipping-taxable","16":"purchasable","17":"product-type-simple"},"_links":{"self":[{"href":"https:\/\/pizbube.ch\/en\/wp-json\/wp\/v2\/product\/146141","targetHints":{"allow":["GET"]}}],"collection":[{"href":"https:\/\/pizbube.ch\/en\/wp-json\/wp\/v2\/product"}],"about":[{"href":"https:\/\/pizbube.ch\/en\/wp-json\/wp\/v2\/types\/product"}],"wp:featuredmedia":[{"embeddable":true,"href":"https:\/\/pizbube.ch\/en\/wp-json\/wp\/v2\/media\/30665"}],"wp:attachment":[{"href":"https:\/\/pizbube.ch\/en\/wp-json\/wp\/v2\/media?parent=146141"}],"wp:term":[{"taxonomy":"product_brand","embeddable":true,"href":"https:\/\/pizbube.ch\/en\/wp-json\/wp\/v2\/product_brand?post=146141"},{"taxonomy":"product_cat","embeddable":true,"href":"https:\/\/pizbube.ch\/en\/wp-json\/wp\/v2\/product_cat?post=146141"},{"taxonomy":"product_tag","embeddable":true,"href":"https:\/\/pizbube.ch\/en\/wp-json\/wp\/v2\/product_tag?post=146141"}],"curies":[{"name":"wp","href":"https:\/\/api.w.org\/{rel}","templated":true}]}}