{"id":146142,"date":"2021-01-15T10:53:16","date_gmt":"2021-01-15T10:53:16","guid":{"rendered":"https:\/\/codengine3.ch\/?product=import-placeholder-for-205010"},"modified":"2021-01-15T14:37:59","modified_gmt":"2021-01-15T14:37:59","slug":"sans-lui","status":"publish","type":"product","link":"https:\/\/pizbube.ch\/en\/shop\/sans-lui\/","title":{"rendered":"sans lui"},"content":{"rendered":"<p>\nLe 27 janvier 2006, Jean-Christophe Lafaille, le plus grand alpiniste de sa<br \/>\ng\u00e9n\u00e9ration, trouvait la mort en Himalaya, au Makalu, l un des quatorze sommets<br \/>\nde plus de 8 000 m\u00e8tres de la plan\u00e8te. Sans lui, \u00e0 36 ans, m\u00e8re de deux<br \/>\nenfants (J\u00e9r\u00e9mie, 12 ans, n\u00e9 d une union pr\u00e9c\u00e9dente et Tom, \u00e2g\u00e9 de 5 ans, fils<br \/>\nde Jean-Christophe), Katia \u00e0 la fois forte et fragile affronte le vide de la<br \/>\nreconstruction.<\/p>\n<p>Comment s en sortir &#8211; Quel avenir pour une femme dans un univers o\u00f9 ni les<br \/>\nmachos \u00e0 crampons ni les mufles \u00e0 piolets ne vous \u00e9pargnent leurs sarcasmes &#8211;<br \/>\nA-t-on le droit de vivre autrement l amour avec un homme qui tutoyait la mort<br \/>\nen altitude &#8211; Peut-on survivre au deuil d un alpiniste sans s\u00e9pulture &#8211; Cette<br \/>\nsportive qui n a pas froid aux yeux, alternant les comp\u00e9titions de descente en<br \/>\nVTT, le parapente, l alpinisme en solitaire, cette risque-tout qui longtemps<br \/>\nne s encordait pas en montagne, funambule au-dessus des glaciers, avait t\u00f4t<br \/>\ncess\u00e9 d \u00eatre une bourgeoise r\u00eaveuse des bords du L\u00e9man.<\/p>\n<p>Mari\u00e9e \u00e0 18 ans, divorc\u00e9e \u00e0 19, \u00e9prise de nature et d espace blanc, solitaire<br \/>\nsouvent et par choix, Katia rencontra enfin Jean-Christophe et son destin<br \/>\nchangea. Ils invent\u00e8rent ensemble une autre fa\u00e7on de marcher, d escalader, d<br \/>\nimaginer la montagne. Ils envisageaient de vivre ensemble dans l ouest<br \/>\nam\u00e9ricain. Katia ira bient\u00f4t, sans lui, avec son fils Tom.  <\/p>","protected":false},"excerpt":{"rendered":"<p>Le 27 janvier 2006, Jean-Christophe Lafaille, le plus grand alpiniste de sa g\u00e9n\u00e9ration, trouvait la mort en Himalaya, au Makalu, l un des quatorze sommets de plus de 8 000 m\u00e8tres de la plan\u00e8te. Sans lui, \u00e0 36 ans, m\u00e8re de deux enfants (J\u00e9r\u00e9mie, 12 ans, n\u00e9 d une union pr\u00e9c\u00e9dente et Tom, \u00e2g\u00e9 de [&#8230;]\n","protected":false},"featured_media":33586,"template":"","meta":[],"product_brand":[],"product_cat":[21629],"product_tag":[],"class_list":{"0":"post-146142","1":"product","2":"type-product","3":"status-publish","4":"has-post-thumbnail","6":"product_cat-belletristik","7":"pa_autor-lafaille","8":"pa_erscheinungsjahr-21842","9":"pa_region-frankreich","10":"pa_sprache-fr","12":"first","13":"instock","14":"taxable","15":"shipping-taxable","16":"purchasable","17":"product-type-simple"},"_links":{"self":[{"href":"https:\/\/pizbube.ch\/en\/wp-json\/wp\/v2\/product\/146142","targetHints":{"allow":["GET"]}}],"collection":[{"href":"https:\/\/pizbube.ch\/en\/wp-json\/wp\/v2\/product"}],"about":[{"href":"https:\/\/pizbube.ch\/en\/wp-json\/wp\/v2\/types\/product"}],"wp:featuredmedia":[{"embeddable":true,"href":"https:\/\/pizbube.ch\/en\/wp-json\/wp\/v2\/media\/33586"}],"wp:attachment":[{"href":"https:\/\/pizbube.ch\/en\/wp-json\/wp\/v2\/media?parent=146142"}],"wp:term":[{"taxonomy":"product_brand","embeddable":true,"href":"https:\/\/pizbube.ch\/en\/wp-json\/wp\/v2\/product_brand?post=146142"},{"taxonomy":"product_cat","embeddable":true,"href":"https:\/\/pizbube.ch\/en\/wp-json\/wp\/v2\/product_cat?post=146142"},{"taxonomy":"product_tag","embeddable":true,"href":"https:\/\/pizbube.ch\/en\/wp-json\/wp\/v2\/product_tag?post=146142"}],"curies":[{"name":"wp","href":"https:\/\/api.w.org\/{rel}","templated":true}]}}