{"id":146143,"date":"2021-01-15T10:53:16","date_gmt":"2021-01-15T10:53:16","guid":{"rendered":"https:\/\/codengine3.ch\/?product=import-placeholder-for-208135"},"modified":"2023-06-22T12:20:08","modified_gmt":"2023-06-22T10:20:08","slug":"erhard-loretan-une-vie-suspendue","status":"publish","type":"product","link":"https:\/\/pizbube.ch\/en\/shop\/erhard-loretan-une-vie-suspendue\/","title":{"rendered":"Erhard Loretan, une vie suspendue"},"content":{"rendered":"<p>N\u00e9 en 1959, pr\u00e8s de Gruy\u00e8re en Suisse romande, son horizon est hachur\u00e9 par les<br \/>\ncalcaires des Gastlosen, les \u00ab petites Dolomites \u00bb. D\u00e8s l\u2019enfance, il aiguise<br \/>\nses crampons sur les faces nord et entre \u00e0 quinze ans dans le s\u00e9rail, \u00e0<br \/>\nChamonix o\u00f9 le jeu consiste \u00e0 r\u00e9p\u00e9ter en plus vite ce qu\u2019ont fait ses<br \/>\nillustres pr\u00e9d\u00e9cesseurs. Il conna\u00eet son 7e degr\u00e9 de Messner sur le bout des<br \/>\ndoigts, d\u00e9vore les grandes parois dans R\u00e9buffat et Bonatti, sort Major de sa<br \/>\npromotion de guide \u00e0 21 ans, encha\u00eene les solos et rend hommage \u00e0 Hermann Buhl<br \/>\nen choisissant le Nanga Parbat, son premier 8000.<\/p>\n<p>Lorsqu\u2019il l\u2019a rencontr\u00e9, \u00e0 la gare de Lausanne, en 1995, Charlie Buffet a vite<br \/>\nd\u00e9cel\u00e9 dans ce petit homme d\u2019un m\u00e8tre 65, la classe d\u2019un grand. Erhard Loretan<br \/>\nrentrait du N\u00e9pal, il venait de terminer son quatorzi\u00e8me 8000, le<br \/>\nKangchenjunga, comme une plume, avec pour tout bagage des barres de chocolat,<br \/>\nune fiasque de sirop d\u2019abricotine. Un sac l\u00e9ger, pour un aller-retour<br \/>\nfulgurant. Loretan est un artiste, minimaliste. Il confirme le principe de<br \/>\nLachenal : \u00ab Moins on passe de temps en montagne, moins on prend de risque \u00bb.<\/p>\n<p>\u00ab Les huit mille, c\u2019est comme les cacahu\u00e8tes, on ne devrait jamais commencer<br \/>\n\u00bb, dira-t-il dans un grand rire, sa parade \u00e0 l\u2019ing\u00e9rence des hommes. C\u2019est que<br \/>\nle g\u00e9ant suisse est un taiseux. Il ne cherche ni \u00e0 s\u2019\u00e9pancher, ni \u00e0 \u00e9blouir.<\/p>\n<p>Il fait de la montagne pour le plaisir et sa capacit\u00e9 \u00e0 accepter la<br \/>\nsouffrance. Elle sera mise \u00e0 rude \u00e9preuve en 2001. Son petit gar\u00e7on meurt,<br \/>\nvictime du \u00ab syndrome du b\u00e9b\u00e9 secou\u00e9 \u00bb. \u00ab Trois petits coups, fermes et forts<br \/>\n\u00bb, dira le juge mais seulement trois petits coups pour lesquels Erhard sera<br \/>\ncondamn\u00e9. Tous les parents connaissent des gestes d\u2019impatience mais ils n\u2019ont<br \/>\nheureusement pas tous la force des alpinistes. Charlie Buffet ne le verra<br \/>\nplus. Loretan, entra\u00een\u00e9 dans une chute \u00e0 ski avec sa compagne termine sa vie<br \/>\nle jour de son anniversaire, \u00e0 52 ans, au bord d\u2019une crevasse. Il n\u2019a pas v\u00e9cu<br \/>\nlongtemps. Ne dit-on pas que les hommes de g\u00e9nie sont des m\u00e9t\u00e9ores destin\u00e9s \u00e0<br \/>\nbr\u00fbler pour \u00e9clairer leur si\u00e8cle ?<\/p>","protected":false},"excerpt":{"rendered":"<ul>\n<li><a href=\"https:\/\/youtu.be\/XU6o-iu3ZOU#at=40\" target=\"_blank\" rel=\"noopener\">Video: Erhard Loretan par Charlie Buffet <\/a><\/li>\n<\/ul>","protected":false},"featured_media":39445,"template":"","meta":[],"product_brand":[],"product_cat":[21542],"product_tag":[],"class_list":{"0":"post-146143","1":"product","2":"type-product","3":"status-publish","4":"has-post-thumbnail","6":"product_cat-sachbuecher-dokumentationen","7":"pa_autor-buffet","8":"pa_erscheinungsjahr-21568","9":"pa_region-schweiz","10":"pa_sprache-fr","12":"first","13":"outofstock","14":"taxable","15":"shipping-taxable","16":"purchasable","17":"product-type-simple"},"_links":{"self":[{"href":"https:\/\/pizbube.ch\/en\/wp-json\/wp\/v2\/product\/146143","targetHints":{"allow":["GET"]}}],"collection":[{"href":"https:\/\/pizbube.ch\/en\/wp-json\/wp\/v2\/product"}],"about":[{"href":"https:\/\/pizbube.ch\/en\/wp-json\/wp\/v2\/types\/product"}],"wp:featuredmedia":[{"embeddable":true,"href":"https:\/\/pizbube.ch\/en\/wp-json\/wp\/v2\/media\/39445"}],"wp:attachment":[{"href":"https:\/\/pizbube.ch\/en\/wp-json\/wp\/v2\/media?parent=146143"}],"wp:term":[{"taxonomy":"product_brand","embeddable":true,"href":"https:\/\/pizbube.ch\/en\/wp-json\/wp\/v2\/product_brand?post=146143"},{"taxonomy":"product_cat","embeddable":true,"href":"https:\/\/pizbube.ch\/en\/wp-json\/wp\/v2\/product_cat?post=146143"},{"taxonomy":"product_tag","embeddable":true,"href":"https:\/\/pizbube.ch\/en\/wp-json\/wp\/v2\/product_tag?post=146143"}],"curies":[{"name":"wp","href":"https:\/\/api.w.org\/{rel}","templated":true}]}}