{"id":146144,"date":"2021-01-15T10:53:16","date_gmt":"2021-01-15T10:53:16","guid":{"rendered":"https:\/\/codengine3.ch\/?product=import-placeholder-for-200358"},"modified":"2026-04-08T12:34:14","modified_gmt":"2026-04-08T10:34:14","slug":"je-vous-ecris-de-la-haut","status":"publish","type":"product","link":"https:\/\/pizbube.ch\/en\/shop\/je-vous-ecris-de-la-haut\/","title":{"rendered":"Je vous \u00e9cris de l\u00e0-haut"},"content":{"rendered":"<p>Une autobiographie posthume de l&#8217;un des plus grands alpinistes fran\u00e7ais \u00e9dit\u00e9e<br \/>\n\u00e0 partir de l&#8217;\u00e9criture de ses carnets.<\/p>\n<p>L&#8217;alpiniste, disparu en 2006 dans l&#8217;Himalaya, a \u00e9crit toute sa vie. Dans ses<br \/>\ncamps de base sur de petits carnets ou sur des feuilles libres empil\u00e9es<br \/>\npendant des ann\u00e9es quand il tentait de se lib\u00e9rer du traumatisme de ses cinq<br \/>\njours de survie cauchemardesque \u00e0 l&#8217;Annapurna (un des tr\u00e8s grands r\u00e9cits de<br \/>\nsurvie de l&#8217;histoire de l&#8217;alpinisme, qui \u00e9merge au grand jour 27 ans apr\u00e8s \u2013<br \/>\n\u00e9mouvant). Ces textes ont la puissance de la r\u00e9alit\u00e9 capt\u00e9e sur le vif.<\/p>\n<p>Une voix sinc\u00e8re, dou\u00e9e pour l&#8217;introspection. Des moments d&#8217;actions haletants,<br \/>\ndes fulgurances po\u00e9tiques. Un dernier carnet tr\u00e8s poignant : Lafaille est seul<br \/>\npendant quarante jours, perdu l&#8217;hiver au fond de l&#8217;Himalaya dans une tente<br \/>\nbattue par un vent incessant, puis il part vers le sommet en laissant un mot<br \/>\n\u00e9mouvant pour ses proches. Son corps n&#8217;a jamais \u00e9t\u00e9 retrouv\u00e9.<\/p>\n<p>Nombre de pages: 384<\/p>","protected":false},"excerpt":{"rendered":"<ul>\n<li><a href=\"https:\/\/youtu.be\/N-pKJwgw5RI\" target=\"_blank\" rel=\"noopener\">Video: Je vous \u00e9cris de l\u00e0-haut : Vid\u00e9o pr\u00e9sentation<\/a><\/li>\n<\/ul>","protected":false},"featured_media":183759,"template":"","meta":[],"product_brand":[],"product_cat":[21542],"product_tag":[],"class_list":{"0":"post-146144","1":"product","2":"type-product","3":"status-publish","4":"has-post-thumbnail","6":"product_cat-sachbuecher-dokumentationen","7":"pa_autor-lafaille","8":"pa_erscheinungsjahr-21586","9":"pa_region-frankreich","10":"pa_sprache-fr","12":"first","13":"instock","14":"taxable","15":"shipping-taxable","16":"purchasable","17":"product-type-simple"},"_links":{"self":[{"href":"https:\/\/pizbube.ch\/en\/wp-json\/wp\/v2\/product\/146144","targetHints":{"allow":["GET"]}}],"collection":[{"href":"https:\/\/pizbube.ch\/en\/wp-json\/wp\/v2\/product"}],"about":[{"href":"https:\/\/pizbube.ch\/en\/wp-json\/wp\/v2\/types\/product"}],"wp:featuredmedia":[{"embeddable":true,"href":"https:\/\/pizbube.ch\/en\/wp-json\/wp\/v2\/media\/183759"}],"wp:attachment":[{"href":"https:\/\/pizbube.ch\/en\/wp-json\/wp\/v2\/media?parent=146144"}],"wp:term":[{"taxonomy":"product_brand","embeddable":true,"href":"https:\/\/pizbube.ch\/en\/wp-json\/wp\/v2\/product_brand?post=146144"},{"taxonomy":"product_cat","embeddable":true,"href":"https:\/\/pizbube.ch\/en\/wp-json\/wp\/v2\/product_cat?post=146144"},{"taxonomy":"product_tag","embeddable":true,"href":"https:\/\/pizbube.ch\/en\/wp-json\/wp\/v2\/product_tag?post=146144"}],"curies":[{"name":"wp","href":"https:\/\/api.w.org\/{rel}","templated":true}]}}