{"id":146146,"date":"2021-01-15T10:53:16","date_gmt":"2021-01-15T10:53:16","guid":{"rendered":"https:\/\/codengine3.ch\/?product=import-placeholder-for-207513"},"modified":"2021-01-15T16:04:07","modified_gmt":"2021-01-15T16:04:07","slug":"nouvelles-chroniques-des-hauteurs","status":"publish","type":"product","link":"https:\/\/pizbube.ch\/en\/shop\/nouvelles-chroniques-des-hauteurs\/","title":{"rendered":"Nouvelles chroniques des hauteurs"},"content":{"rendered":"<p>Les aventures d\u2019un alpiniste peu ordinaire en haut de montagnes<br \/>\nextraordinaires<\/p>\n<p>Apr\u00e8s le succ\u00e8s de ses Chroniques himalayennes, Jean-Michel Asselin s\u2019est<br \/>\nreplong\u00e9 dans l\u2019\u00e9paisseur de ses carnets de voyage pour nous montrer les<br \/>\ncoulisses de ses aventures d\u2019alpiniste o\u00f9 il n\u2019y a ni vainqueur ni record \u00e0<br \/>\npulv\u00e9riser, mais o\u00f9 l\u2019on risque n\u00e9anmoins sa peau. Ces histoires vraies sont<br \/>\nn\u00e9es en Himalaya, en Argentine, en \u00c9quateur, en Iran, au Liban, en Turquie, au<br \/>\nMont\u00e9n\u00e9gro, ou encore dans les Alpes. Elles ont pour point commun de d\u00e9buter<br \/>\nl\u00e0 o\u00f9 l\u2019oxyg\u00e8ne vient \u00e0 manquer. L\u00e0 o\u00f9 la neige, la glace et le rocher<br \/>\nremplacent le macadam. Dans ces histoires \u00ab \u00e0 bout de souffle \u00bb, il n\u2019y a pas<br \/>\nde h\u00e9ros, mais des protagonistes qui, malgr\u00e9 le froid et la peur, continuent<br \/>\nde grandir au bout des sommets. L\u2019amour et la mort, la douleur et la joie,<br \/>\nl\u2019imb\u00e9cillit\u00e9 et le courage, l\u2019inconscience et la lucidit\u00e9, la rencontre de<br \/>\nl\u2019autre, les dieux et quelques d\u00e9mons : les th\u00e8mes de ces trente chroniques en<br \/>\nfont des histoires profond\u00e9ment humaines.<\/p>","protected":false},"excerpt":{"rendered":"<p>Les aventures d\u2019un alpiniste peu ordinaire en haut de montagnes extraordinaires Apr\u00e8s le succ\u00e8s de ses Chroniques himalayennes, Jean-Michel Asselin s\u2019est replong\u00e9 dans l\u2019\u00e9paisseur de ses carnets de voyage pour nous montrer les coulisses de ses aventures d\u2019alpiniste o\u00f9 il n\u2019y a ni vainqueur ni record \u00e0 pulv\u00e9riser, mais o\u00f9 l\u2019on risque n\u00e9anmoins sa peau. [&#8230;]\n","protected":false},"featured_media":37690,"template":"","meta":[],"product_brand":[],"product_cat":[21542],"product_tag":[],"class_list":{"0":"post-146146","1":"product","2":"type-product","3":"status-publish","4":"has-post-thumbnail","6":"product_cat-sachbuecher-dokumentationen","7":"pa_autor-asselin","8":"pa_erscheinungsjahr-21550","9":"pa_region-frankreich","10":"pa_sprache-fr","12":"first","13":"instock","14":"taxable","15":"shipping-taxable","16":"purchasable","17":"product-type-simple"},"_links":{"self":[{"href":"https:\/\/pizbube.ch\/en\/wp-json\/wp\/v2\/product\/146146","targetHints":{"allow":["GET"]}}],"collection":[{"href":"https:\/\/pizbube.ch\/en\/wp-json\/wp\/v2\/product"}],"about":[{"href":"https:\/\/pizbube.ch\/en\/wp-json\/wp\/v2\/types\/product"}],"wp:featuredmedia":[{"embeddable":true,"href":"https:\/\/pizbube.ch\/en\/wp-json\/wp\/v2\/media\/37690"}],"wp:attachment":[{"href":"https:\/\/pizbube.ch\/en\/wp-json\/wp\/v2\/media?parent=146146"}],"wp:term":[{"taxonomy":"product_brand","embeddable":true,"href":"https:\/\/pizbube.ch\/en\/wp-json\/wp\/v2\/product_brand?post=146146"},{"taxonomy":"product_cat","embeddable":true,"href":"https:\/\/pizbube.ch\/en\/wp-json\/wp\/v2\/product_cat?post=146146"},{"taxonomy":"product_tag","embeddable":true,"href":"https:\/\/pizbube.ch\/en\/wp-json\/wp\/v2\/product_tag?post=146146"}],"curies":[{"name":"wp","href":"https:\/\/api.w.org\/{rel}","templated":true}]}}