{"id":146148,"date":"2021-01-15T10:53:16","date_gmt":"2021-01-15T10:53:16","guid":{"rendered":"https:\/\/codengine3.ch\/?product=import-placeholder-for-204323"},"modified":"2025-12-03T17:09:05","modified_gmt":"2025-12-03T16:09:05","slug":"val-verzasca-das-antike-herz-des-tessin","status":"publish","type":"product","link":"https:\/\/pizbube.ch\/en\/shop\/val-verzasca-das-antike-herz-des-tessin\/","title":{"rendered":"Val Verzasca Das antike Herz des Tessin"},"content":{"rendered":"<p>Val Verzasca: Das antike Herz des Tessin mit dem sch\u00f6nsten Wasser der Welt, mit der waghalsigen Via Alta l\u00e4ngs der Gebirgsk\u00e4mme, auf dem Sentierone, dem alten Pfad durch das Tal, auf tausend Wegen zu den Maiens\u00e4ssen uns Alpen der Seitent\u00e4ler mit ihren zahllosen frommen Malereine, das harte Leben der fr\u00fcheren Talbewohner.<\/p>\n<p>Das Verzascatal hat in der Vergangenheit die Nachteile seiner Abgeschiedenheit versp\u00fcrt; es hat sich aber dadurch viel von seinem einstigen Zauber bewahrt. Der Fotograf und Autor Ely Riva f\u00fchrt den Betrachter durch die Seitent\u00e4ler und D\u00f6rfer, zeigt Leute, T\u00e4tigkeiten und deren Eigenarten in diskreter, unaufdringlicher Weise. Im gleichen Stil beschreibt er Wanderungen auf der Via Alta. Er vermittelt so einen Einblick ohne Pathos und Nostalgie in das Leben eines typischen S\u00fcdschweizer Tals, das eben im Herzen des Tessins liegt.<\/p>\n<p>Bild- Dokumentation mit Tourenvorschl\u00e4gen,<br \/>\n157 S.<\/p>","protected":false},"excerpt":{"rendered":"<p>Val Verzasca: Das antike Herz des Tessin mit dem sch\u00f6nsten Wasser der Welt, mit der waghalsigen Via Alta l\u00e4ngs der Gebirgsk\u00e4mme, auf dem Sentierone, dem alten Pfad durch das Tal, auf tausend Wegen zu den Maiens\u00e4ssen uns Alpen der Seitent\u00e4ler mit ihren zahllosen frommen Malereine, das harte Leben der fr\u00fcheren Talbewohner. Das Verzascatal hat in [&#8230;]\n","protected":false},"featured_media":32158,"template":"","meta":[],"product_brand":[],"product_cat":[21542],"product_tag":[],"class_list":{"0":"post-146148","1":"product","2":"type-product","3":"status-publish","4":"has-post-thumbnail","6":"product_cat-sachbuecher-dokumentationen","7":"pa_autor-riva","8":"pa_erscheinungsjahr-21763","9":"pa_region-schweiz","10":"pa_sprache-de","12":"first","13":"outofstock","14":"taxable","15":"shipping-taxable","16":"purchasable","17":"product-type-simple"},"_links":{"self":[{"href":"https:\/\/pizbube.ch\/en\/wp-json\/wp\/v2\/product\/146148","targetHints":{"allow":["GET"]}}],"collection":[{"href":"https:\/\/pizbube.ch\/en\/wp-json\/wp\/v2\/product"}],"about":[{"href":"https:\/\/pizbube.ch\/en\/wp-json\/wp\/v2\/types\/product"}],"wp:featuredmedia":[{"embeddable":true,"href":"https:\/\/pizbube.ch\/en\/wp-json\/wp\/v2\/media\/32158"}],"wp:attachment":[{"href":"https:\/\/pizbube.ch\/en\/wp-json\/wp\/v2\/media?parent=146148"}],"wp:term":[{"taxonomy":"product_brand","embeddable":true,"href":"https:\/\/pizbube.ch\/en\/wp-json\/wp\/v2\/product_brand?post=146148"},{"taxonomy":"product_cat","embeddable":true,"href":"https:\/\/pizbube.ch\/en\/wp-json\/wp\/v2\/product_cat?post=146148"},{"taxonomy":"product_tag","embeddable":true,"href":"https:\/\/pizbube.ch\/en\/wp-json\/wp\/v2\/product_tag?post=146148"}],"curies":[{"name":"wp","href":"https:\/\/api.w.org\/{rel}","templated":true}]}}