{"id":146149,"date":"2021-01-15T10:53:16","date_gmt":"2021-01-15T10:53:16","guid":{"rendered":"https:\/\/codengine3.ch\/?product=import-placeholder-for-202877"},"modified":"2021-01-15T12:40:07","modified_gmt":"2021-01-15T12:40:07","slug":"der-stammbaum","status":"publish","type":"product","link":"https:\/\/pizbube.ch\/en\/shop\/der-stammbaum\/","title":{"rendered":"Der Stammbaum"},"content":{"rendered":"<p>Chronik einer Tessiner Familie  <\/p>\n<p>\u00abDer Stammbaum\u00bb: Anhand der eigenen Familie erz\u00e4hlt Bianconi vom Schicksal der<br \/>\nBewohner des kleinen Tessiner Bergdorfs Mergoscia. Als er im M\u00e4rz 1966 in das<br \/>\nfast verlassene Dorf hochsteigt, findet er zerfallende Mauern und darin eine<br \/>\nTruhe mit Dokumenten, Vertr\u00e4gen und vor allem Briefen. Briefe von jungen<br \/>\nTessinern, die seit dem 19. Jahrhundert ausgezogen waren, um anderswo das<br \/>\nGl\u00fcck zu finden, angezogen von den magischen Namen Australien und Kalifornien,<br \/>\nvon der Hoffnung auf Gold und Wohlstand.<\/p>\n<p>Kaum einer fand das Gl\u00fcck, viele kamen zur\u00fcck. Aber die warnenden und<br \/>\nbeschw\u00f6renden Berichte der Heimgekehrten verhinderten nicht, dass die n\u00e4chste<br \/>\nGeneration wieder aus der Armut und Kargheit ihrer D\u00f6rfer floh, um das<br \/>\nAbenteuer zu suchen.<\/p>\n<p>Bianconis Vorfahren waren allesamt brillante Briefeschreiber, ob sie nun<br \/>\nKleinigkeiten \u00fcber den Ozean austauschten, sich Ratschl\u00e4ge erteilten oder<br \/>\nbittere Vorw\u00fcrfe machten. Es entsteht ein ungemein plastisches und pr\u00e4zises<br \/>\nBild des Lebens der Auswanderer wie des Bergdorfs: ein lebendiges St\u00fcck<br \/>\nGeschichte des Verzasca-Tals.<\/p>\n<p>\u00dcbersetzt von Hannelise Hinderberger \/ Mit einem Nachwort von Renato Martinoni<br \/>\n224 Seiten, 9 Abb., gebunden mit Schutzumschlag<\/p>","protected":false},"excerpt":{"rendered":"<p>Chronik einer Tessiner Familie \u00abDer Stammbaum\u00bb: Anhand der eigenen Familie erz\u00e4hlt Bianconi vom Schicksal der Bewohner des kleinen Tessiner Bergdorfs Mergoscia. Als er im M\u00e4rz 1966 in das fast verlassene Dorf hochsteigt, findet er zerfallende Mauern und darin eine Truhe mit Dokumenten, Vertr\u00e4gen und vor allem Briefen. Briefe von jungen Tessinern, die seit dem 19. [&#8230;]\n","protected":false},"featured_media":26921,"template":"","meta":[],"product_brand":[],"product_cat":[21629],"product_tag":[],"class_list":{"0":"post-146149","1":"product","2":"type-product","3":"status-publish","4":"has-post-thumbnail","6":"product_cat-belletristik","7":"pa_autor-bianconi","8":"pa_erscheinungsjahr-21574","9":"pa_region-schweiz","10":"pa_sprache-de","12":"first","13":"instock","14":"taxable","15":"shipping-taxable","16":"purchasable","17":"product-type-simple"},"_links":{"self":[{"href":"https:\/\/pizbube.ch\/en\/wp-json\/wp\/v2\/product\/146149","targetHints":{"allow":["GET"]}}],"collection":[{"href":"https:\/\/pizbube.ch\/en\/wp-json\/wp\/v2\/product"}],"about":[{"href":"https:\/\/pizbube.ch\/en\/wp-json\/wp\/v2\/types\/product"}],"wp:featuredmedia":[{"embeddable":true,"href":"https:\/\/pizbube.ch\/en\/wp-json\/wp\/v2\/media\/26921"}],"wp:attachment":[{"href":"https:\/\/pizbube.ch\/en\/wp-json\/wp\/v2\/media?parent=146149"}],"wp:term":[{"taxonomy":"product_brand","embeddable":true,"href":"https:\/\/pizbube.ch\/en\/wp-json\/wp\/v2\/product_brand?post=146149"},{"taxonomy":"product_cat","embeddable":true,"href":"https:\/\/pizbube.ch\/en\/wp-json\/wp\/v2\/product_cat?post=146149"},{"taxonomy":"product_tag","embeddable":true,"href":"https:\/\/pizbube.ch\/en\/wp-json\/wp\/v2\/product_tag?post=146149"}],"curies":[{"name":"wp","href":"https:\/\/api.w.org\/{rel}","templated":true}]}}