{"id":146161,"date":"2021-01-15T10:53:16","date_gmt":"2021-01-15T10:53:16","guid":{"rendered":"https:\/\/codengine3.ch\/?product=import-placeholder-for-200014"},"modified":"2021-01-15T10:53:24","modified_gmt":"2021-01-15T10:53:24","slug":"mehrseillaengenrouten-sportklettern-zillertal","status":"publish","type":"product","link":"https:\/\/pizbube.ch\/en\/shop\/mehrseillaengenrouten-sportklettern-zillertal\/","title":{"rendered":"Mehrseill\u00e4ngenrouten Sportklettern Zillertal"},"content":{"rendered":"<p>Viele Kletterer verbinden mit Zillertal und Mehrseill\u00e4ngen immer noch alpine<br \/>\nRouten mit langen, m\u00fchsamen Zustiegen. Doch im hinteren Zillertal gibt es<br \/>\ngewaltige W\u00e4nde in Taln\u00e4he mit einem enormen Potenzial f\u00fcr<br \/>\nMehrseill\u00e4ngentouren. 2011 leitete der Autor Uwe Eder eine neue<br \/>\nErschlie\u00dfungswelle ein, die mit der Erstbegehung der \u201eSei Prophet\u201c am<br \/>\nTaufenkopf ihren Anfang nahm. So entstanden in den letzten Jahren um die 30<br \/>\nneue Routen, teils eingebohrte Genussrouten, aber auch viele anspruchsvolle<br \/>\nTouren, die nur mit Normalhaken ausgestattet sind und zus\u00e4tzlich mobil<br \/>\nabgesichert werden m\u00fcssen. Insgesamt gibt es mittlerweile an die 90 (!)<br \/>\nMehrseill\u00e4ngenrouten mit Zustiegen bis zu h\u00f6chstens einer Stunde (teils mit<br \/>\nLiftunterst\u00fctzung), welche das hintere Zillertal zu einem sehr lohnenden<br \/>\nKletterziel machen.<\/p>\n<p>Der Zillertaler Sportkletterpionier hat aber die Felsw\u00e4nde nicht nur<br \/>\nerschlossen, tolle Routen eingerichtet und zahlreiche Erstbegehungen<br \/>\ndurchgef\u00fchrt sondern diese nun auch in einem ansprechend gestalteten<br \/>\nF\u00fchrerwerk publiziert. Sehr gute Beschreibungen, Hinweise zur erforderlichen<br \/>\nAusr\u00fcstung sowie \u00fcbersichtliche und mit Liebe zum Detail gezeichnete Routen-<br \/>\nTopos erm\u00f6glichen es, die Touren selbst zu entdecken und zu klettern. Neben<br \/>\nden Mehrseill\u00e4ngentouren sind auch drei neue Sportkletterg\u00e4rten beschrieben.<br \/>\nDamit es nicht zu Problemen mit dem Umweltschutz und Grundbesitzern kommt,<br \/>\nsind auch wichtige Hinweise zu Parkpl\u00e4tzen, Zustiege, Betreten von Privatgrund<br \/>\netc. enthalten. Mit dem im Selbstverlag ver\u00f6ffentlichten F\u00fchrer kann man nun<br \/>\nviele erlebnisreiche Kletterstunden in einem der besten Klettergebiete der<br \/>\nWelt verbringen.<\/p>","protected":false},"excerpt":{"rendered":"<ul>\n<li><b>INFO: Neuauflage geplant, Termin laut Autor Herbst 2018<b><\/li>\n<\/ul>","protected":false},"featured_media":25696,"template":"","meta":[],"product_brand":[],"product_cat":[21539],"product_tag":[],"class_list":{"0":"post-146161","1":"product","2":"type-product","3":"status-publish","4":"has-post-thumbnail","6":"product_cat-fuehrerliteratur-sportklettern-bouldern","7":"pa_autor-eder","8":"pa_erscheinungsjahr-21550","9":"pa_region-oesterreich","10":"pa_sprache-de","12":"first","13":"outofstock","14":"taxable","15":"shipping-taxable","16":"purchasable","17":"product-type-simple"},"_links":{"self":[{"href":"https:\/\/pizbube.ch\/en\/wp-json\/wp\/v2\/product\/146161","targetHints":{"allow":["GET"]}}],"collection":[{"href":"https:\/\/pizbube.ch\/en\/wp-json\/wp\/v2\/product"}],"about":[{"href":"https:\/\/pizbube.ch\/en\/wp-json\/wp\/v2\/types\/product"}],"wp:featuredmedia":[{"embeddable":true,"href":"https:\/\/pizbube.ch\/en\/wp-json\/wp\/v2\/media\/25696"}],"wp:attachment":[{"href":"https:\/\/pizbube.ch\/en\/wp-json\/wp\/v2\/media?parent=146161"}],"wp:term":[{"taxonomy":"product_brand","embeddable":true,"href":"https:\/\/pizbube.ch\/en\/wp-json\/wp\/v2\/product_brand?post=146161"},{"taxonomy":"product_cat","embeddable":true,"href":"https:\/\/pizbube.ch\/en\/wp-json\/wp\/v2\/product_cat?post=146161"},{"taxonomy":"product_tag","embeddable":true,"href":"https:\/\/pizbube.ch\/en\/wp-json\/wp\/v2\/product_tag?post=146161"}],"curies":[{"name":"wp","href":"https:\/\/api.w.org\/{rel}","templated":true}]}}