{"id":146162,"date":"2021-01-15T10:53:16","date_gmt":"2021-01-15T10:53:16","guid":{"rendered":"https:\/\/codengine3.ch\/?product=import-placeholder-for-203398"},"modified":"2024-07-17T16:41:18","modified_gmt":"2024-07-17T14:41:18","slug":"zillertal-klettern-bouldern","status":"publish","type":"product","link":"https:\/\/pizbube.ch\/en\/shop\/zillertal-klettern-bouldern\/","title":{"rendered":"Zillertal Klettern &amp; Bouldern"},"content":{"rendered":"<p>Zillertal &#8211; Klettern und Bouldern<\/p>\n<p>Der pefekte Kletterf\u00fchrer zum wichtigsten Granitklettergebiet \u00d6sterreichs in<br \/>\nTirol wurde komplett \u00fcberarbeitet und erscheint nun in seiner 4. Auflage. An<br \/>\nden zahlreichen Granitbl\u00f6cken unterschiedlichster Gr\u00f6\u00dfen und Formen befinden<br \/>\nsich 33 Kletterg\u00e4rten und 17 Bouldergebiete der Extraklasse.<\/p>\n<p>Zwei \u00e4ltere Gebiete wurden zugunsten von zwei neuen ersetzt, wobei die<br \/>\nKlassiker Ewige Jagdgr\u00fcnde, Nasenwand, Bergstation, Zillergrund und Ginzling<br \/>\nnat\u00fcrlich nach wie vor enthalten sind, um nur einige zu nennen. Alle Routen<br \/>\nund Boulder sind gut lesbar auf Farbphoto-Topos eingezeichnet, zu Beginn jedes<br \/>\nKapitels gibt es detaillierte Informationen zu Anfahrt und Zustieg inklusive<br \/>\nKarten.<\/p>\n<p>Diese Angaben sind auch in englischer Sprache verf\u00fcgbar. Piktogramme<br \/>\nerm\u00f6glichen einen schnellen \u00dcberblick zur Attraktivit\u00e4t des Gebietes mit<br \/>\nSternbewertung, Zustiegszeit, empfohlene Jahreszeit und genaue Anzahl der<br \/>\nRouten pro Sektor.<br \/>\n544 Seiten; inkl. Vertical-Life App<br \/>\n4. Auflage 2018<\/p>\n<p>33 crags and 16 bouldering areas in the Zillertal region, in the Austrian<br \/>\nTyrol.<br \/>\nMostly in German with English language access and location information. There<br \/>\nare very clear crag maps and photo topos. This is a very comprehensive<br \/>\nguidebook to a popular and accessible area, over 500 pages.<\/p>","protected":false},"excerpt":{"rendered":"<p>Zillertal &#8211; Klettern und Bouldern Der pefekte Kletterf\u00fchrer zum wichtigsten Granitklettergebiet \u00d6sterreichs in Tirol wurde komplett \u00fcberarbeitet und erscheint nun in seiner 4. Auflage. An den zahlreichen Granitbl\u00f6cken unterschiedlichster Gr\u00f6\u00dfen und Formen befinden sich 33 Kletterg\u00e4rten und 17 Bouldergebiete der Extraklasse. Zwei \u00e4ltere Gebiete wurden zugunsten von zwei neuen ersetzt, wobei die Klassiker Ewige Jagdgr\u00fcnde, [&#8230;]\n","protected":false},"featured_media":168955,"template":"","meta":[],"product_brand":[],"product_cat":[21539],"product_tag":[],"class_list":{"0":"post-146162","1":"product","2":"type-product","3":"status-publish","4":"has-post-thumbnail","6":"product_cat-fuehrerliteratur-sportklettern-bouldern","7":"pa_autor-schwaiger","8":"pa_erscheinungsjahr-21546","9":"pa_region-oesterreich","10":"pa_sprache-de-en","12":"first","13":"onbackorder","14":"taxable","15":"shipping-taxable","16":"purchasable","17":"product-type-simple"},"_links":{"self":[{"href":"https:\/\/pizbube.ch\/en\/wp-json\/wp\/v2\/product\/146162","targetHints":{"allow":["GET"]}}],"collection":[{"href":"https:\/\/pizbube.ch\/en\/wp-json\/wp\/v2\/product"}],"about":[{"href":"https:\/\/pizbube.ch\/en\/wp-json\/wp\/v2\/types\/product"}],"wp:featuredmedia":[{"embeddable":true,"href":"https:\/\/pizbube.ch\/en\/wp-json\/wp\/v2\/media\/168955"}],"wp:attachment":[{"href":"https:\/\/pizbube.ch\/en\/wp-json\/wp\/v2\/media?parent=146162"}],"wp:term":[{"taxonomy":"product_brand","embeddable":true,"href":"https:\/\/pizbube.ch\/en\/wp-json\/wp\/v2\/product_brand?post=146162"},{"taxonomy":"product_cat","embeddable":true,"href":"https:\/\/pizbube.ch\/en\/wp-json\/wp\/v2\/product_cat?post=146162"},{"taxonomy":"product_tag","embeddable":true,"href":"https:\/\/pizbube.ch\/en\/wp-json\/wp\/v2\/product_tag?post=146162"}],"curies":[{"name":"wp","href":"https:\/\/api.w.org\/{rel}","templated":true}]}}