{"id":146163,"date":"2021-01-15T10:53:16","date_gmt":"2021-01-15T10:53:16","guid":{"rendered":"https:\/\/codengine3.ch\/?product=import-placeholder-for-205780"},"modified":"2022-06-23T15:03:01","modified_gmt":"2022-06-23T13:03:01","slug":"abenteuer-alpinklettern-tirol","status":"publish","type":"product","link":"https:\/\/pizbube.ch\/en\/shop\/abenteuer-alpinklettern-tirol\/","title":{"rendered":"Abenteuer Alpinklettern Tirol"},"content":{"rendered":"<p>150 Klettertouren in den N\u00f6rdlichen Kalkalpen, am Alpenhauptkamm und in den<br \/>\nDolomiten.<\/p>\n<p>Erlebnis Berg &#8211; Abenteuer Fels: Klettern ist ein Breitensport geworden. Immer<br \/>\nmehr Menschen jeglichen Alters sind fasziniert von der Bewegungs- und<br \/>\nErlebnisvielfalt dieses neuen Trends. F\u00fcr viele Kletterer und Bergsteiger<br \/>\ngerade der mittleren und \u00e4lteren Generation steht jedoch fest: Das eigentliche<br \/>\nErlebnis beginnt erst jenseits der Komfortzone von Hallen und Kletterg\u00e4rten,<br \/>\ndort, wo die W\u00e4nde h\u00f6her, die Natur m\u00e4chtiger und das eigene Tun<br \/>\nkompromissloser wird. Auch immer mehr Kletterer der jungen Generation suchen<br \/>\nheute wieder das Abenteuer des alpinen Erlebnisses im Gebirge.<\/p>\n<p>F\u00fcr alle diejenigen, die Luft unter den Sohlen sch\u00e4tzen und die befriedigende<br \/>\nHerausforderung kalkulierbarer Risiken, hat nun das Tiroler Kletter-Urgestein<br \/>\nOtti Wiedmann ein gro\u00dfartiges, l\u00e4ngst \u00fcberf\u00e4lliges Buch geschaffen: 150 gro\u00dfe<br \/>\nalpine Klettertouren in allen Schwierigkeitsbereichen, vom Wilden Kaiser,<br \/>\nKarwendel, Wetterstein \u00fcber die Zillertaler, Stubaier und \u00d6tztaler Alpen bis<br \/>\nzum Ortler und in die Dolomiten. Mit spannenden Klettergeschichten, genauen<br \/>\nRoutenbeschreibungen und ausgezeichneten Wandfotos, zum Schm\u00f6kern, Tr\u00e4umen und<br \/>\nPlanen.<br \/>\nMit einem Vorwort v. Reinhold Messner.<\/p>\n<p>248 Seiten; 119 farb. und 14 sw. Abb. sowie 85 Routenskizzen und eine \u00dcbersichtskarte; 24 cm x 16.8 cm<\/p>","protected":false},"excerpt":{"rendered":"<ul>\n<li><a href=\"https:\/\/pizbube.ch\/wp-content\/uploads\/attachments\/a_004\/3360CB3A0E35C8978816E01A8848CAFF.pdf\" target=\"_blank\" rel=\"noopener\">PDF: Inhalt_Alpinklettern-Tirol.pdf<\/a><\/li>\n<\/ul>","protected":false},"featured_media":162443,"template":"","meta":[],"product_brand":[],"product_cat":[21539],"product_tag":[],"class_list":{"0":"post-146163","1":"product","2":"type-product","3":"status-publish","4":"has-post-thumbnail","6":"product_cat-fuehrerliteratur-sportklettern-bouldern","7":"pa_autor-wiedmann","8":"pa_erscheinungsjahr-21693","9":"pa_region-oesterreich","10":"pa_sprache-de","12":"first","13":"instock","14":"taxable","15":"shipping-taxable","16":"purchasable","17":"product-type-simple"},"_links":{"self":[{"href":"https:\/\/pizbube.ch\/en\/wp-json\/wp\/v2\/product\/146163","targetHints":{"allow":["GET"]}}],"collection":[{"href":"https:\/\/pizbube.ch\/en\/wp-json\/wp\/v2\/product"}],"about":[{"href":"https:\/\/pizbube.ch\/en\/wp-json\/wp\/v2\/types\/product"}],"wp:featuredmedia":[{"embeddable":true,"href":"https:\/\/pizbube.ch\/en\/wp-json\/wp\/v2\/media\/162443"}],"wp:attachment":[{"href":"https:\/\/pizbube.ch\/en\/wp-json\/wp\/v2\/media?parent=146163"}],"wp:term":[{"taxonomy":"product_brand","embeddable":true,"href":"https:\/\/pizbube.ch\/en\/wp-json\/wp\/v2\/product_brand?post=146163"},{"taxonomy":"product_cat","embeddable":true,"href":"https:\/\/pizbube.ch\/en\/wp-json\/wp\/v2\/product_cat?post=146163"},{"taxonomy":"product_tag","embeddable":true,"href":"https:\/\/pizbube.ch\/en\/wp-json\/wp\/v2\/product_tag?post=146163"}],"curies":[{"name":"wp","href":"https:\/\/api.w.org\/{rel}","templated":true}]}}