{"id":146164,"date":"2021-01-15T10:53:16","date_gmt":"2021-01-15T10:53:16","guid":{"rendered":"https:\/\/codengine3.ch\/?product=import-placeholder-for-201834"},"modified":"2021-05-04T10:07:57","modified_gmt":"2021-05-04T08:07:57","slug":"zillertaler-alpen-alpenvereinsfuehrer","status":"publish","type":"product","link":"https:\/\/pizbube.ch\/en\/shop\/zillertaler-alpen-alpenvereinsfuehrer\/","title":{"rendered":"Zillertaler Alpen (Alpenvereinsf\u00fchrer)"},"content":{"rendered":"<p>Alpenvereins- F\u00fchrer<br \/>\nZillertaler Alpen \u2013 diese wild-sch\u00f6nen Gletscherberge rund um den<br \/>\nAlpenhauptkamm beginnen hart \u00f6stlich des Brennerpasses und erstrecken sich bis<br \/>\nhin\u00fcber ins Salzburgische, zum Krimmler Tauern. Schroffer Fels und ernstes Eis<br \/>\npr\u00e4gen die zentralen K\u00e4mme, gegen die R\u00e4nder zu wird es allm\u00e4hlich runder und<br \/>\ngr\u00fcner. Das namengebende Zillertal ist der wichtigste Zugang von Norden und<br \/>\nstreckt seine \u00bbGr\u00fcnde\u00ab wie Finger gegen den Hauptkamm aus \u2013 selber geh\u00f6rt es<br \/>\nallerdings zu den Tuxer und Kitzb\u00fcheler Alpen.<\/p>\n<p>Von vielen Seiten leicht erreichbar, sind die Zillertaler Alpen dennoch \u00fcber<br \/>\nweite Strecken weltabgeschieden wie eh und je. Daran \u00e4ndern die touristischen<br \/>\nZentren an seinen R\u00e4ndern so wenig wie die Stauseen in einigen inneren T\u00e4lern.<br \/>\nJedenfalls bieten die Zillertaler eine F\u00fclle von lohnenden Touren aller<br \/>\nMacharten und Schwierigkeiten; die zahlreichen H\u00fctten sind durch ein<br \/>\nhervorragend gepflegtes H\u00f6henwegenetz miteinander verbunden, das eine<br \/>\nkomplette Gebietsdurchquerung erlaubt, ohne jemals einen Gletscher zu<br \/>\nbetreten. Und wer einen Gletscher betreten m\u00f6chte, kommt hier voll auf seine<br \/>\nRechnung.<\/p>\n<p>F\u00fcr diese, die 12. Auflage, wurde der F\u00fchrer dem mittlerweile seit gut einem<br \/>\nJahrzehnt erprobten neuen Schema der Alpenvereinsf\u00fchrer angepasst. Doch wurde<br \/>\nhier &#8211; wie etwa auch beim AVF \u00d6tztaler Alpen &#8211; darauf verzichtet, die Trennung<br \/>\nin einen \u00bbAlpin\u00ab- und einen \u00bbExtrem\u00ab-Teil durchzuf\u00fchren. So finden sich \u2013 nach<br \/>\nM\u00f6glichkeit gestrafft und auf das N\u00f6tige reduziert \u2013 alle Informationen, die<br \/>\nf\u00fcr Wanderer, Bergsteiger, Kletterer und Eisgeher relevant sind, wie eh und je<br \/>\nin einem Band<br \/>\nvereint.<br \/>\n12. \u00fcberarbeitete Auflg.<\/p>","protected":false},"excerpt":{"rendered":"<ul>\n<li><a href=\"https:\/\/pizbube.ch\/wp-content\/uploads\/attachments\/a_032\/FAE31432C2B4CA58E3B77889918BFC7B.pdf\" target=\"_blank\" rel=\"noopener\">PDF: Zillertaler Alpen Leseprobe<\/a><\/li>\n<\/ul>","protected":false},"featured_media":41343,"template":"","meta":[],"product_brand":[],"product_cat":[21544],"product_tag":[],"class_list":{"0":"post-146164","1":"product","2":"type-product","3":"status-publish","4":"has-post-thumbnail","6":"product_cat-fuehrerliteratur-alpin-sommer","7":"pa_autor-klier","8":"pa_erscheinungsjahr-21568","9":"pa_region-oesterreich","10":"pa_sprache-de","12":"first","13":"outofstock","14":"taxable","15":"shipping-taxable","16":"purchasable","17":"product-type-simple"},"_links":{"self":[{"href":"https:\/\/pizbube.ch\/en\/wp-json\/wp\/v2\/product\/146164","targetHints":{"allow":["GET"]}}],"collection":[{"href":"https:\/\/pizbube.ch\/en\/wp-json\/wp\/v2\/product"}],"about":[{"href":"https:\/\/pizbube.ch\/en\/wp-json\/wp\/v2\/types\/product"}],"wp:featuredmedia":[{"embeddable":true,"href":"https:\/\/pizbube.ch\/en\/wp-json\/wp\/v2\/media\/41343"}],"wp:attachment":[{"href":"https:\/\/pizbube.ch\/en\/wp-json\/wp\/v2\/media?parent=146164"}],"wp:term":[{"taxonomy":"product_brand","embeddable":true,"href":"https:\/\/pizbube.ch\/en\/wp-json\/wp\/v2\/product_brand?post=146164"},{"taxonomy":"product_cat","embeddable":true,"href":"https:\/\/pizbube.ch\/en\/wp-json\/wp\/v2\/product_cat?post=146164"},{"taxonomy":"product_tag","embeddable":true,"href":"https:\/\/pizbube.ch\/en\/wp-json\/wp\/v2\/product_tag?post=146164"}],"curies":[{"name":"wp","href":"https:\/\/api.w.org\/{rel}","templated":true}]}}