{"id":146167,"date":"2021-01-15T10:53:16","date_gmt":"2021-01-15T10:53:16","guid":{"rendered":"https:\/\/codengine3.ch\/?product=import-placeholder-for-205489"},"modified":"2024-01-11T10:00:00","modified_gmt":"2024-01-11T09:00:00","slug":"zillertaler-alpen-tuxer-alpen-1-50000-wandern-rad-skitouren","status":"publish","type":"product","link":"https:\/\/pizbube.ch\/en\/shop\/zillertaler-alpen-tuxer-alpen-1-50000-wandern-rad-skitouren\/","title":{"rendered":"Zillertaler Alpen &#8211; Tuxer Alpen 1: 50&#8217;000 Wandern Rad Skitouren"},"content":{"rendered":"<p>Blatt 37<\/p>\n<p>Die 4in1 Wanderkarte ist jetzt noch \u00fcbersichtlicher und besser lesbar. Die<br \/>\nWanderkarten aus den Top-Wanderregionen sind mit einer zus\u00e4tzlichen Karte im<br \/>\nDetailma\u00dfstab ausgestattet. Der Aktiv Guide informiert Sie rund um das Thema<br \/>\nOutdoor und die kostenlose App f\u00fcr unterwegs gibt es auch noch dazu. Das<br \/>\nbildet die perfekte Grundlage f\u00fcr die Planung einer Wandertour.<\/p>\n<p>Die pr\u00e4zise Kartografie zeigt alle begehbaren Wanderwege inklusive<br \/>\nKlassifizierung. Informationen wie Schwimmb\u00e4der, Klettersteige,<br \/>\nKinderspielpl\u00e4tze, H\u00fctten und vieles mehr sind in der Karte ebenfalls<br \/>\nenthalten. Dank der rei\u00df- und wetterfesten Papierqualit\u00e4t ist die Karte bei<br \/>\njedem Wetter ein treuer Begleiter.<\/p>\n<p>Das Zillertal geh\u00f6rt zu den bekanntesten und meistbesuchten Tourismusregionen<br \/>\nder Alpen.<br \/>\nDie Ferienregionen im Zillertal, wie F\u00fcgen, Kaltenbach mit der Zillertaler<br \/>\nH\u00f6henstra\u00dfe, die Zillertal Arena zwischen Zell am Ziller und dem Gerlospass,<br \/>\nden grandiosen Hochgebirgs-Naturpark Zillertaler Alpen im S\u00fcden von Mayrhofen<br \/>\nund Hippach sowie dasTuxer Tal mit seinem Gletscherskigebiet am Olperer bieten<br \/>\neine Vielfalt an Wanderm\u00f6glichkeiten an..<\/p>\n<p>Das Spektrum reicht vom gem\u00fctlichen und ebenen Talspaziergang \u00fcber Alm- und<br \/>\nBergwanderungen bis zu &#171;klassischen&#187; hochalpinen Gipfeltouren.<\/p>","protected":false},"excerpt":{"rendered":"<p>Blatt 37 Die 4in1 Wanderkarte ist jetzt noch \u00fcbersichtlicher und besser lesbar. Die Wanderkarten aus den Top-Wanderregionen sind mit einer zus\u00e4tzlichen Karte im Detailma\u00dfstab ausgestattet. Der Aktiv Guide informiert Sie rund um das Thema Outdoor und die kostenlose App f\u00fcr unterwegs gibt es auch noch dazu. Das bildet die perfekte Grundlage f\u00fcr die Planung einer [&#8230;]\n","protected":false},"featured_media":166089,"template":"","meta":[],"product_brand":[],"product_cat":[21543],"product_tag":[],"class_list":{"0":"post-146167","1":"product","2":"type-product","3":"status-publish","4":"has-post-thumbnail","6":"product_cat-landkarten","7":"pa_autor-kompass","8":"pa_erscheinungsjahr-27129","9":"pa_region-oesterreich","10":"pa_sprache-de","12":"first","13":"instock","14":"taxable","15":"shipping-taxable","16":"purchasable","17":"product-type-simple"},"_links":{"self":[{"href":"https:\/\/pizbube.ch\/en\/wp-json\/wp\/v2\/product\/146167","targetHints":{"allow":["GET"]}}],"collection":[{"href":"https:\/\/pizbube.ch\/en\/wp-json\/wp\/v2\/product"}],"about":[{"href":"https:\/\/pizbube.ch\/en\/wp-json\/wp\/v2\/types\/product"}],"wp:featuredmedia":[{"embeddable":true,"href":"https:\/\/pizbube.ch\/en\/wp-json\/wp\/v2\/media\/166089"}],"wp:attachment":[{"href":"https:\/\/pizbube.ch\/en\/wp-json\/wp\/v2\/media?parent=146167"}],"wp:term":[{"taxonomy":"product_brand","embeddable":true,"href":"https:\/\/pizbube.ch\/en\/wp-json\/wp\/v2\/product_brand?post=146167"},{"taxonomy":"product_cat","embeddable":true,"href":"https:\/\/pizbube.ch\/en\/wp-json\/wp\/v2\/product_cat?post=146167"},{"taxonomy":"product_tag","embeddable":true,"href":"https:\/\/pizbube.ch\/en\/wp-json\/wp\/v2\/product_tag?post=146167"}],"curies":[{"name":"wp","href":"https:\/\/api.w.org\/{rel}","templated":true}]}}